{"id":9610,"date":"2022-10-19T13:54:49","date_gmt":"2022-10-19T11:54:49","guid":{"rendered":"https:\/\/www.mercadosaries.com\/?page_id=9610"},"modified":"2022-10-28T10:41:16","modified_gmt":"2022-10-28T08:41:16","slug":"corvus","status":"publish","type":"page","link":"https:\/\/www.mai.group\/fr\/corvus\/","title":{"rendered":"Corvus"},"content":{"rendered":"<div data-elementor-type=\"wp-page\" data-elementor-id=\"9610\" class=\"elementor elementor-9610\" data-elementor-post-type=\"page\">\n\t\t\t\t\t\t<section class=\"elementor-section elementor-top-section elementor-element elementor-element-f9810b0 elementor-section-boxed elementor-section-height-default elementor-section-height-default\" data-id=\"f9810b0\" data-element_type=\"section\">\n\t\t\t\t\t\t<div class=\"elementor-container elementor-column-gap-default\">\n\t\t\t\t\t<div class=\"elementor-column elementor-col-100 elementor-top-column elementor-element elementor-element-44f13f5\" data-id=\"44f13f5\" data-element_type=\"column\">\n\t\t\t<div class=\"elementor-widget-wrap elementor-element-populated\">\n\t\t\t\t\t\t<div class=\"elementor-element elementor-element-27d6853 elementor-widget elementor-widget-heading\" data-id=\"27d6853\" data-element_type=\"widget\" data-widget_type=\"heading.default\">\n\t\t\t\t<div class=\"elementor-widget-container\">\n\t\t\t\t\t<h2 class=\"elementor-heading-title elementor-size-default\">Corvus.<\/h2>\t\t\t\t<\/div>\n\t\t\t\t<\/div>\n\t\t\t\t<div class=\"elementor-element elementor-element-2f22c56 elementor-widget elementor-widget-text-editor\" data-id=\"2f22c56\" data-element_type=\"widget\" data-widget_type=\"text-editor.default\">\n\t\t\t\t<div class=\"elementor-widget-container\">\n\t\t\t\t\t\t\t\t\t<div class=\"page\" title=\"Page 21\"><div class=\"section\"><div class=\"layoutArea\"><div class=\"column\"><p><strong>Corvus<\/strong> est une solution d&#039;intelligence de donn\u00e9es d\u00e9velopp\u00e9e par Mercados-Aries International pour le <strong>optimisation du mix \u00e9nerg\u00e9tique renouvelable comprenant les syst\u00e8mes de stockage par batteries<\/strong>.<\/p><\/div><\/div><div class=\"layoutArea\"><div class=\"column\"><ul><li>L&#039;outil <b>simule des solutions hybrides<\/b>, capturant de nouvelles opportunit\u00e9s dans le domaine des ressources \u00e9nerg\u00e9tiques et des BESS, puis <b>optimise le mix \u00e9nerg\u00e9tique<\/b>.<\/li><li>Le logiciel optimise\u00a0: 1. L&#039;\u00e9nergie photovolta\u00efque, 2. L&#039;\u00e9nergie \u00e9olienne, 3. La capacit\u00e9 BESS et 4. L&#039;\u00e9nergie BESS.<\/li><li>L\u2019outil d\u2019optimisation des installations hybrides s\u2019appuie sur diff\u00e9rents <b>KPI<\/b> tel que <b>LCoE et fermet\u00e9<\/b>. En outre, il g\u00e9n\u00e8re des cartes thermiques qui d\u00e9crivent la tendance des solutions optimales.<\/li><li>Flexible pour s&#039;adapter aux besoins du client en incluant des contraintes suppl\u00e9mentaires telles que les profils de prix de l&#039;\u00e9nergie, les exigences PPA, les exigences fonci\u00e8res.<\/li><li>Il offre une compr\u00e9hension claire et des perspectives pour diff\u00e9rentes solutions, <b>optimiser le mix \u00e9nerg\u00e9tique<\/b> et donc <b>maximiser les profits<\/b>.<\/li><\/ul><div class=\"page\" title=\"Page 21\"><div class=\"section\"><div class=\"layoutArea\"><div class=\"column\"><p>\u00a0<\/p><p>MAI a d\u00e9velopp\u00e9 un logiciel en Python\/Jupyter pour simuler des solutions Hybrides et optimiser les Mixes \u00c9nerg\u00e9tiques. Cela permet de saisir de nouvelles opportunit\u00e9s commerciales ainsi que de maximiser les profits.<\/p><\/div><\/div><\/div><\/div><\/div><\/div><\/div><\/div>\t\t\t\t\t\t\t\t<\/div>\n\t\t\t\t<\/div>\n\t\t\t\t\t<\/div>\n\t\t<\/div>\n\t\t\t\t\t<\/div>\n\t\t<\/section>\n\t\t\t\t<section class=\"elementor-section elementor-top-section elementor-element elementor-element-76d6ee64 elementor-section-boxed elementor-section-height-default elementor-section-height-default\" data-id=\"76d6ee64\" data-element_type=\"section\">\n\t\t\t\t\t\t<div class=\"elementor-container elementor-column-gap-default\">\n\t\t\t\t\t<div class=\"elementor-column elementor-col-100 elementor-top-column elementor-element elementor-element-23b25c00\" data-id=\"23b25c00\" data-element_type=\"column\">\n\t\t\t<div class=\"elementor-widget-wrap elementor-element-populated\">\n\t\t\t\t\t\t<div class=\"elementor-element elementor-element-5cd5ca49 elementor-widget elementor-widget-heading\" data-id=\"5cd5ca49\" data-element_type=\"widget\" data-widget_type=\"heading.default\">\n\t\t\t\t<div class=\"elementor-widget-container\">\n\t\t\t\t\t<h3 class=\"elementor-heading-title elementor-size-default\">Contactez-nous.<\/h3>\t\t\t\t<\/div>\n\t\t\t\t<\/div>\n\t\t\t\t<div class=\"elementor-element elementor-element-5033548e elementor-widget elementor-widget-text-editor\" data-id=\"5033548e\" data-element_type=\"widget\" data-widget_type=\"text-editor.default\">\n\t\t\t\t<div class=\"elementor-widget-container\">\n\t\t\t\t\t\t\t\t\t<p>N'h\u00e9sitez pas \u00e0 nous contacter pour n'importe quelle question ou demande d'information additionnelle.<\/p>\t\t\t\t\t\t\t\t<\/div>\n\t\t\t\t<\/div>\n\t\t\t\t<div class=\"elementor-element elementor-element-2a739210 elementor-align-center elementor-tablet-align-center elementor-widget elementor-widget-button\" data-id=\"2a739210\" data-element_type=\"widget\" data-widget_type=\"button.default\">\n\t\t\t\t<div class=\"elementor-widget-container\">\n\t\t\t\t\t\t\t\t\t<div class=\"elementor-button-wrapper\">\n\t\t\t\t\t<a class=\"elementor-button elementor-button-link elementor-size-sm\" href=\"\/fr\/contact\/\">\n\t\t\t\t\t\t<span class=\"elementor-button-content-wrapper\">\n\t\t\t\t\t\t\t\t\t<span class=\"elementor-button-text\">Contact<\/span>\n\t\t\t\t\t<\/span>\n\t\t\t\t\t<\/a>\n\t\t\t\t<\/div>\n\t\t\t\t\t\t\t\t<\/div>\n\t\t\t\t<\/div>\n\t\t\t\t\t<\/div>\n\t\t<\/div>\n\t\t\t\t\t<\/div>\n\t\t<\/section>\n\t\t\t\t<\/div>","protected":false},"excerpt":{"rendered":"<p>Corvus. Corvus is a data intelligence solution developed by Mercados-Aries International for the optimization of renewable energy mix that comprises batteries storage systems. The tool simulates hybrid solutions, capturing new opportunities along energy resources and BESS , and then optimizes the energy mix. The software optimizes: 1. PV Power, 2. Wind Power, 3. BESS Capacity [&hellip;]<\/p>\n","protected":false},"author":10,"featured_media":0,"parent":0,"menu_order":0,"comment_status":"closed","ping_status":"closed","template":"","meta":{"_acf_changed":false,"_seopress_robots_primary_cat":"","_seopress_titles_title":"","_seopress_titles_desc":"","_seopress_robots_index":"","footnotes":""},"class_list":["post-9610","page","type-page","status-publish","hentry"],"acf":[],"_links":{"self":[{"href":"https:\/\/www.mai.group\/fr\/wp-json\/wp\/v2\/pages\/9610","targetHints":{"allow":["GET"]}}],"collection":[{"href":"https:\/\/www.mai.group\/fr\/wp-json\/wp\/v2\/pages"}],"about":[{"href":"https:\/\/www.mai.group\/fr\/wp-json\/wp\/v2\/types\/page"}],"author":[{"embeddable":true,"href":"https:\/\/www.mai.group\/fr\/wp-json\/wp\/v2\/users\/10"}],"replies":[{"embeddable":true,"href":"https:\/\/www.mai.group\/fr\/wp-json\/wp\/v2\/comments?post=9610"}],"version-history":[{"count":0,"href":"https:\/\/www.mai.group\/fr\/wp-json\/wp\/v2\/pages\/9610\/revisions"}],"wp:attachment":[{"href":"https:\/\/www.mai.group\/fr\/wp-json\/wp\/v2\/media?parent=9610"}],"curies":[{"name":"wp","href":"https:\/\/api.w.org\/{rel}","templated":true}]}}