{"id":8120,"date":"2022-09-26T19:35:36","date_gmt":"2022-09-26T17:35:36","guid":{"rendered":"https:\/\/www.mercadosaries.com\/?page_id=8120"},"modified":"2024-05-03T11:56:58","modified_gmt":"2024-05-03T09:56:58","slug":"water","status":"publish","type":"page","link":"https:\/\/www.mai.group\/fr\/water\/","title":{"rendered":"Eau"},"content":{"rendered":"<div data-elementor-type=\"wp-page\" data-elementor-id=\"8120\" class=\"elementor elementor-8120\" data-elementor-post-type=\"page\">\n\t\t\t\t<div class=\"elementor-element elementor-element-b658828 e-con-full e-flex e-con e-parent\" data-id=\"b658828\" data-element_type=\"container\">\n\t\t<div data-dce-background-image-url=\"https:\/\/www.mai.group\/wp-content\/uploads\/2021\/02\/Water3-scaled.jpg\" class=\"elementor-element elementor-element-9ad261f e-con-full e-flex e-con e-child\" data-id=\"9ad261f\" data-element_type=\"container\" data-settings=\"{&quot;background_background&quot;:&quot;classic&quot;}\">\n\t\t\t\t<div class=\"elementor-element elementor-element-d30afdf elementor-widget elementor-widget-spacer\" data-id=\"d30afdf\" data-element_type=\"widget\" data-widget_type=\"spacer.default\">\n\t\t\t\t<div class=\"elementor-widget-container\">\n\t\t\t\t\t\t\t<div class=\"elementor-spacer\">\n\t\t\t<div class=\"elementor-spacer-inner\"><\/div>\n\t\t<\/div>\n\t\t\t\t\t\t<\/div>\n\t\t\t\t<\/div>\n\t\t\t\t<\/div>\n\t\t<div class=\"elementor-element elementor-element-ac0465c e-con-full e-flex e-con e-child\" data-id=\"ac0465c\" data-element_type=\"container\" data-settings=\"{&quot;background_background&quot;:&quot;classic&quot;}\">\n\t\t\t\t<div class=\"elementor-element elementor-element-0e75d8e elementor-widget elementor-widget-heading\" data-id=\"0e75d8e\" data-element_type=\"widget\" data-widget_type=\"heading.default\">\n\t\t\t\t<div class=\"elementor-widget-container\">\n\t\t\t\t\t<h1 class=\"elementor-heading-title elementor-size-default\">Eau<\/h1>\t\t\t\t<\/div>\n\t\t\t\t<\/div>\n\t\t\t\t<div class=\"elementor-element elementor-element-56d431e elementor-widget elementor-widget-text-editor\" data-id=\"56d431e\" data-element_type=\"widget\" data-widget_type=\"text-editor.default\">\n\t\t\t\t<div class=\"elementor-widget-container\">\n\t\t\t\t\t\t\t\t\t<p>En tant que secteur important pour le d\u00e9veloppement d'un pays, le secteur de l'eau constitue un \u00e9l\u00e9ment cl\u00e9 pour un avenir durable, car l'eau est une ressource rare dans de nombreux endroits alors que la population augmente rapidement.\u00a0<\/p><p><strong>MAI<\/strong> propose actuellement des services de conseil et d'ing\u00e9nierie sur l'ensemble du cycle de l'eau, y compris des \u00e9tudes de faisabilit\u00e9, du conseil technique, de l'assistance aux appels d'offres et de la gestion de projet (FIDIC ou similaire). En int\u00e9grant\u00a0<strong>Gesambiente, <\/strong>nous visons \u00e0 renforcer nos comp\u00e9tences et nos capacit\u00e9s dans ce secteur.\u00a0<\/p><p>Dans le domaine du <b>Traitement et de l'approvisionnement<\/b>, nous fournissons au client des services qui couvrent toutes les phases des projets d'eau municipal et industriel : \u00e9tudes de faisabilit\u00e9, \u00e9tudes de processus, conception d\u00e9taill\u00e9e, gestion de construction et services de mise en service.<\/p><p><b>Dessalement<\/b> les services comprennent une expertise dans la recherche de processus d&#039;osmose inverse \u00e9conomes en \u00e9nergie, offrant des services d&#039;ing\u00e9nierie et de conseil depuis la conception jusqu&#039;\u00e0 l&#039;ing\u00e9nierie telle que construite.\u00a0<\/p><p><b>Eaux us\u00e9es<\/b> est devenu un domaine cl\u00e9 car il y a un int\u00e9r\u00eat croissant pour <b>r\u00e9utiliser <\/b>Eaux us\u00e9es. \u00c0 cet \u00e9gard, nos experts fournissent non seulement au client la solution technique la mieux adapt\u00e9e pour le traitement et l&#039;\u00e9limination finale des d\u00e9chets g\u00e9n\u00e9r\u00e9s tout au long du processus, mais \u00e9galement une exp\u00e9rience dans l&#039;\u00e9valuation technique et commerciale de la r\u00e9utilisation potentielle comme <b>tertiaire<\/b> traitement pour l&#039;irrigation et m\u00eame, si disponible, pour un usage industriel.<\/p>\t\t\t\t\t\t\t\t<\/div>\n\t\t\t\t<\/div>\n\t\t\t\t<\/div>\n\t\t\t\t<\/div>\n\t\t<div class=\"elementor-element elementor-element-7ca4f24 e-flex e-con-boxed e-con e-parent\" data-id=\"7ca4f24\" data-element_type=\"container\" data-settings=\"{&quot;background_background&quot;:&quot;classic&quot;}\">\n\t\t\t\t\t<div class=\"e-con-inner\">\n\t\t<div class=\"elementor-element elementor-element-f34343b e-con-full e-flex e-con e-child\" data-id=\"f34343b\" data-element_type=\"container\">\n\t\t\t\t<div class=\"elementor-element elementor-element-1ff1312 elementor-widget elementor-widget-heading\" data-id=\"1ff1312\" data-element_type=\"widget\" data-widget_type=\"heading.default\">\n\t\t\t\t<div class=\"elementor-widget-container\">\n\t\t\t\t\t<h2 class=\"elementor-heading-title elementor-size-default\">Nos services en eau<\/h2>\t\t\t\t<\/div>\n\t\t\t\t<\/div>\n\t\t\t\t<div class=\"elementor-element elementor-element-1efc83e elementor-widget elementor-widget-html\" data-id=\"1efc83e\" data-element_type=\"widget\" data-widget_type=\"html.default\">\n\t\t\t\t<div class=\"elementor-widget-container\">\n\t\t\t\t\t<script>\njQuery(document).ready(function($) {\nvar delay = 100; setTimeout(function() {\n$('.elementor-tab-title').removeClass('elementor-active');\n $('.elementor-tab-content').css('display', 'none'); }, delay);\n});\n<\/script>\t\t\t\t<\/div>\n\t\t\t\t<\/div>\n\t\t\t\t<div class=\"elementor-element elementor-element-b9de337 elementor-widget elementor-widget-accordion\" data-id=\"b9de337\" data-element_type=\"widget\" data-widget_type=\"accordion.default\">\n\t\t\t\t<div class=\"elementor-widget-container\">\n\t\t\t\t\t\t\t<div class=\"elementor-accordion\">\n\t\t\t\t\t\t\t<div class=\"elementor-accordion-item\">\n\t\t\t\t\t<div id=\"elementor-tab-title-1941\" class=\"elementor-tab-title\" data-tab=\"1\" role=\"button\" aria-controls=\"elementor-tab-content-1941\" aria-expanded=\"false\">\n\t\t\t\t\t\t\t\t\t\t\t\t\t<span class=\"elementor-accordion-icon elementor-accordion-icon-right\" aria-hidden=\"true\">\n\t\t\t\t\t\t\t\t\t\t\t\t\t\t\t<span class=\"elementor-accordion-icon-closed\"><i class=\"fas fa-plus\"><\/i><\/span>\n\t\t\t\t\t\t\t\t<span class=\"elementor-accordion-icon-opened\"><i class=\"fas fa-minus\"><\/i><\/span>\n\t\t\t\t\t\t\t\t\t\t\t\t\t\t<\/span>\n\t\t\t\t\t\t\t\t\t\t\t\t<a class=\"elementor-accordion-title\" tabindex=\"0\">Traitement et approvisionnement<\/a>\n\t\t\t\t\t<\/div>\n\t\t\t\t\t<div id=\"elementor-tab-content-1941\" class=\"elementor-tab-content elementor-clearfix\" data-tab=\"1\" role=\"region\" aria-labelledby=\"elementor-tab-title-1941\"><ul><li><b>Etudes Techniques<\/b><ul><li>\u00c9tudes de faisabilit\u00e9<\/li><li>Analyse technique<\/li><li>Conseiller technique du pr\u00eateur (LTA)<\/li><li>Conception d\u00e9taill\u00e9e<\/li><li>Projets de construction<\/li><li>Pollution de l'air<\/li><li>Optimisation et efficacit\u00e9 \u00e9nerg\u00e9tique<\/li><\/ul><\/li><\/ul><ul><li><b>Gestion de projet<\/b><ul><li>Soutien aux appels d\u2019offres et aux contrats<\/li><li>\u00c9laboration des dossiers d&#039;appel d&#039;offres (RFP, Contrats)<\/li><li>Examen complet de la conception technique<\/li><li>Ing\u00e9nieur ind\u00e9pendant et propri\u00e9taire<\/li><li>Ing\u00e9nieur d'exploitation (OE)<\/li><li>Gestion CPE<\/li><li>Ing\u00e9nieur FIDIC<\/li><li>Supervision de la construction et de la mise en service<\/li><\/ul><\/li><\/ul><ul><li><b>Autres services<\/b><ul><li>Renforcement des capacit\u00e9s<\/li><li>Etudes Techniques Tarifaires<\/li><li>Gestion d&#039;actifs<\/li><\/ul><\/li><\/ul><\/div>\n\t\t\t\t<\/div>\n\t\t\t\t\t\t\t<div class=\"elementor-accordion-item\">\n\t\t\t\t\t<div id=\"elementor-tab-title-1942\" class=\"elementor-tab-title\" data-tab=\"2\" role=\"button\" aria-controls=\"elementor-tab-content-1942\" aria-expanded=\"false\">\n\t\t\t\t\t\t\t\t\t\t\t\t\t<span class=\"elementor-accordion-icon elementor-accordion-icon-right\" aria-hidden=\"true\">\n\t\t\t\t\t\t\t\t\t\t\t\t\t\t\t<span class=\"elementor-accordion-icon-closed\"><i class=\"fas fa-plus\"><\/i><\/span>\n\t\t\t\t\t\t\t\t<span class=\"elementor-accordion-icon-opened\"><i class=\"fas fa-minus\"><\/i><\/span>\n\t\t\t\t\t\t\t\t\t\t\t\t\t\t<\/span>\n\t\t\t\t\t\t\t\t\t\t\t\t<a class=\"elementor-accordion-title\" tabindex=\"0\">Dessalement<\/a>\n\t\t\t\t\t<\/div>\n\t\t\t\t\t<div id=\"elementor-tab-content-1942\" class=\"elementor-tab-content elementor-clearfix\" data-tab=\"2\" role=\"region\" aria-labelledby=\"elementor-tab-title-1942\"><ul><li><b>Etudes Techniques<\/b><ul><li>\u00c9tudes de faisabilit\u00e9<\/li><li>Analyse technique<\/li><li>Conseiller technique du pr\u00eateur (LTA)<\/li><li>Conceptions d\u00e9taill\u00e9es<\/li><li>Projets de construction<\/li><li>Optimisation et efficacit\u00e9 \u00e9nerg\u00e9tique<\/li><\/ul><\/li><\/ul><ul><li><b>Gestion de projet<\/b><ul><li>Soutien aux appels d\u2019offres et aux contrats<\/li><li>\u00c9laboration des dossiers d&#039;appel d&#039;offres (RFP, Contrats)<\/li><li>Examen complet de la conception technique<\/li><li>Ing\u00e9nieur ind\u00e9pendant et propri\u00e9taire<\/li><li>Ing\u00e9nieur d'exploitation (OE)<\/li><li>Gestion CPE<\/li><li>Ing\u00e9nieur FIDIC<\/li><li>Supervision de la construction et de la mise en service<\/li><\/ul><\/li><\/ul><ul><li><b>Autres services<\/b><ul><li>Renforcement des capacit\u00e9s<\/li><li>Etudes Techniques Tarifaires<\/li><li>Gestion d&#039;actifs<\/li><\/ul><\/li><\/ul><\/div>\n\t\t\t\t<\/div>\n\t\t\t\t\t\t\t<div class=\"elementor-accordion-item\">\n\t\t\t\t\t<div id=\"elementor-tab-title-1943\" class=\"elementor-tab-title\" data-tab=\"3\" role=\"button\" aria-controls=\"elementor-tab-content-1943\" aria-expanded=\"false\">\n\t\t\t\t\t\t\t\t\t\t\t\t\t<span class=\"elementor-accordion-icon elementor-accordion-icon-right\" aria-hidden=\"true\">\n\t\t\t\t\t\t\t\t\t\t\t\t\t\t\t<span class=\"elementor-accordion-icon-closed\"><i class=\"fas fa-plus\"><\/i><\/span>\n\t\t\t\t\t\t\t\t<span class=\"elementor-accordion-icon-opened\"><i class=\"fas fa-minus\"><\/i><\/span>\n\t\t\t\t\t\t\t\t\t\t\t\t\t\t<\/span>\n\t\t\t\t\t\t\t\t\t\t\t\t<a class=\"elementor-accordion-title\" tabindex=\"0\">Stations d'\u00e9puration des eaux us\u00e9es<\/a>\n\t\t\t\t\t<\/div>\n\t\t\t\t\t<div id=\"elementor-tab-content-1943\" class=\"elementor-tab-content elementor-clearfix\" data-tab=\"3\" role=\"region\" aria-labelledby=\"elementor-tab-title-1943\"><ul><li><b>Etudes Techniques<\/b><ul><li>\u00c9tudes de faisabilit\u00e9<\/li><li>Analyse technique<\/li><li>Conseiller technique du pr\u00eateur (LTA)<\/li><li>Conceptions d\u00e9taill\u00e9es<\/li><li>Projets de construction<\/li><li>Usage Tertiaire<\/li><li>Pollution de l'air<\/li><li>Optimisation et efficacit\u00e9 \u00e9nerg\u00e9tique<\/li><\/ul><\/li><\/ul><ul><li><b>Gestion de projet<\/b><ul><li>Soutien aux appels d\u2019offres et aux contrats<\/li><li>\u00c9laboration des dossiers d&#039;appel d&#039;offres (RFP, Contrats)<\/li><li>Examen complet de la conception technique<\/li><li>Ing\u00e9nieur ind\u00e9pendant et propri\u00e9taire<\/li><li>Ing\u00e9nieur d'exploitation (OE)<\/li><li>Gestion CPE<\/li><li>Ing\u00e9nieur FIDIC<\/li><li>Supervision de la construction et de la mise en service<\/li><li>V\u00e9rification du projet<\/li><\/ul><\/li><\/ul><ul><li><b>Autres services<\/b><ul><li>Renforcement des capacit\u00e9s<\/li><li>Etudes Techniques Tarifaires<\/li><li>Gestion d&#039;actifs<\/li><\/ul><\/li><\/ul><\/div>\n\t\t\t\t<\/div>\n\t\t\t\t\t\t\t\t<\/div>\n\t\t\t\t\t\t<\/div>\n\t\t\t\t<\/div>\n\t\t\t\t<\/div>\n\t\t\t\t\t<\/div>\n\t\t\t\t<\/div>\n\t\t<div class=\"elementor-element elementor-element-6f5d34e9 e-flex e-con-boxed e-con e-parent\" data-id=\"6f5d34e9\" data-element_type=\"container\">\n\t\t\t\t\t<div class=\"e-con-inner\">\n\t\t<div class=\"elementor-element elementor-element-275c9abc e-con-full e-flex e-con e-child\" data-id=\"275c9abc\" data-element_type=\"container\">\n\t\t\t\t<div class=\"elementor-element elementor-element-7363dd70 elementor-widget elementor-widget-text-editor\" data-id=\"7363dd70\" data-element_type=\"widget\" data-widget_type=\"text-editor.default\">\n\t\t\t\t<div class=\"elementor-widget-container\">\n\t\t\t\t\t\t\t\t\tNous aidons nos clients \u00e0 am\u00e9liorer la gestion de l&#039;eau en fournissant des services de conseil et d&#039;ing\u00e9nierie sur l&#039;ensemble du cycle de l&#039;eau, y compris des \u00e9tudes de faisabilit\u00e9, des conseils techniques, une assistance aux appels d&#039;offres et une gestion de projet. Notre \u00e9quipe d&#039;experts qualifi\u00e9s peut fournir des solutions aux projets de traitement et d&#039;approvisionnement, de dessalement et d&#039;eaux us\u00e9es, y compris la r\u00e9utilisation des eaux us\u00e9es trait\u00e9es. \t\t\t\t\t\t\t\t<\/div>\n\t\t\t\t<\/div>\n\t\t\t\t<div class=\"elementor-element elementor-element-e77d357 elementor-align-center elementor-widget elementor-widget-button\" data-id=\"e77d357\" data-element_type=\"widget\" id=\"button-cases\" data-widget_type=\"button.default\">\n\t\t\t\t<div class=\"elementor-widget-container\">\n\t\t\t\t\t\t\t\t\t<div class=\"elementor-button-wrapper\">\n\t\t\t\t\t<a class=\"elementor-button elementor-button-link elementor-size-sm\" href=\"#\" id=\"bu\">\n\t\t\t\t\t\t<span class=\"elementor-button-content-wrapper\">\n\t\t\t\t\t\t\t\t\t<span class=\"elementor-button-text\">Contact<\/span>\n\t\t\t\t\t<\/span>\n\t\t\t\t\t<\/a>\n\t\t\t\t<\/div>\n\t\t\t\t\t\t\t\t<\/div>\n\t\t\t\t<\/div>\n\t\t\t\t<div class=\"dce-visibility-element-hidden dce-visibility-original-content dce-visibility-event elementor-element elementor-element-1c70c17 pag-contacto elementor-widget elementor-widget-htcontactform-addons\" data-id=\"1c70c17\" data-element_type=\"widget\" data-settings=\"{&quot;enabled_visibility&quot;:&quot;yes&quot;,&quot;dce_visibility_click&quot;:&quot;#button-cases&quot;,&quot;dce_visibility_click_show&quot;:&quot;slide&quot;,&quot;dce_visibility_click_toggle&quot;:&quot;yes&quot;,&quot;dce_visibility_selected&quot;:&quot;yes&quot;,&quot;dce_visibility_event&quot;:&quot;click&quot;,&quot;dce_visibility_event_transition_delay&quot;:400}\" data-widget_type=\"htcontactform-addons.default\">\n\t\t\t\t<div class=\"elementor-widget-container\">\n\t\t\t\t\t            <div class=\"htcontact-form-wrapper\" >\n                \n<div class=\"wpcf7 no-js\" id=\"wpcf7-f6676-o1\" lang=\"es-ES\" dir=\"ltr\" data-wpcf7-id=\"6676\">\n<div class=\"screen-reader-response\"><p role=\"status\" aria-live=\"polite\" aria-atomic=\"true\"><\/p> <ul><\/ul><\/div>\n<form action=\"\/fr\/wp-json\/wp\/v2\/pages\/8120#wpcf7-f6676-o1\" method=\"post\" class=\"wpcf7-form init\" aria-label=\"Formulaire de contact\" novalidate=\"novalidate\" data-status=\"init\" data-trp-original-action=\"\/fr\/wp-json\/wp\/v2\/pages\/8120#wpcf7-f6676-o1\">\n<fieldset class=\"hidden-fields-container\"><input type=\"hidden\" name=\"_wpcf7\" value=\"6676\" \/><input type=\"hidden\" name=\"_wpcf7_version\" value=\"6.1.5\" \/><input type=\"hidden\" name=\"_wpcf7_locale\" value=\"es_ES\" \/><input type=\"hidden\" name=\"_wpcf7_unit_tag\" value=\"wpcf7-f6676-o1\" \/><input type=\"hidden\" name=\"_wpcf7_container_post\" value=\"0\" \/><input type=\"hidden\" name=\"_wpcf7_posted_data_hash\" value=\"\" \/><input type=\"hidden\" name=\"_extcf7_conditional_options\" value=\"{&quot;form_id&quot;:6676,&quot;conditions&quot;:[]}\" \/><input type=\"hidden\" name=\"_extcf7_redirect_options\" value=\"{&quot;form_id&quot;:6676,&quot;redirect_options&quot;:{&quot;redirection_enable&quot;:&quot;off&quot;,&quot;custom_url_enable&quot;:&quot;off&quot;,&quot;redirect_page&quot;:&quot;&quot;,&quot;custom_urle&quot;:&quot;&quot;,&quot;redirect_new_tab&quot;:&quot;off&quot;,&quot;js_action&quot;:&quot;off&quot;,&quot;javascript_code&quot;:&quot;&quot;}}\" \/>\n<\/fieldset>\n<div class=\"wpcf7-turnstile cf-turnstile\" data-sitekey=\"0x4AAAAAAAFby3Zrs-l9qShj\" data-response-field-name=\"_wpcf7_turnstile_response\"><\/div>\n\n<p><span class=\"wpcf7-form-control-wrap\" data-name=\"your-name\"><input size=\"40\" maxlength=\"400\" class=\"wpcf7-form-control wpcf7-text wpcf7-validates-as-required uno\" aria-required=\"true\" aria-invalid=\"false\" placeholder=\"Nom*\" value=\"\" type=\"text\" name=\"your-name\" \/><\/span><span class=\"wpcf7-form-control-wrap\" data-name=\"text-616\"><input size=\"40\" maxlength=\"400\" class=\"wpcf7-form-control wpcf7-text dos\" aria-invalid=\"false\" placeholder=\"Entreprise\" value=\"\" type=\"text\" name=\"text-616\" \/><\/span><span class=\"wpcf7-form-control-wrap\" data-name=\"tel-267\"><input size=\"40\" maxlength=\"400\" class=\"wpcf7-form-control wpcf7-tel wpcf7-validates-as-required wpcf7-text wpcf7-validates-as-tel tres\" aria-required=\"true\" aria-invalid=\"false\" placeholder=\"T\u00e9l\u00e9phone*\" value=\"\" type=\"tel\" name=\"tel-267\" \/><\/span><span class=\"wpcf7-form-control-wrap\" data-name=\"your-email\"><input size=\"40\" maxlength=\"400\" class=\"wpcf7-form-control wpcf7-email wpcf7-validates-as-required wpcf7-text wpcf7-validates-as-email cua\" aria-required=\"true\" aria-invalid=\"false\" placeholder=\"E-mail*\" value=\"\" type=\"email\" name=\"your-email\" \/><\/span><span class=\"wpcf7-form-control-wrap\" data-name=\"your-message\"><textarea cols=\"40\" rows=\"10\" maxlength=\"2000\" class=\"wpcf7-form-control wpcf7-textarea cin\" aria-invalid=\"false\" placeholder=\"Message\" name=\"your-message\"><\/textarea><\/span><br \/>\n<span class=\"wpcf7-form-control-wrap\" data-name=\"acceptance-339\"><span class=\"wpcf7-form-control wpcf7-acceptance\"><span class=\"wpcf7-list-item\"><input type=\"checkbox\" name=\"acceptance-339\" value=\"1\" id=\"accept\" aria-invalid=\"false\" \/><\/span><\/span><\/span><label for=\"accept\">J&#039;ai lu et j&#039;accepte le <a href=\"\/fr\/privacy-policy\/\" target=\"_blank\">politique de confidentialit\u00e9<\/a> et <a href=\"\/fr\/legal-notice\/\" target=\"_blank\">Mention l\u00e9gale<\/a><\/label><input class=\"wpcf7-form-control wpcf7-submit has-spinner\" type=\"submit\" value=\"Envoyer\" \/>\n<\/p><div class=\"wpcf7-response-output\" aria-hidden=\"true\"><\/div>\n<input type=\"hidden\" name=\"trp-form-language\" value=\"fr\"\/><\/form>\n<\/div>\n            <\/div>\n\n        \t\t\t\t<\/div>\n\t\t\t\t<\/div>\n\t\t\t\t<\/div>\n\t\t\t\t\t<\/div>\n\t\t\t\t<\/div>\n\t\t<div class=\"elementor-element elementor-element-1cb3a337 e-flex e-con-boxed e-con e-parent\" data-id=\"1cb3a337\" data-element_type=\"container\" data-settings=\"{&quot;background_background&quot;:&quot;classic&quot;}\">\n\t\t\t\t\t<div class=\"e-con-inner\">\n\t\t<div class=\"elementor-element elementor-element-470b71bc e-con-full e-flex e-con e-child\" data-id=\"470b71bc\" data-element_type=\"container\">\n\t\t\t\t<div class=\"elementor-element elementor-element-24cd358f elementor-widget elementor-widget-heading\" data-id=\"24cd358f\" data-element_type=\"widget\" data-widget_type=\"heading.default\">\n\t\t\t\t<div class=\"elementor-widget-container\">\n\t\t\t\t\t<h2 class=\"elementor-heading-title elementor-size-default\">Construire l&#039;avenir<\/h2>\t\t\t\t<\/div>\n\t\t\t\t<\/div>\n\t\t\t\t<div class=\"elementor-element elementor-element-1d25a564 elementor-widget elementor-widget-heading\" data-id=\"1d25a564\" data-element_type=\"widget\" data-widget_type=\"heading.default\">\n\t\t\t\t<div class=\"elementor-widget-container\">\n\t\t\t\t\t<h3 class=\"elementor-heading-title elementor-size-default\">Plus de 250 professionnels accompagnent nos clients pour concr\u00e9tiser leurs projets.<\/h3>\t\t\t\t<\/div>\n\t\t\t\t<\/div>\n\t\t\t\t<div class=\"elementor-element elementor-element-454c7c7a elementor-widget elementor-widget-button\" data-id=\"454c7c7a\" data-element_type=\"widget\" data-widget_type=\"button.default\">\n\t\t\t\t<div class=\"elementor-widget-container\">\n\t\t\t\t\t\t\t\t\t<div class=\"elementor-button-wrapper\">\n\t\t\t\t\t<a class=\"elementor-button elementor-button-link elementor-size-sm\" href=\"\/fr\/about-us\/\">\n\t\t\t\t\t\t<span class=\"elementor-button-content-wrapper\">\n\t\t\t\t\t\t\t\t\t<span class=\"elementor-button-text\">\u00c0 propos de nous<\/span>\n\t\t\t\t\t<\/span>\n\t\t\t\t\t<\/a>\n\t\t\t\t<\/div>\n\t\t\t\t\t\t\t\t<\/div>\n\t\t\t\t<\/div>\n\t\t\t\t<\/div>\n\t\t\t\t\t<\/div>\n\t\t\t\t<\/div>\n\t\t\t\t<\/div>","protected":false},"excerpt":{"rendered":"<p>Water As an important sector for a country&#8217;s development, the Water sector constitutes a key element for a sustainable future as the source of water is scarce in many places meanwhile population grows rapidly.\u00a0 MAI currently offers consulting and engineering services in the whole water cycle including feasibility studies, technical advisory, tendering support and Project [&hellip;]<\/p>\n","protected":false},"author":10,"featured_media":0,"parent":0,"menu_order":3,"comment_status":"closed","ping_status":"closed","template":"","meta":{"_acf_changed":false,"_seopress_robots_primary_cat":"","_seopress_titles_title":"","_seopress_titles_desc":"","_seopress_robots_index":"","footnotes":""},"class_list":["post-8120","page","type-page","status-publish","hentry"],"acf":[],"_links":{"self":[{"href":"https:\/\/www.mai.group\/fr\/wp-json\/wp\/v2\/pages\/8120","targetHints":{"allow":["GET"]}}],"collection":[{"href":"https:\/\/www.mai.group\/fr\/wp-json\/wp\/v2\/pages"}],"about":[{"href":"https:\/\/www.mai.group\/fr\/wp-json\/wp\/v2\/types\/page"}],"author":[{"embeddable":true,"href":"https:\/\/www.mai.group\/fr\/wp-json\/wp\/v2\/users\/10"}],"replies":[{"embeddable":true,"href":"https:\/\/www.mai.group\/fr\/wp-json\/wp\/v2\/comments?post=8120"}],"version-history":[{"count":3,"href":"https:\/\/www.mai.group\/fr\/wp-json\/wp\/v2\/pages\/8120\/revisions"}],"predecessor-version":[{"id":14072,"href":"https:\/\/www.mai.group\/fr\/wp-json\/wp\/v2\/pages\/8120\/revisions\/14072"}],"wp:attachment":[{"href":"https:\/\/www.mai.group\/fr\/wp-json\/wp\/v2\/media?parent=8120"}],"curies":[{"name":"wp","href":"https:\/\/api.w.org\/{rel}","templated":true}]}}