{"id":56,"date":"2019-11-18T09:58:30","date_gmt":"2019-11-18T08:58:30","guid":{"rendered":"https:\/\/www.mercadosaries.com\/?page_id=56"},"modified":"2025-07-17T09:15:23","modified_gmt":"2025-07-17T07:15:23","slug":"careers","status":"publish","type":"page","link":"https:\/\/www.mai.group\/fr\/careers\/","title":{"rendered":"Carri\u00e8res"},"content":{"rendered":"<div data-elementor-type=\"wp-page\" data-elementor-id=\"56\" class=\"elementor elementor-56\" data-elementor-post-type=\"page\">\n\t\t\t\t\t\t<section class=\"elementor-section elementor-top-section elementor-element elementor-element-c557547 elementor-section-full_width elementor-section-height-min-height elementor-section-items-stretch elementor-section-height-default\" data-id=\"c557547\" data-element_type=\"section\">\n\t\t\t\t\t\t<div class=\"elementor-container elementor-column-gap-default\">\n\t\t\t\t\t<div data-dce-background-image-url=\"https:\/\/www.mai.group\/wp-content\/uploads\/2020\/03\/mai-imagen_careers.jpg\" class=\"elementor-column elementor-col-50 elementor-top-column elementor-element elementor-element-12f228d\" data-id=\"12f228d\" data-element_type=\"column\" data-settings=\"{&quot;background_background&quot;:&quot;classic&quot;}\">\n\t\t\t<div class=\"elementor-widget-wrap elementor-element-populated\">\n\t\t\t\t\t\t<div class=\"elementor-element elementor-element-d924812 elementor-widget elementor-widget-spacer\" data-id=\"d924812\" data-element_type=\"widget\" data-widget_type=\"spacer.default\">\n\t\t\t\t<div class=\"elementor-widget-container\">\n\t\t\t\t\t\t\t<div class=\"elementor-spacer\">\n\t\t\t<div class=\"elementor-spacer-inner\"><\/div>\n\t\t<\/div>\n\t\t\t\t\t\t<\/div>\n\t\t\t\t<\/div>\n\t\t\t\t\t<\/div>\n\t\t<\/div>\n\t\t\t\t<div class=\"elementor-column elementor-col-50 elementor-top-column elementor-element elementor-element-beebefa\" data-id=\"beebefa\" data-element_type=\"column\">\n\t\t\t<div class=\"elementor-widget-wrap elementor-element-populated\">\n\t\t\t\t\t\t<div class=\"elementor-element elementor-element-b6a85e7 elementor-widget elementor-widget-heading\" data-id=\"b6a85e7\" data-element_type=\"widget\" data-widget_type=\"heading.default\">\n\t\t\t\t<div class=\"elementor-widget-container\">\n\t\t\t\t\t<h1 class=\"elementor-heading-title elementor-size-default\">Rejoignez nous!<\/h1>\t\t\t\t<\/div>\n\t\t\t\t<\/div>\n\t\t\t\t<div class=\"elementor-element elementor-element-37bc6b7 elementor-widget elementor-widget-text-editor\" data-id=\"37bc6b7\" data-element_type=\"widget\" data-widget_type=\"text-editor.default\">\n\t\t\t\t<div class=\"elementor-widget-container\">\n\t\t\t\t\t\t\t\t\t<p><strong>MAI<\/strong> est constamment \u00e0 la recherche de nouveaux talents afin de renforcer son \u00e9quipe internationale. Que ce soit pour des missions sp\u00e9cifiques ou pour des contrats \u00e0 long terme, MAI mobilise des \u00e9conomistes, des ing\u00e9nieurs, mais aussi des experts financiers, juridiques, en mod\u00e9lisation, environnementaux.<\/p><p>Si vous souhaitez rejoindre une \u00e9quipe multiculturelle, travailler sur des projets internationaux et contribuer \u00e0 b\u00e2tir un monde meilleur, n&#039;h\u00e9sitez pas \u00e0 nous contacter et laisser vos coordonn\u00e9es.<\/p>\t\t\t\t\t\t\t\t<\/div>\n\t\t\t\t<\/div>\n\t\t\t\t<div class=\"elementor-element elementor-element-e392c87 elementor-widget elementor-widget-button\" data-id=\"e392c87\" data-element_type=\"widget\" data-widget_type=\"button.default\">\n\t\t\t\t<div class=\"elementor-widget-container\">\n\t\t\t\t\t\t\t\t\t<div class=\"elementor-button-wrapper\">\n\t\t\t\t\t<a class=\"elementor-button elementor-button-link elementor-size-sm\" href=\"https:\/\/www.mai.group\/wp-content\/uploads\/2023\/06\/Corporate-Presentation_2023_MAI.pdf\" target=\"_blank\">\n\t\t\t\t\t\t<span class=\"elementor-button-content-wrapper\">\n\t\t\t\t\t\t\t\t\t<span class=\"elementor-button-text\">T\u00e9l\u00e9charger la pr\u00e9sentation<\/span>\n\t\t\t\t\t<\/span>\n\t\t\t\t\t<\/a>\n\t\t\t\t<\/div>\n\t\t\t\t\t\t\t\t<\/div>\n\t\t\t\t<\/div>\n\t\t\t\t<div class=\"elementor-element elementor-element-622c39b elementor-widget elementor-widget-text-editor\" data-id=\"622c39b\" data-element_type=\"widget\" data-widget_type=\"text-editor.default\">\n\t\t\t\t<div class=\"elementor-widget-container\">\n\t\t\t\t\t\t\t\t\t<p><strong>Pourquoi rejoindre MAI?<\/strong><\/p><p>MAI s&#039;efforce d&#039;attirer les meilleurs talents nationaux et internationaux. Nous proposons un programme d&#039;avantages sociaux complet comprenant une politique de salaires et de primes comp\u00e9titive, une assurance maladie priv\u00e9e, un parcours de carri\u00e8re attractif et, bien s\u00fbr, des horaires de travail flexibles.<\/p><p>En rejoignant notre \u00e9quipe de professionnels internationaux, engag\u00e9s et sympathiques, vous acc\u00e9derez \u00e0 d\u2019incroyables options de mentorat et de formation pour booster votre carri\u00e8re professionnelle.<\/p>\t\t\t\t\t\t\t\t<\/div>\n\t\t\t\t<\/div>\n\t\t\t\t\t<\/div>\n\t\t<\/div>\n\t\t\t\t\t<\/div>\n\t\t<\/section>\n\t\t\t\t<section class=\"elementor-section elementor-top-section elementor-element elementor-element-7087e04 elementor-section-boxed elementor-section-height-default elementor-section-height-default\" data-id=\"7087e04\" data-element_type=\"section\" data-settings=\"{&quot;background_background&quot;:&quot;classic&quot;}\">\n\t\t\t\t\t\t<div class=\"elementor-container elementor-column-gap-default\">\n\t\t\t\t\t<div class=\"elementor-column elementor-col-100 elementor-top-column elementor-element elementor-element-201f625\" data-id=\"201f625\" data-element_type=\"column\">\n\t\t\t<div class=\"elementor-widget-wrap elementor-element-populated\">\n\t\t\t\t\t\t<div data-dce-title-color=\"#007447\" class=\"elementor-element elementor-element-294235e elementor-widget__width-initial elementor-widget elementor-widget-heading\" data-id=\"294235e\" data-element_type=\"widget\" data-widget_type=\"heading.default\">\n\t\t\t\t<div class=\"elementor-widget-container\">\n\t\t\t\t\t<h2 class=\"elementor-heading-title elementor-size-default\">Postes \u00e0 pourvoir<\/h2>\t\t\t\t<\/div>\n\t\t\t\t<\/div>\n\t\t\t\t<div data-dce-title-color=\"#007447\" class=\"elementor-element elementor-element-4459c85 elementor-widget__width-initial elementor-widget elementor-widget-heading\" data-id=\"4459c85\" data-element_type=\"widget\" data-widget_type=\"heading.default\">\n\t\t\t\t<div class=\"elementor-widget-container\">\n\t\t\t\t\t<div class=\"elementor-heading-title elementor-size-default\">D\u00e9couvrez les postes \u00e0 pourvoir chez MAI Group sur notre page LinkedIn!<\/div>\t\t\t\t<\/div>\n\t\t\t\t<\/div>\n\t\t\t\t<div class=\"elementor-element elementor-element-d05dc65 elementor-align-center elementor-widget elementor-widget-button\" data-id=\"d05dc65\" data-element_type=\"widget\" data-widget_type=\"button.default\">\n\t\t\t\t<div class=\"elementor-widget-container\">\n\t\t\t\t\t\t\t\t\t<div class=\"elementor-button-wrapper\">\n\t\t\t\t\t<a class=\"elementor-button elementor-button-link elementor-size-sm\" href=\"https:\/\/www.linkedin.com\/company\/mercados-aries\/\" target=\"_blank\">\n\t\t\t\t\t\t<span class=\"elementor-button-content-wrapper\">\n\t\t\t\t\t\t\t\t\t<span class=\"elementor-button-text\">Cliquez ici pour rester connect\u00e9<\/span>\n\t\t\t\t\t<\/span>\n\t\t\t\t\t<\/a>\n\t\t\t\t<\/div>\n\t\t\t\t\t\t\t\t<\/div>\n\t\t\t\t<\/div>\n\t\t\t\t<div class=\"elementor-element elementor-element-1cd2432 elementor-widget elementor-widget-global elementor-global-11683 elementor-widget-html\" data-id=\"1cd2432\" data-element_type=\"widget\" data-widget_type=\"html.default\">\n\t\t\t\t<div class=\"elementor-widget-container\">\n\t\t\t\t\t<script>\njQuery(document).ready(function($) {\nvar delay = 100; setTimeout(function() {\n$('.elementor-tab-title').removeClass('elementor-active');\n $('.elementor-tab-content').css('display', 'none'); }, delay);\n});\n<\/script>\t\t\t\t<\/div>\n\t\t\t\t<\/div>\n\t\t\t\t\t<\/div>\n\t\t<\/div>\n\t\t\t\t\t<\/div>\n\t\t<\/section>\n\t\t\t\t<section class=\"elementor-section elementor-top-section elementor-element elementor-element-248e327 elementor-section-boxed elementor-section-height-default elementor-section-height-default\" data-id=\"248e327\" data-element_type=\"section\" data-settings=\"{&quot;background_background&quot;:&quot;classic&quot;}\">\n\t\t\t\t\t\t<div class=\"elementor-container elementor-column-gap-default\">\n\t\t\t\t\t<div class=\"elementor-column elementor-col-100 elementor-top-column elementor-element elementor-element-9282ac3\" data-id=\"9282ac3\" data-element_type=\"column\">\n\t\t\t<div class=\"elementor-widget-wrap elementor-element-populated\">\n\t\t\t\t\t\t<div class=\"elementor-element elementor-element-96b0926 elementor-widget elementor-widget-heading\" data-id=\"96b0926\" data-element_type=\"widget\" data-widget_type=\"heading.default\">\n\t\t\t\t<div class=\"elementor-widget-container\">\n\t\t\t\t\t<h2 class=\"elementor-heading-title elementor-size-default\">Contactez notre \u00e9quipe de recrutement<br>\nvia ce formulaire<\/h2>\t\t\t\t<\/div>\n\t\t\t\t<\/div>\n\t\t\t\t<div class=\"elementor-element elementor-element-802f554 elementor-widget elementor-widget-heading\" data-id=\"802f554\" data-element_type=\"widget\" data-widget_type=\"heading.default\">\n\t\t\t\t<div class=\"elementor-widget-container\">\n\t\t\t\t\t<div class=\"elementor-heading-title elementor-size-default\">Si vous souhaitez nous rejoindre, veuillez remplir les champs suivants et t\u00e9l\u00e9charger votre CV. <\/div>\t\t\t\t<\/div>\n\t\t\t\t<\/div>\n\t\t\t\t<div class=\"elementor-element elementor-element-9397620 career-formu wpcf7 adjuntarArchivo elementor-widget elementor-widget-htcontactform-addons\" data-id=\"9397620\" data-element_type=\"widget\" data-widget_type=\"htcontactform-addons.default\">\n\t\t\t\t<div class=\"elementor-widget-container\">\n\t\t\t\t\t            <div class=\"htcontact-form-wrapper\" >\n                \n<div class=\"wpcf7 no-js\" id=\"wpcf7-f14392-o1\" lang=\"es-ES\" dir=\"ltr\" data-wpcf7-id=\"14392\">\n<div class=\"screen-reader-response\"><p role=\"status\" aria-live=\"polite\" aria-atomic=\"true\"><\/p> <ul><\/ul><\/div>\n<form action=\"\/fr\/wp-json\/wp\/v2\/pages\/56#wpcf7-f14392-o1\" method=\"post\" class=\"wpcf7-form init\" aria-label=\"Formulaire de contact\" enctype=\"multipart\/form-data\" novalidate=\"novalidate\" data-status=\"init\" data-trp-original-action=\"\/fr\/wp-json\/wp\/v2\/pages\/56#wpcf7-f14392-o1\">\n<fieldset class=\"hidden-fields-container\"><input type=\"hidden\" name=\"_wpcf7\" value=\"14392\" \/><input type=\"hidden\" name=\"_wpcf7_version\" value=\"6.1.5\" \/><input type=\"hidden\" name=\"_wpcf7_locale\" value=\"es_ES\" \/><input type=\"hidden\" name=\"_wpcf7_unit_tag\" value=\"wpcf7-f14392-o1\" \/><input type=\"hidden\" name=\"_wpcf7_container_post\" value=\"0\" \/><input type=\"hidden\" name=\"_wpcf7_posted_data_hash\" value=\"\" \/><input type=\"hidden\" name=\"_extcf7_conditional_options\" value=\"{&quot;form_id&quot;:14392,&quot;conditions&quot;:[]}\" \/><input type=\"hidden\" name=\"_extcf7_redirect_options\" value=\"{&quot;form_id&quot;:14392,&quot;redirect_options&quot;:{&quot;redirection_enable&quot;:&quot;off&quot;,&quot;custom_url_enable&quot;:&quot;off&quot;,&quot;redirect_page&quot;:&quot;&quot;,&quot;custom_urle&quot;:&quot;&quot;,&quot;redirect_new_tab&quot;:&quot;off&quot;,&quot;js_action&quot;:&quot;off&quot;,&quot;javascript_code&quot;:&quot;&quot;}}\" \/>\n<\/fieldset>\n<div class=\"wpcf7-turnstile cf-turnstile\" data-sitekey=\"0x4AAAAAAAFby3Zrs-l9qShj\" data-response-field-name=\"_wpcf7_turnstile_response\"><\/div>\n\n<p><span class=\"wpcf7-form-control-wrap\" data-name=\"your-name\"><input size=\"40\" maxlength=\"400\" class=\"wpcf7-form-control wpcf7-text wpcf7-validates-as-required uno\" aria-required=\"true\" aria-invalid=\"false\" placeholder=\"Nom*\" value=\"\" type=\"text\" name=\"your-name\" \/><\/span><span class=\"wpcf7-form-control-wrap\" data-name=\"your-surname\"><input size=\"40\" maxlength=\"400\" class=\"wpcf7-form-control wpcf7-text wpcf7-validates-as-required dos\" aria-required=\"true\" aria-invalid=\"false\" placeholder=\"Nom de famille*\" value=\"\" type=\"text\" name=\"your-surname\" \/><\/span><span class=\"wpcf7-form-control-wrap\" data-name=\"your-email\"><input size=\"40\" maxlength=\"400\" class=\"wpcf7-form-control wpcf7-email wpcf7-validates-as-required wpcf7-text wpcf7-validates-as-email tres\" aria-required=\"true\" aria-invalid=\"false\" placeholder=\"E-mail*\" value=\"\" type=\"email\" name=\"your-email\" \/><\/span>\n<\/p>\n<div class=\"adjuntarArchivo\">\n\t<p><span class=\"wpcf7-form-control-wrap\" data-name=\"file-871\"><input size=\"40\" class=\"wpcf7-form-control wpcf7-file\" id=\"file-871\" accept=\".pdf,.doc,.docx\" aria-invalid=\"false\" type=\"file\" name=\"file-871\" \/><\/span><label for=\"file-871\"><span>T\u00e9l\u00e9chargez votre CV (pdf, doc, docx \u2014 max. 3 Mo)<\/span><\/label>\n\t<\/p>\n<\/div>\n<div class=\"acepta\">\n\t<p><span class=\"wpcf7-form-control-wrap\" data-name=\"acceptance-339\"><span class=\"wpcf7-form-control wpcf7-acceptance\"><span class=\"wpcf7-list-item\"><input type=\"checkbox\" name=\"acceptance-339\" value=\"1\" id=\"accept\" aria-invalid=\"false\" \/><\/span><\/span><\/span><label for=\"accept\">J&#039;ai lu et j&#039;accepte le <a href=\"\/fr\/privacy-policy\/\" target=\"_blank\">politique de confidentialit\u00e9<\/a><\/label>\n\t<\/p>\n<\/div>\n<p><input class=\"wpcf7-form-control wpcf7-submit has-spinner\" type=\"submit\" value=\"Envoyer\" \/>\n<\/p><div class=\"wpcf7-response-output\" aria-hidden=\"true\"><\/div>\n<input type=\"hidden\" name=\"trp-form-language\" value=\"fr\"\/><\/form>\n<\/div>\n            <\/div>\n\n        \t\t\t\t<\/div>\n\t\t\t\t<\/div>\n\t\t\t\t<div class=\"elementor-element elementor-element-6a90a64 elementor-widget elementor-widget-text-editor\" data-id=\"6a90a64\" data-element_type=\"widget\" data-widget_type=\"text-editor.default\">\n\t\t\t\t<div class=\"elementor-widget-container\">\n\t\t\t\t\t\t\t\t\t<p><em>\u2013 MAI Group est conforme aux normes ISO en mati\u00e8re de gestion, de qualit\u00e9 et de durabilit\u00e9.<\/em><\/p><p><em>\u2013 MAI Group traite toutes les candidatures sans distinction d'origine ethnique, de religion, de sexe, d'identit\u00e9 ou d'expression de genre, d'orientation sexuelle, de nationalit\u00e9, de handicap, d'\u00e2ge ou d'origine sociale.<\/em><\/p>\t\t\t\t\t\t\t\t<\/div>\n\t\t\t\t<\/div>\n\t\t\t\t\t<\/div>\n\t\t<\/div>\n\t\t\t\t\t<\/div>\n\t\t<\/section>\n\t\t\t\t<section data-dce-background-color=\"#B9D9EB\" class=\"elementor-section elementor-top-section elementor-element elementor-element-a6ecd13 elementor-section-items-stretch elementor-section-full_width elementor-section-height-min-height elementor-section-content-middle elementor-section-height-default\" data-id=\"a6ecd13\" data-element_type=\"section\" data-settings=\"{&quot;background_background&quot;:&quot;classic&quot;}\">\n\t\t\t\t\t\t<div class=\"elementor-container elementor-column-gap-default\">\n\t\t\t\t\t<div data-dce-background-image-url=\"https:\/\/www.mai.group\/wp-content\/uploads\/2020\/02\/mercados-aries-retrato-home-1.png\" class=\"elementor-column elementor-col-50 elementor-top-column elementor-element elementor-element-f9236df\" data-id=\"f9236df\" data-element_type=\"column\" data-settings=\"{&quot;background_background&quot;:&quot;classic&quot;}\">\n\t\t\t<div class=\"elementor-widget-wrap elementor-element-populated\">\n\t\t\t\t\t\t<div class=\"elementor-element elementor-element-301635c elementor-widget elementor-widget-spacer\" data-id=\"301635c\" data-element_type=\"widget\" data-widget_type=\"spacer.default\">\n\t\t\t\t<div class=\"elementor-widget-container\">\n\t\t\t\t\t\t\t<div class=\"elementor-spacer\">\n\t\t\t<div class=\"elementor-spacer-inner\"><\/div>\n\t\t<\/div>\n\t\t\t\t\t\t<\/div>\n\t\t\t\t<\/div>\n\t\t\t\t\t<\/div>\n\t\t<\/div>\n\t\t\t\t<div class=\"elementor-column elementor-col-50 elementor-top-column elementor-element elementor-element-7bcd716\" data-id=\"7bcd716\" data-element_type=\"column\" data-settings=\"{&quot;background_background&quot;:&quot;classic&quot;}\">\n\t\t\t<div class=\"elementor-widget-wrap elementor-element-populated\">\n\t\t\t\t\t\t<div class=\"elementor-element elementor-element-e36da2a elementor-widget elementor-widget-heading\" data-id=\"e36da2a\" data-element_type=\"widget\" data-widget_type=\"heading.default\">\n\t\t\t\t<div class=\"elementor-widget-container\">\n\t\t\t\t\t<h2 class=\"elementor-heading-title elementor-size-default\">Construir<br>l&#039;avenir<\/h2>\t\t\t\t<\/div>\n\t\t\t\t<\/div>\n\t\t\t\t<div class=\"elementor-element elementor-element-c5ef455 elementor-widget elementor-widget-text-editor\" data-id=\"c5ef455\" data-element_type=\"widget\" data-widget_type=\"text-editor.default\">\n\t\t\t\t<div class=\"elementor-widget-container\">\n\t\t\t\t\t\t\t\t\t<p>Nous voulons transmettre \u00e0 nos enfants un monde o\u00f9 une \u00e9nergie durable et abordable est accessible \u00e0 tous pour une utilisation efficace. Nous contribuons \u00e0 cet objectif en produisant des r\u00e9sultats tangibles dans une perspective humaine et dynamique. Face \u00e0 demain.<\/p>\t\t\t\t\t\t\t\t<\/div>\n\t\t\t\t<\/div>\n\t\t\t\t<div class=\"elementor-element elementor-element-50bc74b elementor-widget elementor-widget-button\" data-id=\"50bc74b\" data-element_type=\"widget\" data-widget_type=\"button.default\">\n\t\t\t\t<div class=\"elementor-widget-container\">\n\t\t\t\t\t\t\t\t\t<div class=\"elementor-button-wrapper\">\n\t\t\t\t\t<a class=\"elementor-button elementor-button-link elementor-size-sm\" href=\"\/fr\/about-us\/\">\n\t\t\t\t\t\t<span class=\"elementor-button-content-wrapper\">\n\t\t\t\t\t\t\t\t\t<span class=\"elementor-button-text\">\u00c0 propos de nous<\/span>\n\t\t\t\t\t<\/span>\n\t\t\t\t\t<\/a>\n\t\t\t\t<\/div>\n\t\t\t\t\t\t\t\t<\/div>\n\t\t\t\t<\/div>\n\t\t\t\t\t<\/div>\n\t\t<\/div>\n\t\t\t\t\t<\/div>\n\t\t<\/section>\n\t\t\t\t<\/div>","protected":false},"excerpt":{"rendered":"<p>Work with us! MAI is constantly looking for new talents in order to strengthen its international team. Either for specific assignments or for long term contracts, MAI hires economists, engineers, as well as financial, legal, modelling, environmental experts. If you want to join a multicultural team, work on international projects and contribute to make a [&hellip;]<\/p>\n","protected":false},"author":10,"featured_media":0,"parent":0,"menu_order":0,"comment_status":"closed","ping_status":"closed","template":"","meta":{"_acf_changed":false,"_seopress_robots_primary_cat":"","_seopress_titles_title":"","_seopress_titles_desc":"","_seopress_robots_index":"","footnotes":""},"class_list":["post-56","page","type-page","status-publish","hentry"],"acf":[],"_links":{"self":[{"href":"https:\/\/www.mai.group\/fr\/wp-json\/wp\/v2\/pages\/56","targetHints":{"allow":["GET"]}}],"collection":[{"href":"https:\/\/www.mai.group\/fr\/wp-json\/wp\/v2\/pages"}],"about":[{"href":"https:\/\/www.mai.group\/fr\/wp-json\/wp\/v2\/types\/page"}],"author":[{"embeddable":true,"href":"https:\/\/www.mai.group\/fr\/wp-json\/wp\/v2\/users\/10"}],"replies":[{"embeddable":true,"href":"https:\/\/www.mai.group\/fr\/wp-json\/wp\/v2\/comments?post=56"}],"version-history":[{"count":3,"href":"https:\/\/www.mai.group\/fr\/wp-json\/wp\/v2\/pages\/56\/revisions"}],"predecessor-version":[{"id":14398,"href":"https:\/\/www.mai.group\/fr\/wp-json\/wp\/v2\/pages\/56\/revisions\/14398"}],"wp:attachment":[{"href":"https:\/\/www.mai.group\/fr\/wp-json\/wp\/v2\/media?parent=56"}],"curies":[{"name":"wp","href":"https:\/\/api.w.org\/{rel}","templated":true}]}}