{"id":4468,"date":"2021-04-07T19:19:22","date_gmt":"2021-04-07T17:19:22","guid":{"rendered":"https:\/\/www.mercadosaries.com\/?page_id=4468"},"modified":"2022-11-07T11:45:04","modified_gmt":"2022-11-07T10:45:04","slug":"covid","status":"publish","type":"page","link":"https:\/\/www.mai.group\/fr\/covid\/","title":{"rendered":"Covid"},"content":{"rendered":"<h1>Mesures COVID-19.<\/h1>\n<p><strong>Mercados \u2013 B\u00e9lier International<\/strong> est conscient des difficult\u00e9s introduites dans le d\u00e9veloppement des projets par <strong>COVID 19<\/strong>. \u00c0 cet \u00e9gard, notre entreprise a mis en \u0153uvre les mesures n\u00e9cessaires pour assurer un d\u00e9veloppement r\u00e9ussi du projet m\u00eame dans le cas d&#039;une nouvelle crise qui restreint la mobilit\u00e9, qu&#039;elle soit nationale ou internationale. Nos experts sont couverts par une police d\u2019assurance qui couvre tout probl\u00e8me li\u00e9 \u00e0 <strong>COVID<\/strong><strong>&#8211;<\/strong><strong>19<\/strong>.&nbsp;<\/p>\n<p>Par cons\u00e9quent, notre entreprise a d\u00e9velopp\u00e9 et envisage les sc\u00e9narios suivants\u00a0:<\/p>\n<h3>Sc\u00e9nario\u00a01\u00a0:\u00a0Aucune limitation\u200b<\/h3>\n<ul>\n<li><strong>Projet global<\/strong>: dans ce sc\u00e9nario, le projet sera mis en \u0153uvre comme indiqu\u00e9 dans la m\u00e9thodologie avec les missions et activit\u00e9s correspondantes.<\/li>\n<li><strong>Voyages et missions<\/strong>: il doit \u00eatre fait selon le planning et sans mesures de soins particuli\u00e8res autres que celles habituelles.<\/li>\n<li><strong>Ateliers et visites de sites<\/strong>: cela doit \u00eatre fait selon le planning et sans mesures de soins particuli\u00e8res autres que celles habituelles.\u200b<\/li>\n<\/ul>\n<h3>Sc\u00e9nario 2\u00a0: Limitations des voyages internationaux et mesures de distance<\/h3>\n<ul>\n<li><strong>Projet global<\/strong>: dans ce sc\u00e9nario, le projet sera mis en \u0153uvre comme indiqu\u00e9 dans la m\u00e9thodologie avec la restriction de certains vols internationaux. Des mesures particuli\u00e8res de distance et de protection doivent \u00eatre mises en \u0153uvre.<\/li>\n<li><strong>Voyages et missions<\/strong>: les consultants effectueront autant de missions internationales que possible sous r\u00e9serve des r\u00e8gles de quarantaine et de tests. En cas de quarantaine, les missions seront remplac\u00e9es par des missions virtuelles.<\/li>\n<li><strong>Ateliers et visites de sites<\/strong>: sous r\u00e9serve des r\u00e8gles locales, les ateliers physiques se feront en respectant les distances n\u00e9cessaires et les mesures sanitaires. Les consultants porteront \u00e0 tout moment un masque (ou similaire) pour prot\u00e9ger la sant\u00e9 de chacun. Les consultants feront appel \u00e0 l\u2019\u00e9quipe locale pour effectuer les visites de site n\u00e9cessaires.<\/li>\n<\/ul>\n<h3>Sc\u00e9nario 3\u00a0:\u00a0D\u00e9placements internationaux interdits et mesures de distance<\/h3>\n<ul>\n<li><strong>Projet global<\/strong>: dans ce sc\u00e9nario, le projet sera mis en \u0153uvre comme indiqu\u00e9 dans la m\u00e9thodologie avec la restriction sur tous les vols internationaux. Des mesures de protection seront mises en \u0153uvre comme indiqu\u00e9 par les autorit\u00e9s.<\/li>\n<li><strong>Voyages et missions<\/strong>: les consultants remplaceront les missions par des missions virtuelles qui seront organis\u00e9es via Microsoft Teams.<\/li>\n<li><strong>Ateliers et visites de sites<\/strong>: les consultants doivent utiliser l&#039;\u00e9quipe locale pour effectuer les visites de site n\u00e9cessaires (en streaming si n\u00e9cessaire) o\u00f9 le consultant international suivra et guidera les membres de l&#039;\u00e9quipe pour enregistrer et collecter tous les d\u00e9tails et informations n\u00e9cessaires au projet.<\/li>\n<\/ul>\n<h3>Sc\u00e9nario 4\u00a0:\u00a0Confinement strict\u200b<\/h3>\n<ul>\n<li><strong>Projet global<\/strong>: dans ce sc\u00e9nario, le projet n\u00e9cessitera la r\u00e9vision du planning de travail pour effectuer tout le travail de bureau pendant le confinement afin que les travaux de terrain puissent \u00eatre effectu\u00e9s une fois la situation de confinement termin\u00e9e ou assouplie pour faciliter la mobilisation des \u00e9quipes locales.<\/li>\n<li><strong>Voyages et missions<\/strong>: le Consultant remplacera les missions par des Missions Virtuelles qui seront organis\u00e9es via Microsoft Teams.<\/li>\n<li><strong>Ateliers et visites de sites<\/strong>: les consultants doivent utiliser l&#039;\u00e9quipe locale lorsqu&#039;elle est disponible pour effectuer les visites de site n\u00e9cessaires (en streaming si n\u00e9cessaire) o\u00f9 le consultant international suivra et guidera les membres de l&#039;\u00e9quipe pour enregistrer et collecter tous les d\u00e9tails et informations n\u00e9cessaires au projet.\u200b<\/li>\n<\/ul>","protected":false},"excerpt":{"rendered":"<p>COVID-19 Measures. Mercados \u2013 Aries International is aware of the difficulties introduced in projects\u2019 development by COVID-19. In this regard, our company has implemented the necessary measures to ensure a successful development of the project even in the case of a new crisis that restrains mobility, either domestic or international. Our experts are covered by [&hellip;]<\/p>\n","protected":false},"author":10,"featured_media":0,"parent":0,"menu_order":0,"comment_status":"closed","ping_status":"closed","template":"","meta":{"_acf_changed":false,"_seopress_robots_primary_cat":"","_seopress_titles_title":"","_seopress_titles_desc":"","_seopress_robots_index":"","footnotes":""},"class_list":["post-4468","page","type-page","status-publish","hentry"],"acf":[],"_links":{"self":[{"href":"https:\/\/www.mai.group\/fr\/wp-json\/wp\/v2\/pages\/4468","targetHints":{"allow":["GET"]}}],"collection":[{"href":"https:\/\/www.mai.group\/fr\/wp-json\/wp\/v2\/pages"}],"about":[{"href":"https:\/\/www.mai.group\/fr\/wp-json\/wp\/v2\/types\/page"}],"author":[{"embeddable":true,"href":"https:\/\/www.mai.group\/fr\/wp-json\/wp\/v2\/users\/10"}],"replies":[{"embeddable":true,"href":"https:\/\/www.mai.group\/fr\/wp-json\/wp\/v2\/comments?post=4468"}],"version-history":[{"count":2,"href":"https:\/\/www.mai.group\/fr\/wp-json\/wp\/v2\/pages\/4468\/revisions"}],"predecessor-version":[{"id":11586,"href":"https:\/\/www.mai.group\/fr\/wp-json\/wp\/v2\/pages\/4468\/revisions\/11586"}],"wp:attachment":[{"href":"https:\/\/www.mai.group\/fr\/wp-json\/wp\/v2\/media?parent=4468"}],"curies":[{"name":"wp","href":"https:\/\/api.w.org\/{rel}","templated":true}]}}