{"id":44,"date":"2019-11-18T09:54:32","date_gmt":"2019-11-18T08:54:32","guid":{"rendered":"https:\/\/www.mercadosaries.com\/?page_id=44"},"modified":"2025-06-09T14:09:57","modified_gmt":"2025-06-09T12:09:57","slug":"about-us","status":"publish","type":"page","link":"https:\/\/www.mai.group\/fr\/about-us\/","title":{"rendered":"\u00c0 propos de nous"},"content":{"rendered":"<div data-elementor-type=\"wp-page\" data-elementor-id=\"44\" class=\"elementor elementor-44\" data-elementor-post-type=\"page\">\n\t\t\t\t<div class=\"elementor-element elementor-element-0c4d4d5 e-con-full e-flex e-con e-parent\" data-id=\"0c4d4d5\" data-element_type=\"container\">\n\t\t<div data-dce-background-image-url=\"https:\/\/www.mai.group\/wp-content\/uploads\/2020\/03\/mercados-aries-home-principal.jpg\" class=\"elementor-element elementor-element-fc6c7a0 e-con-full e-flex e-con e-child\" data-id=\"fc6c7a0\" data-element_type=\"container\" data-settings=\"{&quot;background_background&quot;:&quot;classic&quot;}\">\n\t\t\t\t<div class=\"elementor-element elementor-element-a234c8a elementor-widget elementor-widget-spacer\" data-id=\"a234c8a\" data-element_type=\"widget\" data-widget_type=\"spacer.default\">\n\t\t\t\t<div class=\"elementor-widget-container\">\n\t\t\t\t\t\t\t<div class=\"elementor-spacer\">\n\t\t\t<div class=\"elementor-spacer-inner\"><\/div>\n\t\t<\/div>\n\t\t\t\t\t\t<\/div>\n\t\t\t\t<\/div>\n\t\t\t\t<\/div>\n\t\t<div class=\"elementor-element elementor-element-ccf5eb2 e-con-full e-flex e-con e-child\" data-id=\"ccf5eb2\" data-element_type=\"container\">\n\t\t\t\t<div class=\"elementor-element elementor-element-435d2c5 elementor-widget elementor-widget-heading\" data-id=\"435d2c5\" data-element_type=\"widget\" data-widget_type=\"heading.default\">\n\t\t\t\t<div class=\"elementor-widget-container\">\n\t\t\t\t\t<h1 class=\"elementor-heading-title elementor-size-default\">Construir <br>l&#039;avenir<\/h1>\t\t\t\t<\/div>\n\t\t\t\t<\/div>\n\t\t\t\t<div class=\"elementor-element elementor-element-4de6c58 elementor-widget elementor-widget-text-editor\" data-id=\"4de6c58\" data-element_type=\"widget\" data-widget_type=\"text-editor.default\">\n\t\t\t\t<div class=\"elementor-widget-container\">\n\t\t\t\t\t\t\t\t\t<p><strong>MAI<\/strong> est dans le conseil international depuis 25 ans, dirigeant des projets \u00e9nerg\u00e9tiques et environnementaux dans le monde entier, aidant \u00e0 concevoir et planifier des syst\u00e8mes d&#039;approvisionnement fiables bas\u00e9s sur les \u00e9nergies renouvelables et les conditions uniques de chaque environnement.<\/p>\t\t\t\t\t\t\t\t<\/div>\n\t\t\t\t<\/div>\n\t\t\t\t<\/div>\n\t\t\t\t<\/div>\n\t\t<div class=\"elementor-element elementor-element-5aa4917 e-flex e-con-boxed e-con e-parent\" data-id=\"5aa4917\" data-element_type=\"container\">\n\t\t\t\t\t<div class=\"e-con-inner\">\n\t\t<div class=\"elementor-element elementor-element-0d17a19 e-con-full e-flex e-con e-child\" data-id=\"0d17a19\" data-element_type=\"container\">\n\t\t\t\t<div class=\"elementor-element elementor-element-7573564 elementor-widget elementor-widget-heading\" data-id=\"7573564\" data-element_type=\"widget\" data-widget_type=\"heading.default\">\n\t\t\t\t<div class=\"elementor-widget-container\">\n\t\t\t\t\t<h2 class=\"elementor-heading-title elementor-size-default\">25 ans d'exp\u00e9rience en conseil <br>dans le monde entier<\/h2>\t\t\t\t<\/div>\n\t\t\t\t<\/div>\n\t\t\t\t<div class=\"elementor-element elementor-element-01e278f elementor-widget elementor-widget-text-editor\" data-id=\"01e278f\" data-element_type=\"widget\" data-widget_type=\"text-editor.default\">\n\t\t\t\t<div class=\"elementor-widget-container\">\n\t\t\t\t\t\t\t\t\t<p>Nous avons fait un pas de plus pour devenir plus grands avec la capacit\u00e9 de planifier et d'ex\u00e9cuter des projets dans les domaines du conseil en gestion, de l'\u00e9nergie, de l'eau et de l'environnement,<br \/>conseillant, planifiant et ex\u00e9cutant des projets tout en garantissant que les crit\u00e8res RSE soient satisfaits pour chaque client.<\/p>\t\t\t\t\t\t\t\t<\/div>\n\t\t\t\t<\/div>\n\t\t\t\t<div class=\"elementor-element elementor-element-f9c0ba8 elementor-widget elementor-widget-eael-content-timeline\" data-id=\"f9c0ba8\" data-element_type=\"widget\" data-widget_type=\"eael-content-timeline.default\">\n\t\t\t\t<div class=\"elementor-widget-container\">\n\t\t\t\t\t\t\t<div id=\"eael-content-timeline-f9c0ba8\" class=\"content-timeline-layout-right date-position-inside horizontal-timeline-wrapper\" data-slide_to_scroll=\"{&quot;desktop&quot;:1,&quot;mobile&quot;:1,&quot;tablet&quot;:1}\">\n\t\t\t<div class=\"eael-content-timeline-container\">\n\t\t\t\t<div class=\"eael-content-timeline-container\">\n\t\t\t\t\t\t\t\t\t\t\t\t\t\t\t\t\t\t\t\t\t\t\t<div class=\"eael-content-timeline-block\">\n    <div class=\"eael-content-timeline-line\">\n        <div class=\"eael-content-timeline-inner\"><\/div>\n    <\/div>\n    <div class=\"eael-content-timeline-img eael-picture\"><i class=\"far fa-dot-circle\"><\/i><\/div><div class=\"eael-content-timeline-content\"><h3 class=\"eael-timeline-title\">Mercados Energ\u00e9ticos<\/h3><div class=\"eael-timeline-excerpt\"><p><em>La soci\u00e9t\u00e9 a \u00e9t\u00e9 cr\u00e9\u00e9e dans le but de soutenir la cr\u00e9ation de march\u00e9s \u00e9nerg\u00e9tiques r\u00e9glementaires.<\/em><\/p><\/div><span class=\"eael-date\">1990<\/span><\/div><\/div>\t\t\t\t\t\t\t\t\t\t\t\t\t\t\t\t\t\t<div class=\"eael-content-timeline-block\">\n    <div class=\"eael-content-timeline-line\">\n        <div class=\"eael-content-timeline-inner\"><\/div>\n    <\/div>\n    <div class=\"eael-content-timeline-img eael-picture\"><i class=\"far fa-circle\"><\/i><\/div><div class=\"eael-content-timeline-content\"><h3 class=\"eael-timeline-title\">Mercados EMI<\/h3><div class=\"eael-timeline-excerpt\"><p><em>Cr\u00e9ation du si\u00e8ge social \u00e0 Madrid pour fournir des services \u00e0 l&#039;international.<\/em><\/p><\/div><span class=\"eael-date\">1997<\/span><\/div><\/div>\t\t\t\t\t\t\t\t\t\t\t\t\t\t\t\t\t\t<div class=\"eael-content-timeline-block\">\n    <div class=\"eael-content-timeline-line\">\n        <div class=\"eael-content-timeline-inner\"><\/div>\n    <\/div>\n    <div class=\"eael-content-timeline-img eael-picture\"><i class=\"far fa-circle\"><\/i><\/div><div class=\"eael-content-timeline-content\"><h3 class=\"eael-timeline-title\"><\/h3><div class=\"eael-timeline-excerpt\"><p><em>L&#039;unit\u00e9 r\u00e9seau entre en service<\/em><\/p><\/div><span class=\"eael-date\">2008<\/span><\/div><\/div>\t\t\t\t\t\t\t\t\t\t\t\t\t\t\t\t\t\t<div class=\"eael-content-timeline-block\">\n    <div class=\"eael-content-timeline-line\">\n        <div class=\"eael-content-timeline-inner\"><\/div>\n    <\/div>\n    <div class=\"eael-content-timeline-img eael-picture\"><i class=\"far fa-circle\"><\/i><\/div><div class=\"eael-content-timeline-content\"><h3 class=\"eael-timeline-title\">Integration dans le groupe \u00c5F<\/h3><div class=\"eael-timeline-excerpt\"><p><em>L'entreprise int\u00e8gre un grand groupe su\u00e9dois pour poursuivre son expansion internationale.<\/em><\/p><\/div><span class=\"eael-date\">2009<\/span><\/div><\/div>\t\t\t\t\t\t\t\t\t\t\t\t\t\t\t\t\t\t<div class=\"eael-content-timeline-block\">\n    <div class=\"eael-content-timeline-line\">\n        <div class=\"eael-content-timeline-inner\"><\/div>\n    <\/div>\n    <div class=\"eael-content-timeline-img eael-picture\"><i class=\"far fa-dot-circle\"><\/i><\/div><div class=\"eael-content-timeline-content\"><h3 class=\"eael-timeline-title\">AF Mercados EMI<\/h3><div class=\"eael-timeline-excerpt\"><p><em>L'entreprise se consolide dans le domaine de l'\u00e9nergie du groupe \u00c5F en tant que branche.<\/em><\/p><\/div><span class=\"eael-date\">2010<\/span><\/div><\/div>\t\t\t\t\t\t\t\t\t\t\t\t\t\t\t\t\t\t<div class=\"eael-content-timeline-block\">\n    <div class=\"eael-content-timeline-line\">\n        <div class=\"eael-content-timeline-inner\"><\/div>\n    <\/div>\n    <div class=\"eael-content-timeline-img eael-picture\"><i class=\"far fa-circle\"><\/i><\/div><div class=\"eael-content-timeline-content\"><h3 class=\"eael-timeline-title\">+ AF Aries<\/h3><div class=\"eael-timeline-excerpt\"><p><em>Acquisition d&#039;une entreprise d&#039;\u00e9nergie renouvelable pertinente pour \u00e9tendre nos services dans le domaine de l&#039;\u00e9nergie verte.<\/em><\/p><\/div><span class=\"eael-date\">2016<\/span><\/div><\/div>\t\t\t\t\t\t\t\t\t\t\t\t\t\t\t\t\t\t<div class=\"eael-content-timeline-block\">\n    <div class=\"eael-content-timeline-line\">\n        <div class=\"eael-content-timeline-inner\"><\/div>\n    <\/div>\n    <div class=\"eael-content-timeline-img eael-picture\"><i class=\"far fa-dot-circle\"><\/i><\/div><div class=\"eael-content-timeline-content\"><h3 class=\"eael-timeline-title\">Mercados Aries International<\/h3><div class=\"eael-timeline-excerpt\"><p><em>La soci\u00e9t\u00e9 quitte le groupe \u00c5F afin de renforcer notre empreinte durable et de faciliter notre soutien aux gouvernements et aux agences gouvernementales par le biais des IFIs.<\/em><\/p><\/div><span class=\"eael-date\">2020<\/span><\/div><\/div>\t\t\t\t\t\t\t\t\t\t\t\t\t\t\t\t\t\t<div class=\"eael-content-timeline-block\">\n    <div class=\"eael-content-timeline-line\">\n        <div class=\"eael-content-timeline-inner\"><\/div>\n    <\/div>\n    <div class=\"eael-content-timeline-img eael-picture\"><i class=\"far fa-circle\"><\/i><\/div><div class=\"eael-content-timeline-content\"><h3 class=\"eael-timeline-title\">+ Ambinor &amp; Grupo Alta Tensi\u00f3n<\/h3><div class=\"eael-timeline-excerpt\"><p>- Lancement de l'unit\u00e9 Eau.<br \/>- L&#039;acquisition de <strong>Ambinor<\/strong> dans le but de renforcer nos comp\u00e9tences environnementales.<br \/>- L&#039;acquisition de <strong>Grupo Alta Tensi\u00f3n<\/strong> apporter des comp\u00e9tences suppl\u00e9mentaires d\u2019ing\u00e9nierie pour soutenir davantage nos clients.<\/p><\/div><span class=\"eael-date\">2022<\/span><\/div><\/div>\t\t\t\t\t\t\t\t\t\t\t\t\t\t\t\t\t\t<div class=\"eael-content-timeline-block\">\n    <div class=\"eael-content-timeline-line\">\n        <div class=\"eael-content-timeline-inner\"><\/div>\n    <\/div>\n    <div class=\"eael-content-timeline-img eael-picture\"><i class=\"far fa-circle\"><\/i><\/div><div class=\"eael-content-timeline-content\"><h3 class=\"eael-timeline-title\">+ Gesambiente<\/h3><div class=\"eael-timeline-excerpt\"><p><span style=\"color: #000000\"><em>Acquisition de Gesambiente pour renforcer nos activit\u00e9s dans le secteur de l&#039;eau.<\/em><\/span><\/p><\/div><span class=\"eael-date\">2023<\/span><\/div><\/div>\t\t\t\t\t\t\t\t\t\t\t\t\t\t\t\t\t\t<div class=\"eael-content-timeline-block\">\n    <div class=\"eael-content-timeline-line\">\n        <div class=\"eael-content-timeline-inner\"><\/div>\n    <\/div>\n    <div class=\"eael-content-timeline-img eael-picture\"><i class=\"far fa-dot-circle\"><\/i><\/div><div class=\"eael-content-timeline-content\"><h3 class=\"eael-timeline-title\">Le Groupe MAI<\/h3><div class=\"eael-timeline-excerpt\"><p>Le Groupe MAI est n\u00e9 de la fusion de partenaires strat\u00e9giques pour cr\u00e9er quatre piliers essentiels de services :<\/p><p>- Conseil en gestion<br \/>- \u00c9nergie<br \/>- Eau<br \/>- Environnement<\/p><\/div><span class=\"eael-date\">2023<\/span><\/div><\/div>\t\t\t\t\t\t\t\t\t\t\t\t\t\t\t\t\t\t<div class=\"eael-content-timeline-block\">\n    <div class=\"eael-content-timeline-line\">\n        <div class=\"eael-content-timeline-inner\"><\/div>\n    <\/div>\n    <div class=\"eael-content-timeline-img eael-picture\"><i class=\"far fa-dot-circle\"><\/i><\/div><div class=\"eael-content-timeline-content\"><h3 class=\"eael-timeline-title\"><a href=\"#\">RTE International and MAI Group joined forces<\/a><\/h3><div class=\"eael-timeline-excerpt\"><p>By being part of RTE International, we expand our capabilities and reinforce our commitment to innovation and sustainability.<\/p><\/div><span class=\"eael-date\">2025<\/span><\/div><\/div>\t\t\t\t<\/div>\n\t\t\t<\/div>\n\t\t<\/div>\n\t\t\t\t\t<\/div>\n\t\t\t\t<\/div>\n\t\t\t\t<\/div>\n\t\t\t\t\t<\/div>\n\t\t\t\t<\/div>\n\t\t<div class=\"elementor-element elementor-element-9a63174 e-con-full e-flex e-con e-parent\" data-id=\"9a63174\" data-element_type=\"container\">\n\t\t<div data-dce-background-image-url=\"https:\/\/www.mai.group\/wp-content\/uploads\/2023\/06\/aerogeneradores.jpg\" class=\"elementor-element elementor-element-62d84f6 e-con-full e-flex e-con e-child\" data-id=\"62d84f6\" data-element_type=\"container\" data-settings=\"{&quot;background_background&quot;:&quot;classic&quot;}\">\n\t\t\t\t<div class=\"elementor-element elementor-element-1e9db9c elementor-widget elementor-widget-spacer\" data-id=\"1e9db9c\" data-element_type=\"widget\" data-widget_type=\"spacer.default\">\n\t\t\t\t<div class=\"elementor-widget-container\">\n\t\t\t\t\t\t\t<div class=\"elementor-spacer\">\n\t\t\t<div class=\"elementor-spacer-inner\"><\/div>\n\t\t<\/div>\n\t\t\t\t\t\t<\/div>\n\t\t\t\t<\/div>\n\t\t\t\t<\/div>\n\t\t<div class=\"elementor-element elementor-element-ff89310 e-con-full e-flex e-con e-child\" data-id=\"ff89310\" data-element_type=\"container\">\n\t\t\t\t<div class=\"elementor-element elementor-element-10efa5e elementor-widget elementor-widget-heading\" data-id=\"10efa5e\" data-element_type=\"widget\" data-widget_type=\"heading.default\">\n\t\t\t\t<div class=\"elementor-widget-container\">\n\t\t\t\t\t<h2 class=\"elementor-heading-title elementor-size-default\">Nos valeurs<\/h2>\t\t\t\t<\/div>\n\t\t\t\t<\/div>\n\t\t\t\t<div class=\"elementor-element elementor-element-712ce73 elementor-icon-list--layout-traditional elementor-list-item-link-full_width elementor-widget elementor-widget-icon-list\" data-id=\"712ce73\" data-element_type=\"widget\" data-widget_type=\"icon-list.default\">\n\t\t\t\t<div class=\"elementor-widget-container\">\n\t\t\t\t\t\t\t<ul class=\"elementor-icon-list-items\">\n\t\t\t\t\t\t\t<li class=\"elementor-icon-list-item\">\n\t\t\t\t\t\t\t\t\t\t\t<span class=\"elementor-icon-list-icon\">\n\t\t\t\t\t\t\t<i aria-hidden=\"true\" class=\"far fa-dot-circle\"><\/i>\t\t\t\t\t\t<\/span>\n\t\t\t\t\t\t\t\t\t\t<span class=\"elementor-icon-list-text\">Nous sommes ind\u00e9pendants, ce qui nous permet d&#039;\u00eatre uniques, courageux et d\u00e9cid\u00e9s.<\/span>\n\t\t\t\t\t\t\t\t\t<\/li>\n\t\t\t\t\t\t\t\t<li class=\"elementor-icon-list-item\">\n\t\t\t\t\t\t\t\t\t\t\t<span class=\"elementor-icon-list-icon\">\n\t\t\t\t\t\t\t<i aria-hidden=\"true\" class=\"far fa-dot-circle\"><\/i>\t\t\t\t\t\t<\/span>\n\t\t\t\t\t\t\t\t\t\t<span class=\"elementor-icon-list-text\">Nous avons l'exp\u00e9rience n\u00e9cessaire pour produire d'excellents r\u00e9sultats qui aident nos clients \u00e0 atteindre leurs objectifs avec des solutions <i>de pointe<\/i> .<\/span>\n\t\t\t\t\t\t\t\t\t<\/li>\n\t\t\t\t\t\t\t\t<li class=\"elementor-icon-list-item\">\n\t\t\t\t\t\t\t\t\t\t\t<span class=\"elementor-icon-list-icon\">\n\t\t\t\t\t\t\t<i aria-hidden=\"true\" class=\"far fa-dot-circle\"><\/i>\t\t\t\t\t\t<\/span>\n\t\t\t\t\t\t\t\t\t\t<span class=\"elementor-icon-list-text\">Nous sommes fortement engag\u00e9s dans la vision d\u2019un monde \u00e9thique et social durable qui conf\u00e8re \u00e0 notre travail une approche profond\u00e9ment humaine et optimiste.<\/span>\n\t\t\t\t\t\t\t\t\t<\/li>\n\t\t\t\t\t\t\t\t<li class=\"elementor-icon-list-item\">\n\t\t\t\t\t\t\t\t\t\t\t<span class=\"elementor-icon-list-icon\">\n\t\t\t\t\t\t\t<i aria-hidden=\"true\" class=\"far fa-dot-circle\"><\/i>\t\t\t\t\t\t<\/span>\n\t\t\t\t\t\t\t\t\t\t<span class=\"elementor-icon-list-text\">Nous sommes proches de nos clients et <u>nous faisons preuve d'empathie envers leur but ultime<\/u>.<\/span>\n\t\t\t\t\t\t\t\t\t<\/li>\n\t\t\t\t\t\t<\/ul>\n\t\t\t\t\t\t<\/div>\n\t\t\t\t<\/div>\n\t\t\t\t<\/div>\n\t\t\t\t<\/div>\n\t\t<div class=\"elementor-element elementor-element-27f85c9 e-flex e-con-boxed e-con e-parent\" data-id=\"27f85c9\" data-element_type=\"container\">\n\t\t\t\t\t<div class=\"e-con-inner\">\n\t\t<div class=\"elementor-element elementor-element-3ff5e05 e-con-full e-flex e-con e-child\" data-id=\"3ff5e05\" data-element_type=\"container\">\n\t\t\t\t<div class=\"elementor-element elementor-element-57b44c9 elementor-widget elementor-widget-heading\" data-id=\"57b44c9\" data-element_type=\"widget\" data-widget_type=\"heading.default\">\n\t\t\t\t<div class=\"elementor-widget-container\">\n\t\t\t\t\t<h2 class=\"elementor-heading-title elementor-size-default\">MAI en un coup d'\u0153il<\/h2>\t\t\t\t<\/div>\n\t\t\t\t<\/div>\n\t\t\t\t<div class=\"elementor-element elementor-element-9cce83e elementor-widget elementor-widget-image\" data-id=\"9cce83e\" data-element_type=\"widget\" data-widget_type=\"image.default\">\n\t\t\t\t<div class=\"elementor-widget-container\">\n\t\t\t\t\t\t\t\t\t\t\t\t\t\t\t<img fetchpriority=\"high\" decoding=\"async\" width=\"779\" height=\"516\" src=\"https:\/\/www.mai.group\/wp-content\/uploads\/2025\/06\/At-a-glance.png\" class=\"attachment-full size-full wp-image-14346\" alt=\"\" srcset=\"https:\/\/www.mai.group\/wp-content\/uploads\/2025\/06\/At-a-glance.png 779w, https:\/\/www.mai.group\/wp-content\/uploads\/2025\/06\/At-a-glance-300x199.png 300w, https:\/\/www.mai.group\/wp-content\/uploads\/2025\/06\/At-a-glance-768x509.png 768w, https:\/\/www.mai.group\/wp-content\/uploads\/2025\/06\/At-a-glance-18x12.png 18w\" sizes=\"(max-width: 779px) 100vw, 779px\" loading=\"eager\" \/>\t\t\t\t\t\t\t\t\t\t\t\t\t\t\t<\/div>\n\t\t\t\t<\/div>\n\t\t\t\t<\/div>\n\t\t<div class=\"elementor-element elementor-element-a3ec66d e-con-full e-flex e-con e-child\" data-id=\"a3ec66d\" data-element_type=\"container\">\n\t\t<div class=\"elementor-element elementor-element-be72f15 e-flex e-con-boxed e-con e-child\" data-id=\"be72f15\" data-element_type=\"container\">\n\t\t\t\t\t<div class=\"e-con-inner\">\n\t\t\t\t<div class=\"elementor-element elementor-element-a4d2fad elementor-icon-list--layout-traditional elementor-list-item-link-full_width elementor-widget elementor-widget-icon-list\" data-id=\"a4d2fad\" data-element_type=\"widget\" data-widget_type=\"icon-list.default\">\n\t\t\t\t<div class=\"elementor-widget-container\">\n\t\t\t\t\t\t\t<ul class=\"elementor-icon-list-items\">\n\t\t\t\t\t\t\t<li class=\"elementor-icon-list-item\">\n\t\t\t\t\t\t\t\t\t\t\t<span class=\"elementor-icon-list-icon\">\n\t\t\t\t\t\t\t<i aria-hidden=\"true\" class=\"fas fa-check\"><\/i>\t\t\t\t\t\t<\/span>\n\t\t\t\t\t\t\t\t\t\t<span class=\"elementor-icon-list-text\">Conseil et Ing\u00e9nierie International<\/span>\n\t\t\t\t\t\t\t\t\t<\/li>\n\t\t\t\t\t\t\t\t<li class=\"elementor-icon-list-item\">\n\t\t\t\t\t\t\t\t\t\t\t<span class=\"elementor-icon-list-icon\">\n\t\t\t\t\t\t\t<i aria-hidden=\"true\" class=\"fas fa-check\"><\/i>\t\t\t\t\t\t<\/span>\n\t\t\t\t\t\t\t\t\t\t<span class=\"elementor-icon-list-text\">Experts en Energie, Eau et Environnement<\/span>\n\t\t\t\t\t\t\t\t\t<\/li>\n\t\t\t\t\t\t\t\t<li class=\"elementor-icon-list-item\">\n\t\t\t\t\t\t\t\t\t\t\t<span class=\"elementor-icon-list-icon\">\n\t\t\t\t\t\t\t<i aria-hidden=\"true\" class=\"fas fa-check\"><\/i>\t\t\t\t\t\t<\/span>\n\t\t\t\t\t\t\t\t\t\t<span class=\"elementor-icon-list-text\">25 ans d&#039;exp\u00e9rience<\/span>\n\t\t\t\t\t\t\t\t\t<\/li>\n\t\t\t\t\t\t\t\t<li class=\"elementor-icon-list-item\">\n\t\t\t\t\t\t\t\t\t\t\t<span class=\"elementor-icon-list-icon\">\n\t\t\t\t\t\t\t<i aria-hidden=\"true\" class=\"fas fa-check\"><\/i>\t\t\t\t\t\t<\/span>\n\t\t\t\t\t\t\t\t\t\t<span class=\"elementor-icon-list-text\">Savoir-faire et plus de 4 500 r\u00e9f\u00e9rences dans des projets pertinents<\/span>\n\t\t\t\t\t\t\t\t\t<\/li>\n\t\t\t\t\t\t\t\t<li class=\"elementor-icon-list-item\">\n\t\t\t\t\t\t\t\t\t\t\t<span class=\"elementor-icon-list-icon\">\n\t\t\t\t\t\t\t<i aria-hidden=\"true\" class=\"fas fa-check\"><\/i>\t\t\t\t\t\t<\/span>\n\t\t\t\t\t\t\t\t\t\t<span class=\"elementor-icon-list-text\">Plus de 145 pays sur 5 continents<\/span>\n\t\t\t\t\t\t\t\t\t<\/li>\n\t\t\t\t\t\t<\/ul>\n\t\t\t\t\t\t<\/div>\n\t\t\t\t<\/div>\n\t\t\t\t\t<\/div>\n\t\t\t\t<\/div>\n\t\t<div class=\"elementor-element elementor-element-f719cb5 e-flex e-con-boxed e-con e-child\" data-id=\"f719cb5\" data-element_type=\"container\">\n\t\t\t\t\t<div class=\"e-con-inner\">\n\t\t\t\t<div class=\"elementor-element elementor-element-4522a98 elementor-icon-list--layout-traditional elementor-list-item-link-full_width elementor-widget elementor-widget-icon-list\" data-id=\"4522a98\" data-element_type=\"widget\" data-widget_type=\"icon-list.default\">\n\t\t\t\t<div class=\"elementor-widget-container\">\n\t\t\t\t\t\t\t<ul class=\"elementor-icon-list-items\">\n\t\t\t\t\t\t\t<li class=\"elementor-icon-list-item\">\n\t\t\t\t\t\t\t\t\t\t\t<span class=\"elementor-icon-list-icon\">\n\t\t\t\t\t\t\t<i aria-hidden=\"true\" class=\"fas fa-check\"><\/i>\t\t\t\t\t\t<\/span>\n\t\t\t\t\t\t\t\t\t\t<span class=\"elementor-icon-list-text\">Plus de 250 professionnels hautement qualifi\u00e9s<\/span>\n\t\t\t\t\t\t\t\t\t<\/li>\n\t\t\t\t\t\t\t\t<li class=\"elementor-icon-list-item\">\n\t\t\t\t\t\t\t\t\t\t\t<span class=\"elementor-icon-list-icon\">\n\t\t\t\t\t\t\t<i aria-hidden=\"true\" class=\"fas fa-check\"><\/i>\t\t\t\t\t\t<\/span>\n\t\t\t\t\t\t\t\t\t\t<span class=\"elementor-icon-list-text\">Revenu annuel moyen 20m$<\/span>\n\t\t\t\t\t\t\t\t\t<\/li>\n\t\t\t\t\t\t\t\t<li class=\"elementor-icon-list-item\">\n\t\t\t\t\t\t\t\t\t\t\t<span class=\"elementor-icon-list-icon\">\n\t\t\t\t\t\t\t<i aria-hidden=\"true\" class=\"fas fa-check\"><\/i>\t\t\t\t\t\t<\/span>\n\t\t\t\t\t\t\t\t\t\t<span class=\"elementor-icon-list-text\">Certifi\u00e9 ISO 9001, 14001 et 45001<\/span>\n\t\t\t\t\t\t\t\t\t<\/li>\n\t\t\t\t\t\t\t\t<li class=\"elementor-icon-list-item\">\n\t\t\t\t\t\t\t\t\t\t\t<span class=\"elementor-icon-list-icon\">\n\t\t\t\t\t\t\t<i aria-hidden=\"true\" class=\"fas fa-check\"><\/i>\t\t\t\t\t\t<\/span>\n\t\t\t\t\t\t\t\t\t\t<span class=\"elementor-icon-list-text\">Sustainability &amp; Climate Change Oriented<\/span>\n\t\t\t\t\t\t\t\t\t<\/li>\n\t\t\t\t\t\t<\/ul>\n\t\t\t\t\t\t<\/div>\n\t\t\t\t<\/div>\n\t\t\t\t\t<\/div>\n\t\t\t\t<\/div>\n\t\t\t\t<\/div>\n\t\t\t\t\t<\/div>\n\t\t\t\t<\/div>\n\t\t<div class=\"elementor-element elementor-element-a7843e6 e-flex e-con-boxed e-con e-parent\" data-id=\"a7843e6\" data-element_type=\"container\" data-settings=\"{&quot;background_background&quot;:&quot;classic&quot;}\">\n\t\t\t\t\t<div class=\"e-con-inner\">\n\t\t<div class=\"elementor-element elementor-element-baf7846 e-con-full e-flex e-con e-child\" data-id=\"baf7846\" data-element_type=\"container\">\n\t\t\t\t<div class=\"elementor-element elementor-element-b91c234 elementor-widget elementor-widget-heading\" data-id=\"b91c234\" data-element_type=\"widget\" data-widget_type=\"heading.default\">\n\t\t\t\t<div class=\"elementor-widget-container\">\n\t\t\t\t\t<h3 class=\"elementor-heading-title elementor-size-default\">Contactez-nous<\/h3>\t\t\t\t<\/div>\n\t\t\t\t<\/div>\n\t\t\t\t<div class=\"elementor-element elementor-element-cd1ecd9 elementor-widget elementor-widget-text-editor\" data-id=\"cd1ecd9\" data-element_type=\"widget\" data-widget_type=\"text-editor.default\">\n\t\t\t\t<div class=\"elementor-widget-container\">\n\t\t\t\t\t\t\t\t\t<p>N'h\u00e9sitez pas \u00e0 nous contacter pour n'importe quelle question ou demande d'information additionnelle.<\/p>\t\t\t\t\t\t\t\t<\/div>\n\t\t\t\t<\/div>\n\t\t\t\t<div class=\"elementor-element elementor-element-651c482 elementor-align-center elementor-tablet-align-center elementor-widget elementor-widget-button\" data-id=\"651c482\" data-element_type=\"widget\" data-widget_type=\"button.default\">\n\t\t\t\t<div class=\"elementor-widget-container\">\n\t\t\t\t\t\t\t\t\t<div class=\"elementor-button-wrapper\">\n\t\t\t\t\t<a class=\"elementor-button elementor-button-link elementor-size-sm\" href=\"\/fr\/contact\/\">\n\t\t\t\t\t\t<span class=\"elementor-button-content-wrapper\">\n\t\t\t\t\t\t\t\t\t<span class=\"elementor-button-text\">Contact<\/span>\n\t\t\t\t\t<\/span>\n\t\t\t\t\t<\/a>\n\t\t\t\t<\/div>\n\t\t\t\t\t\t\t\t<\/div>\n\t\t\t\t<\/div>\n\t\t\t\t<\/div>\n\t\t\t\t\t<\/div>\n\t\t\t\t<\/div>\n\t\t\t\t<\/div>","protected":false},"excerpt":{"rendered":"<p>Building the Future MAI has been in international consultancy for 25 years driving energy and environmental project around the world, helping to design and plan reliable supply systems based on renewable energies and the unique conditions on each environment. 25 Years of Worldwide Consultancy Experience We took a step further to become bigger with the [&hellip;]<\/p>\n","protected":false},"author":10,"featured_media":0,"parent":0,"menu_order":0,"comment_status":"closed","ping_status":"closed","template":"","meta":{"_acf_changed":false,"_seopress_robots_primary_cat":"","_seopress_titles_title":"","_seopress_titles_desc":"","_seopress_robots_index":"","footnotes":""},"class_list":["post-44","page","type-page","status-publish","hentry"],"acf":[],"_links":{"self":[{"href":"https:\/\/www.mai.group\/fr\/wp-json\/wp\/v2\/pages\/44","targetHints":{"allow":["GET"]}}],"collection":[{"href":"https:\/\/www.mai.group\/fr\/wp-json\/wp\/v2\/pages"}],"about":[{"href":"https:\/\/www.mai.group\/fr\/wp-json\/wp\/v2\/types\/page"}],"author":[{"embeddable":true,"href":"https:\/\/www.mai.group\/fr\/wp-json\/wp\/v2\/users\/10"}],"replies":[{"embeddable":true,"href":"https:\/\/www.mai.group\/fr\/wp-json\/wp\/v2\/comments?post=44"}],"version-history":[{"count":3,"href":"https:\/\/www.mai.group\/fr\/wp-json\/wp\/v2\/pages\/44\/revisions"}],"predecessor-version":[{"id":14349,"href":"https:\/\/www.mai.group\/fr\/wp-json\/wp\/v2\/pages\/44\/revisions\/14349"}],"wp:attachment":[{"href":"https:\/\/www.mai.group\/fr\/wp-json\/wp\/v2\/media?parent=44"}],"curies":[{"name":"wp","href":"https:\/\/api.w.org\/{rel}","templated":true}]}}