{"id":3058,"date":"2020-07-27T13:18:41","date_gmt":"2020-07-27T11:18:41","guid":{"rendered":"https:\/\/www.mercadosaries.com\/?page_id=3058"},"modified":"2022-10-20T12:19:19","modified_gmt":"2022-10-20T10:19:19","slug":"services","status":"publish","type":"page","link":"https:\/\/www.mai.group\/fr\/services\/","title":{"rendered":"Prestations de service"},"content":{"rendered":"<div data-elementor-type=\"wp-page\" data-elementor-id=\"3058\" class=\"elementor elementor-3058\" data-elementor-post-type=\"page\">\n\t\t\t\t\t\t<section data-dce-background-image-url=\"https:\/\/www.mai.group\/wp-content\/uploads\/mercados_aries_international-1200_positivo.png\" class=\"elementor-section elementor-top-section elementor-element elementor-element-3bd9ccd elementor-section-boxed elementor-section-height-default elementor-section-height-default\" data-id=\"3bd9ccd\" data-element_type=\"section\" data-settings=\"{&quot;background_background&quot;:&quot;classic&quot;}\">\n\t\t\t\t\t\t<div class=\"elementor-container elementor-column-gap-default\">\n\t\t\t\t\t<div class=\"elementor-column elementor-col-100 elementor-top-column elementor-element elementor-element-e4044a4\" data-id=\"e4044a4\" data-element_type=\"column\">\n\t\t\t<div class=\"elementor-widget-wrap elementor-element-populated\">\n\t\t\t\t\t\t<div class=\"elementor-element elementor-element-62bad0b elementor-widget elementor-widget-heading\" data-id=\"62bad0b\" data-element_type=\"widget\" data-widget_type=\"heading.default\">\n\t\t\t\t<div class=\"elementor-widget-container\">\n\t\t\t\t\t<h2 class=\"elementor-heading-title elementor-size-default\">Nos services<\/h2>\t\t\t\t<\/div>\n\t\t\t\t<\/div>\n\t\t\t\t<div class=\"elementor-element elementor-element-7a71b9d elementor-widget elementor-widget-text-editor\" data-id=\"7a71b9d\" data-element_type=\"widget\" data-widget_type=\"text-editor.default\">\n\t\t\t\t<div class=\"elementor-widget-container\">\n\t\t\t\t\t\t\t\t\t<p>\u00c0\u00a0<strong>Mercados \u2013 B\u00e9lier International (MAI)\u00a0<\/strong>nous proposons une gamme compl\u00e8te de services pour accompagner la transition \u00e9nerg\u00e9tique.<\/p><p>Ce sont nos principaux services :<\/p>\t\t\t\t\t\t\t\t<\/div>\n\t\t\t\t<\/div>\n\t\t\t\t<section data-dce-background-color=\"#F1F9F2C4\" class=\"elementor-section elementor-inner-section elementor-element elementor-element-cb59fa8 elementor-section-boxed elementor-section-height-default elementor-section-height-default elementor-invisible\" data-id=\"cb59fa8\" data-element_type=\"section\" data-settings=\"{&quot;animation&quot;:&quot;zoomIn&quot;,&quot;background_background&quot;:&quot;classic&quot;}\">\n\t\t\t\t\t\t<div class=\"elementor-container elementor-column-gap-default\">\n\t\t\t\t\t<div class=\"elementor-column elementor-col-50 elementor-inner-column elementor-element elementor-element-2910608\" data-id=\"2910608\" data-element_type=\"column\">\n\t\t\t<div class=\"elementor-widget-wrap elementor-element-populated\">\n\t\t\t\t\t\t<div class=\"elementor-element elementor-element-9fde31d elementor-view-framed elementor-shape-circle elementor-widget elementor-widget-icon\" data-id=\"9fde31d\" data-element_type=\"widget\" data-widget_type=\"icon.default\">\n\t\t\t\t<div class=\"elementor-widget-container\">\n\t\t\t\t\t\t\t<div class=\"elementor-icon-wrapper\">\n\t\t\t<div class=\"elementor-icon\">\n\t\t\t<i aria-hidden=\"true\" class=\"far fa-chart-bar\"><\/i>\t\t\t<\/div>\n\t\t<\/div>\n\t\t\t\t\t\t<\/div>\n\t\t\t\t<\/div>\n\t\t\t\t\t<\/div>\n\t\t<\/div>\n\t\t\t\t<div class=\"elementor-column elementor-col-50 elementor-inner-column elementor-element elementor-element-8a85dfc\" data-id=\"8a85dfc\" data-element_type=\"column\">\n\t\t\t<div class=\"elementor-widget-wrap elementor-element-populated\">\n\t\t\t\t\t\t<div class=\"elementor-element elementor-element-ce627e2 elementor-widget elementor-widget-heading\" data-id=\"ce627e2\" data-element_type=\"widget\" data-widget_type=\"heading.default\">\n\t\t\t\t<div class=\"elementor-widget-container\">\n\t\t\t\t\t<h3 class=\"elementor-heading-title elementor-size-default\">Conseil \u00e9conomique et r\u00e9glementaire<\/h3>\t\t\t\t<\/div>\n\t\t\t\t<\/div>\n\t\t\t\t<div class=\"elementor-element elementor-element-bad3e63 elementor-widget elementor-widget-text-editor\" data-id=\"bad3e63\" data-element_type=\"widget\" data-widget_type=\"text-editor.default\">\n\t\t\t\t<div class=\"elementor-widget-container\">\n\t\t\t\t\t\t\t\t\t<p>MAI exploite nos connaissances et nos ressources (<b>Ordena\u00ae<\/b>) pour fournir aux gouvernements et aux clients priv\u00e9s des strat\u00e9gies capables de les guider avec succ\u00e8s dans la transition actuelle du secteur \u00e9nerg\u00e9tique.<\/p><p><a href=\"https:\/\/www.mai.group\/fr\/services\/economic-consulting\/\"><strong><span style=\"text-decoration: underline;\">En savoir plus<\/span><\/strong><\/a><\/p>\t\t\t\t\t\t\t\t<\/div>\n\t\t\t\t<\/div>\n\t\t\t\t\t<\/div>\n\t\t<\/div>\n\t\t\t\t\t<\/div>\n\t\t<\/section>\n\t\t\t\t<section data-dce-background-color=\"#F1F9F2C4\" class=\"elementor-section elementor-inner-section elementor-element elementor-element-0f278a3 elementor-section-boxed elementor-section-height-default elementor-section-height-default elementor-invisible\" data-id=\"0f278a3\" data-element_type=\"section\" data-settings=\"{&quot;animation&quot;:&quot;zoomIn&quot;,&quot;background_background&quot;:&quot;classic&quot;}\">\n\t\t\t\t\t\t<div class=\"elementor-container elementor-column-gap-default\">\n\t\t\t\t\t<div class=\"elementor-column elementor-col-50 elementor-inner-column elementor-element elementor-element-2ea38a2\" data-id=\"2ea38a2\" data-element_type=\"column\">\n\t\t\t<div class=\"elementor-widget-wrap elementor-element-populated\">\n\t\t\t\t\t\t<div class=\"elementor-element elementor-element-32b4fc2 elementor-view-framed elementor-shape-circle elementor-widget elementor-widget-icon\" data-id=\"32b4fc2\" data-element_type=\"widget\" data-widget_type=\"icon.default\">\n\t\t\t\t<div class=\"elementor-widget-container\">\n\t\t\t\t\t\t\t<div class=\"elementor-icon-wrapper\">\n\t\t\t<div class=\"elementor-icon\">\n\t\t\t<i aria-hidden=\"true\" class=\"far fa-handshake\"><\/i>\t\t\t<\/div>\n\t\t<\/div>\n\t\t\t\t\t\t<\/div>\n\t\t\t\t<\/div>\n\t\t\t\t\t<\/div>\n\t\t<\/div>\n\t\t\t\t<div class=\"elementor-column elementor-col-50 elementor-inner-column elementor-element elementor-element-55bf2a9\" data-id=\"55bf2a9\" data-element_type=\"column\">\n\t\t\t<div class=\"elementor-widget-wrap elementor-element-populated\">\n\t\t\t\t\t\t<div class=\"elementor-element elementor-element-2c35e09 elementor-widget elementor-widget-heading\" data-id=\"2c35e09\" data-element_type=\"widget\" data-widget_type=\"heading.default\">\n\t\t\t\t<div class=\"elementor-widget-container\">\n\t\t\t\t\t<h3 class=\"elementor-heading-title elementor-size-default\">Conseil en mati\u00e8re de transactions<\/h3>\t\t\t\t<\/div>\n\t\t\t\t<\/div>\n\t\t\t\t<div class=\"elementor-element elementor-element-864be5b elementor-widget elementor-widget-text-editor\" data-id=\"864be5b\" data-element_type=\"widget\" data-widget_type=\"text-editor.default\">\n\t\t\t\t<div class=\"elementor-widget-container\">\n\t\t\t\t\t\t\t\t\t<p>Notre expertise en mati\u00e8re de due diligence pr\u00e9cise et de soutien strat\u00e9gique nous permet de soutenir les parties prenantes mondiales dans les d\u00e9cisions d&#039;investissement, y compris les transactions entre parties priv\u00e9es, les privatisations et le d\u00e9veloppement de syst\u00e8mes d&#039;ench\u00e8res modernes pour les \u00e9nergies renouvelables.<\/p><p><a href=\"https:\/\/www.mai.group\/fr\/services\/transaction-advisory\/\"><strong><span style=\"text-decoration: underline;\">En savoir plus<\/span><\/strong><\/a><\/p>\t\t\t\t\t\t\t\t<\/div>\n\t\t\t\t<\/div>\n\t\t\t\t\t<\/div>\n\t\t<\/div>\n\t\t\t\t\t<\/div>\n\t\t<\/section>\n\t\t\t\t<section data-dce-background-color=\"#F1F9F2C4\" class=\"elementor-section elementor-inner-section elementor-element elementor-element-92f9fea elementor-section-boxed elementor-section-height-default elementor-section-height-default elementor-invisible\" data-id=\"92f9fea\" data-element_type=\"section\" data-settings=\"{&quot;animation&quot;:&quot;zoomIn&quot;,&quot;background_background&quot;:&quot;classic&quot;}\">\n\t\t\t\t\t\t<div class=\"elementor-container elementor-column-gap-default\">\n\t\t\t\t\t<div class=\"elementor-column elementor-col-50 elementor-inner-column elementor-element elementor-element-db4f700\" data-id=\"db4f700\" data-element_type=\"column\">\n\t\t\t<div class=\"elementor-widget-wrap elementor-element-populated\">\n\t\t\t\t\t\t<div class=\"elementor-element elementor-element-399ec4e elementor-view-framed elementor-shape-circle elementor-widget elementor-widget-icon\" data-id=\"399ec4e\" data-element_type=\"widget\" data-widget_type=\"icon.default\">\n\t\t\t\t<div class=\"elementor-widget-container\">\n\t\t\t\t\t\t\t<div class=\"elementor-icon-wrapper\">\n\t\t\t<div class=\"elementor-icon\">\n\t\t\t<i aria-hidden=\"true\" class=\"fas fa-tools\"><\/i>\t\t\t<\/div>\n\t\t<\/div>\n\t\t\t\t\t\t<\/div>\n\t\t\t\t<\/div>\n\t\t\t\t\t<\/div>\n\t\t<\/div>\n\t\t\t\t<div class=\"elementor-column elementor-col-50 elementor-inner-column elementor-element elementor-element-613b4f0\" data-id=\"613b4f0\" data-element_type=\"column\">\n\t\t\t<div class=\"elementor-widget-wrap elementor-element-populated\">\n\t\t\t\t\t\t<div class=\"elementor-element elementor-element-c9d7012 elementor-widget elementor-widget-heading\" data-id=\"c9d7012\" data-element_type=\"widget\" data-widget_type=\"heading.default\">\n\t\t\t\t<div class=\"elementor-widget-container\">\n\t\t\t\t\t<h3 class=\"elementor-heading-title elementor-size-default\">Conseil technique<\/h3>\t\t\t\t<\/div>\n\t\t\t\t<\/div>\n\t\t\t\t<div class=\"elementor-element elementor-element-a3ef8e1 elementor-widget elementor-widget-text-editor\" data-id=\"a3ef8e1\" data-element_type=\"widget\" data-widget_type=\"text-editor.default\">\n\t\t\t\t<div class=\"elementor-widget-container\">\n\t\t\t\t\t\t\t\t\t<p>Notre expertise dans les projets techniques nous permet de fournir une gamme compl\u00e8te de services et de conseils techniques. \u00c9tudes de syst\u00e8mes \u00e9lectriques, \u00e9laboration de codes de r\u00e9seau, etc.<\/p><p><a href=\"https:\/\/www.mai.group\/fr\/technical-consulting\/\"><strong><span style=\"text-decoration: underline;\">En savoir plus<\/span><\/strong><\/a><\/p>\t\t\t\t\t\t\t\t<\/div>\n\t\t\t\t<\/div>\n\t\t\t\t\t<\/div>\n\t\t<\/div>\n\t\t\t\t\t<\/div>\n\t\t<\/section>\n\t\t\t\t<section data-dce-background-color=\"#F1F9F2C4\" class=\"elementor-section elementor-inner-section elementor-element elementor-element-5e76d1d elementor-section-boxed elementor-section-height-default elementor-section-height-default elementor-invisible\" data-id=\"5e76d1d\" data-element_type=\"section\" data-settings=\"{&quot;animation&quot;:&quot;zoomIn&quot;,&quot;background_background&quot;:&quot;classic&quot;}\">\n\t\t\t\t\t\t<div class=\"elementor-container elementor-column-gap-default\">\n\t\t\t\t\t<div class=\"elementor-column elementor-col-50 elementor-inner-column elementor-element elementor-element-b0af693\" data-id=\"b0af693\" data-element_type=\"column\">\n\t\t\t<div class=\"elementor-widget-wrap elementor-element-populated\">\n\t\t\t\t\t\t<div class=\"elementor-element elementor-element-c7b61a5 elementor-view-framed elementor-shape-circle elementor-widget elementor-widget-icon\" data-id=\"c7b61a5\" data-element_type=\"widget\" data-widget_type=\"icon.default\">\n\t\t\t\t<div class=\"elementor-widget-container\">\n\t\t\t\t\t\t\t<div class=\"elementor-icon-wrapper\">\n\t\t\t<div class=\"elementor-icon\">\n\t\t\t<i aria-hidden=\"true\" class=\"fas fa-suitcase\"><\/i>\t\t\t<\/div>\n\t\t<\/div>\n\t\t\t\t\t\t<\/div>\n\t\t\t\t<\/div>\n\t\t\t\t\t<\/div>\n\t\t<\/div>\n\t\t\t\t<div class=\"elementor-column elementor-col-50 elementor-inner-column elementor-element elementor-element-632a0a2\" data-id=\"632a0a2\" data-element_type=\"column\">\n\t\t\t<div class=\"elementor-widget-wrap elementor-element-populated\">\n\t\t\t\t\t\t<div class=\"elementor-element elementor-element-1ebe1f7 elementor-widget elementor-widget-heading\" data-id=\"1ebe1f7\" data-element_type=\"widget\" data-widget_type=\"heading.default\">\n\t\t\t\t<div class=\"elementor-widget-container\">\n\t\t\t\t\t<h3 class=\"elementor-heading-title elementor-size-default\">Gestion de la mise en \u0153uvre du projet<\/h3>\t\t\t\t<\/div>\n\t\t\t\t<\/div>\n\t\t\t\t<div class=\"elementor-element elementor-element-a25313b elementor-widget elementor-widget-text-editor\" data-id=\"a25313b\" data-element_type=\"widget\" data-widget_type=\"text-editor.default\">\n\t\t\t\t<div class=\"elementor-widget-container\">\n\t\t\t\t\t\t\t\t\t<p>Mercados \u2013 Aries International (MAI) soutient les services publics, les d\u00e9veloppeurs, les clients et les pr\u00eateurs industriels et publics avec un soutien aux appels d&#039;offres et aux contrats, ainsi qu&#039;un soutien de consultant en mise en \u0153uvre pour les r\u00e9seaux de transport, de distribution ainsi que les centrales \u00e9lectriques renouvelables.<\/p><p><a href=\"https:\/\/www.mai.group\/fr\/services\/project-implementation-management\/\"><strong><span style=\"text-decoration: underline;\">En savoir plus<\/span><\/strong><\/a><\/p>\t\t\t\t\t\t\t\t<\/div>\n\t\t\t\t<\/div>\n\t\t\t\t\t<\/div>\n\t\t<\/div>\n\t\t\t\t\t<\/div>\n\t\t<\/section>\n\t\t\t\t<section data-dce-background-color=\"#F1F9F2C4\" class=\"elementor-section elementor-inner-section elementor-element elementor-element-c477458 elementor-section-boxed elementor-section-height-default elementor-section-height-default elementor-invisible\" data-id=\"c477458\" data-element_type=\"section\" data-settings=\"{&quot;animation&quot;:&quot;zoomIn&quot;,&quot;background_background&quot;:&quot;classic&quot;}\">\n\t\t\t\t\t\t<div class=\"elementor-container elementor-column-gap-default\">\n\t\t\t\t\t<div class=\"elementor-column elementor-col-50 elementor-inner-column elementor-element elementor-element-86135d5\" data-id=\"86135d5\" data-element_type=\"column\">\n\t\t\t<div class=\"elementor-widget-wrap elementor-element-populated\">\n\t\t\t\t\t\t<div class=\"elementor-element elementor-element-5072c22 elementor-view-framed elementor-shape-circle elementor-widget elementor-widget-icon\" data-id=\"5072c22\" data-element_type=\"widget\" data-widget_type=\"icon.default\">\n\t\t\t\t<div class=\"elementor-widget-container\">\n\t\t\t\t\t\t\t<div class=\"elementor-icon-wrapper\">\n\t\t\t<div class=\"elementor-icon\">\n\t\t\t<i aria-hidden=\"true\" class=\"fas fa-globe\"><\/i>\t\t\t<\/div>\n\t\t<\/div>\n\t\t\t\t\t\t<\/div>\n\t\t\t\t<\/div>\n\t\t\t\t\t<\/div>\n\t\t<\/div>\n\t\t\t\t<div class=\"elementor-column elementor-col-50 elementor-inner-column elementor-element elementor-element-4642432\" data-id=\"4642432\" data-element_type=\"column\">\n\t\t\t<div class=\"elementor-widget-wrap elementor-element-populated\">\n\t\t\t\t\t\t<div class=\"elementor-element elementor-element-d9cd8d9 elementor-widget elementor-widget-heading\" data-id=\"d9cd8d9\" data-element_type=\"widget\" data-widget_type=\"heading.default\">\n\t\t\t\t<div class=\"elementor-widget-container\">\n\t\t\t\t\t<h3 class=\"elementor-heading-title elementor-size-default\">Data Intelligence &amp; Modelling<\/h3>\t\t\t\t<\/div>\n\t\t\t\t<\/div>\n\t\t\t\t<div class=\"elementor-element elementor-element-53b5539 elementor-widget elementor-widget-text-editor\" data-id=\"53b5539\" data-element_type=\"widget\" data-widget_type=\"text-editor.default\">\n\t\t\t\t<div class=\"elementor-widget-container\">\n\t\t\t\t\t\t\t\t\t<p>Pendant 15 ans,\u00a0<strong>Mercados \u2013 B\u00e9lier International<\/strong>\u00a0(MAI) a d\u00e9velopp\u00e9 des solutions de Business Intelligence dot\u00e9es de leur propre personnalit\u00e9 et dont la valeur est reconnue par nos Clients.<\/p><p><a href=\"\/fr\/business-intelligence\/\"><strong><span style=\"text-decoration: underline;\">En savoir plus<\/span><\/strong><\/a><\/p>\t\t\t\t\t\t\t\t<\/div>\n\t\t\t\t<\/div>\n\t\t\t\t\t<\/div>\n\t\t<\/div>\n\t\t\t\t\t<\/div>\n\t\t<\/section>\n\t\t\t\t<section data-dce-background-color=\"#F1F9F2C4\" class=\"elementor-section elementor-inner-section elementor-element elementor-element-7fb43a7 elementor-section-boxed elementor-section-height-default elementor-section-height-default elementor-invisible\" data-id=\"7fb43a7\" data-element_type=\"section\" data-settings=\"{&quot;animation&quot;:&quot;zoomIn&quot;,&quot;background_background&quot;:&quot;classic&quot;}\">\n\t\t\t\t\t\t<div class=\"elementor-container elementor-column-gap-default\">\n\t\t\t\t\t<div class=\"elementor-column elementor-col-50 elementor-inner-column elementor-element elementor-element-67c8c60\" data-id=\"67c8c60\" data-element_type=\"column\">\n\t\t\t<div class=\"elementor-widget-wrap elementor-element-populated\">\n\t\t\t\t\t\t<div class=\"elementor-element elementor-element-46674ab elementor-view-framed elementor-shape-circle elementor-widget elementor-widget-icon\" data-id=\"46674ab\" data-element_type=\"widget\" data-widget_type=\"icon.default\">\n\t\t\t\t<div class=\"elementor-widget-container\">\n\t\t\t\t\t\t\t<div class=\"elementor-icon-wrapper\">\n\t\t\t<div class=\"elementor-icon\">\n\t\t\t<i aria-hidden=\"true\" class=\"fas fa-hands\"><\/i>\t\t\t<\/div>\n\t\t<\/div>\n\t\t\t\t\t\t<\/div>\n\t\t\t\t<\/div>\n\t\t\t\t\t<\/div>\n\t\t<\/div>\n\t\t\t\t<div class=\"elementor-column elementor-col-50 elementor-inner-column elementor-element elementor-element-7be81eb\" data-id=\"7be81eb\" data-element_type=\"column\">\n\t\t\t<div class=\"elementor-widget-wrap elementor-element-populated\">\n\t\t\t\t\t\t<div class=\"elementor-element elementor-element-907cc55 elementor-widget elementor-widget-heading\" data-id=\"907cc55\" data-element_type=\"widget\" data-widget_type=\"heading.default\">\n\t\t\t\t<div class=\"elementor-widget-container\">\n\t\t\t\t\t<h3 class=\"elementor-heading-title elementor-size-default\">Environmental, Social &amp; Gender<\/h3>\t\t\t\t<\/div>\n\t\t\t\t<\/div>\n\t\t\t\t<div class=\"elementor-element elementor-element-38f5fba elementor-widget elementor-widget-text-editor\" data-id=\"38f5fba\" data-element_type=\"widget\" data-widget_type=\"text-editor.default\">\n\t\t\t\t<div class=\"elementor-widget-container\">\n\t\t\t\t\t\t\t\t\t<p><strong>Mercados \u2013 B\u00e9lier International<\/strong> en tant qu&#039;entreprise socialement responsable qui r\u00e9pond aux <strong>Objectifs de d\u00e9veloppement durable<\/strong>, nous avons soulign\u00e9 la n\u00e9cessit\u00e9 d\u2019aborder les crit\u00e8res environnementaux, sociaux et de gouvernance avec une vision int\u00e9gr\u00e9e.<\/p><p><a href=\"\/fr\/environment-social-gender\/\"><strong><span style=\"text-decoration: underline;\">En savoir plus<\/span><\/strong><\/a><\/p>\t\t\t\t\t\t\t\t<\/div>\n\t\t\t\t<\/div>\n\t\t\t\t\t<\/div>\n\t\t<\/div>\n\t\t\t\t\t<\/div>\n\t\t<\/section>\n\t\t\t\t\t<\/div>\n\t\t<\/div>\n\t\t\t\t\t<\/div>\n\t\t<\/section>\n\t\t\t\t<section class=\"elementor-section elementor-top-section elementor-element elementor-element-43a88075 elementor-section-boxed elementor-section-height-default elementor-section-height-default\" data-id=\"43a88075\" data-element_type=\"section\">\n\t\t\t\t\t\t<div class=\"elementor-container elementor-column-gap-default\">\n\t\t\t\t\t<div class=\"elementor-column elementor-col-100 elementor-top-column elementor-element elementor-element-1a84be8a\" data-id=\"1a84be8a\" data-element_type=\"column\">\n\t\t\t<div class=\"elementor-widget-wrap elementor-element-populated\">\n\t\t\t\t\t\t<div class=\"elementor-element elementor-element-75041f28 elementor-widget elementor-widget-heading\" data-id=\"75041f28\" data-element_type=\"widget\" data-widget_type=\"heading.default\">\n\t\t\t\t<div class=\"elementor-widget-container\">\n\t\t\t\t\t<h3 class=\"elementor-heading-title elementor-size-default\">Contactez-nous<\/h3>\t\t\t\t<\/div>\n\t\t\t\t<\/div>\n\t\t\t\t<div class=\"elementor-element elementor-element-16dd23a6 elementor-widget elementor-widget-text-editor\" data-id=\"16dd23a6\" data-element_type=\"widget\" data-widget_type=\"text-editor.default\">\n\t\t\t\t<div class=\"elementor-widget-container\">\n\t\t\t\t\t\t\t\t\t<p>N&#039;h\u00e9sitez pas \u00e0 nous contacter pour toute demande ou information<\/p>\t\t\t\t\t\t\t\t<\/div>\n\t\t\t\t<\/div>\n\t\t\t\t<div class=\"elementor-element elementor-element-57179993 elementor-align-center elementor-tablet-align-center elementor-widget elementor-widget-button\" data-id=\"57179993\" data-element_type=\"widget\" data-widget_type=\"button.default\">\n\t\t\t\t<div class=\"elementor-widget-container\">\n\t\t\t\t\t\t\t\t\t<div class=\"elementor-button-wrapper\">\n\t\t\t\t\t<a class=\"elementor-button elementor-button-link elementor-size-sm\" href=\"\/fr\/contact\/\">\n\t\t\t\t\t\t<span class=\"elementor-button-content-wrapper\">\n\t\t\t\t\t\t\t\t\t<span class=\"elementor-button-text\">Contact<\/span>\n\t\t\t\t\t<\/span>\n\t\t\t\t\t<\/a>\n\t\t\t\t<\/div>\n\t\t\t\t\t\t\t\t<\/div>\n\t\t\t\t<\/div>\n\t\t\t\t\t<\/div>\n\t\t<\/div>\n\t\t\t\t\t<\/div>\n\t\t<\/section>\n\t\t\t\t<\/div>","protected":false},"excerpt":{"rendered":"<p>Our Services At\u00a0Mercados \u2013 Aries International (MAI)\u00a0we provide a full range of services to support the Energy Transition. Those are our main services: Economic and Regulatory Consulting MAI leverages our knowledge and resources (Ordena\u00ae) to provide governments and private clients with strategies that can successfully guide them through the current energy sector transition. Read more [&hellip;]<\/p>\n","protected":false},"author":10,"featured_media":0,"parent":0,"menu_order":0,"comment_status":"closed","ping_status":"closed","template":"","meta":{"_acf_changed":false,"_seopress_robots_primary_cat":"","_seopress_titles_title":"","_seopress_titles_desc":"","_seopress_robots_index":"","footnotes":""},"class_list":["post-3058","page","type-page","status-publish","hentry"],"acf":[],"_links":{"self":[{"href":"https:\/\/www.mai.group\/fr\/wp-json\/wp\/v2\/pages\/3058","targetHints":{"allow":["GET"]}}],"collection":[{"href":"https:\/\/www.mai.group\/fr\/wp-json\/wp\/v2\/pages"}],"about":[{"href":"https:\/\/www.mai.group\/fr\/wp-json\/wp\/v2\/types\/page"}],"author":[{"embeddable":true,"href":"https:\/\/www.mai.group\/fr\/wp-json\/wp\/v2\/users\/10"}],"replies":[{"embeddable":true,"href":"https:\/\/www.mai.group\/fr\/wp-json\/wp\/v2\/comments?post=3058"}],"version-history":[{"count":0,"href":"https:\/\/www.mai.group\/fr\/wp-json\/wp\/v2\/pages\/3058\/revisions"}],"wp:attachment":[{"href":"https:\/\/www.mai.group\/fr\/wp-json\/wp\/v2\/media?parent=3058"}],"curies":[{"name":"wp","href":"https:\/\/api.w.org\/{rel}","templated":true}]}}