{"id":12352,"date":"2023-06-27T18:06:50","date_gmt":"2023-06-27T16:06:50","guid":{"rendered":"https:\/\/www.mercadosaries.com\/?page_id=12352"},"modified":"2024-05-03T11:55:27","modified_gmt":"2024-05-03T09:55:27","slug":"management-consulting","status":"publish","type":"page","link":"https:\/\/www.mai.group\/fr\/management-consulting\/","title":{"rendered":"Conseil en gestion"},"content":{"rendered":"<div data-elementor-type=\"wp-page\" data-elementor-id=\"12352\" class=\"elementor elementor-12352\" data-elementor-post-type=\"page\">\n\t\t\t\t<div class=\"elementor-element elementor-element-0a1f5f0 e-con-full e-flex e-con e-parent\" data-id=\"0a1f5f0\" data-element_type=\"container\">\n\t\t<div data-dce-background-image-url=\"https:\/\/www.mai.group\/wp-content\/uploads\/2023\/11\/Management-Consulting-1-scaled.jpg\" class=\"elementor-element elementor-element-4054e41 e-con-full e-flex e-con e-child\" data-id=\"4054e41\" data-element_type=\"container\" data-settings=\"{&quot;background_background&quot;:&quot;classic&quot;}\">\n\t\t\t\t<div class=\"elementor-element elementor-element-3c14bee elementor-widget elementor-widget-spacer\" data-id=\"3c14bee\" data-element_type=\"widget\" data-widget_type=\"spacer.default\">\n\t\t\t\t<div class=\"elementor-widget-container\">\n\t\t\t\t\t\t\t<div class=\"elementor-spacer\">\n\t\t\t<div class=\"elementor-spacer-inner\"><\/div>\n\t\t<\/div>\n\t\t\t\t\t\t<\/div>\n\t\t\t\t<\/div>\n\t\t\t\t<\/div>\n\t\t<div class=\"elementor-element elementor-element-d5d4a15 e-con-full e-flex e-con e-child\" data-id=\"d5d4a15\" data-element_type=\"container\" data-settings=\"{&quot;background_background&quot;:&quot;classic&quot;}\">\n\t\t\t\t<div class=\"elementor-element elementor-element-4bdeee5 elementor-widget elementor-widget-heading\" data-id=\"4bdeee5\" data-element_type=\"widget\" data-widget_type=\"heading.default\">\n\t\t\t\t<div class=\"elementor-widget-container\">\n\t\t\t\t\t<h1 class=\"elementor-heading-title elementor-size-default\">Conseil en gestion<\/h1>\t\t\t\t<\/div>\n\t\t\t\t<\/div>\n\t\t\t\t<div class=\"elementor-element elementor-element-fba2b60 elementor-widget elementor-widget-text-editor\" data-id=\"fba2b60\" data-element_type=\"widget\" data-widget_type=\"text-editor.default\">\n\t\t\t\t<div class=\"elementor-widget-container\">\n\t\t\t\t\t\t\t\t\t<p><strong>MAI<\/strong> est un leader mondial reconnu dans le conseil en gestion de l'\u00c9nergie et de l'Eau. Nous fournissons aux gouvernements, aux clients priv\u00e9s et aux donateurs des strat\u00e9gies et des solutions qui peuvent les guider avec succ\u00e8s vers la transition \u00e9nerg\u00e9tique et un d\u00e9veloppement r\u00e9silient, en utilisant de nouvelles technologies pour un avenir \u00e0 faibles \u00e9missions de carbone. Nous proposons une gamme compl\u00e8te de services pour tous les besoins de nos clients dans une vision durable, tous soutenus par nos solutions Data Intelligence et Modeling.<\/p>\t\t\t\t\t\t\t\t<\/div>\n\t\t\t\t<\/div>\n\t\t\t\t<div class=\"elementor-element elementor-element-ff8a162 elementor-icon-list--layout-traditional elementor-list-item-link-full_width elementor-widget elementor-widget-icon-list\" data-id=\"ff8a162\" data-element_type=\"widget\" data-widget_type=\"icon-list.default\">\n\t\t\t\t<div class=\"elementor-widget-container\">\n\t\t\t\t\t\t\t<ul class=\"elementor-icon-list-items\">\n\t\t\t\t\t\t\t<li class=\"elementor-icon-list-item\">\n\t\t\t\t\t\t\t\t\t\t\t<span class=\"elementor-icon-list-icon\">\n\t\t\t\t\t\t\t<i aria-hidden=\"true\" class=\"fas fa-check\"><\/i>\t\t\t\t\t\t<\/span>\n\t\t\t\t\t\t\t\t\t\t<span class=\"elementor-icon-list-text\"><b>Conseil \u00e9conomique<\/b>, couvrant la politique, la r\u00e9glementation et l\u2019analyse de march\u00e9.<\/span>\n\t\t\t\t\t\t\t\t\t<\/li>\n\t\t\t\t\t\t\t\t<li class=\"elementor-icon-list-item\">\n\t\t\t\t\t\t\t\t\t\t\t<span class=\"elementor-icon-list-icon\">\n\t\t\t\t\t\t\t<i aria-hidden=\"true\" class=\"fas fa-check\"><\/i>\t\t\t\t\t\t<\/span>\n\t\t\t\t\t\t\t\t\t\t<span class=\"elementor-icon-list-text\"><b>Conseil en mati\u00e8re de transactions<\/b>, comprenant tout type de soutien technique et financier pour les op\u00e9rations d'\u00e9nergie et d'eau, y compris entre autres la Due Diligence, la pr\u00e9vision d'indicateurs, l'\u00e9valuation du rendement, la structuration de financement de projets, etc.<\/span>\n\t\t\t\t\t\t\t\t\t<\/li>\n\t\t\t\t\t\t\t\t<li class=\"elementor-icon-list-item\">\n\t\t\t\t\t\t\t\t\t\t\t<span class=\"elementor-icon-list-icon\">\n\t\t\t\t\t\t\t<i aria-hidden=\"true\" class=\"fas fa-check\"><\/i>\t\t\t\t\t\t<\/span>\n\t\t\t\t\t\t\t\t\t\t<span class=\"elementor-icon-list-text\"><b>Op\u00e9rations de services publics<\/b>, abordant l'analyse et le fonctionnement des soci\u00e9t\u00e9s r\u00e9glement\u00e9es en se concentrant sur la gestion, la gouvernance et l'am\u00e9lioration des indicateurs critiques tels que les pertes, le recouvrement, la performance.<\/span>\n\t\t\t\t\t\t\t\t\t<\/li>\n\t\t\t\t\t\t<\/ul>\n\t\t\t\t\t\t<\/div>\n\t\t\t\t<\/div>\n\t\t\t\t<\/div>\n\t\t\t\t<\/div>\n\t\t<div class=\"elementor-element elementor-element-0e83533 e-flex e-con-boxed e-con e-parent\" data-id=\"0e83533\" data-element_type=\"container\" data-settings=\"{&quot;background_background&quot;:&quot;classic&quot;}\">\n\t\t\t\t\t<div class=\"e-con-inner\">\n\t\t<div class=\"elementor-element elementor-element-0646980 e-con-full e-flex e-con e-child\" data-id=\"0646980\" data-element_type=\"container\">\n\t\t\t\t<div class=\"elementor-element elementor-element-195a802 elementor-widget elementor-widget-heading\" data-id=\"195a802\" data-element_type=\"widget\" data-widget_type=\"heading.default\">\n\t\t\t\t<div class=\"elementor-widget-container\">\n\t\t\t\t\t<h2 class=\"elementor-heading-title elementor-size-default\">Nos services en Conseil en gestion<\/h2>\t\t\t\t<\/div>\n\t\t\t\t<\/div>\n\t\t\t\t<div class=\"elementor-element elementor-element-531b0c9 elementor-widget elementor-widget-html\" data-id=\"531b0c9\" data-element_type=\"widget\" data-widget_type=\"html.default\">\n\t\t\t\t<div class=\"elementor-widget-container\">\n\t\t\t\t\t<script>\njQuery(document).ready(function($) {\nvar delay = 100; setTimeout(function() {\n$('.elementor-tab-title').removeClass('elementor-active');\n $('.elementor-tab-content').css('display', 'none'); }, delay);\n});\n<\/script>\t\t\t\t<\/div>\n\t\t\t\t<\/div>\n\t\t\t\t<div class=\"elementor-element elementor-element-8730ff9 elementor-widget elementor-widget-accordion\" data-id=\"8730ff9\" data-element_type=\"widget\" data-widget_type=\"accordion.default\">\n\t\t\t\t<div class=\"elementor-widget-container\">\n\t\t\t\t\t\t\t<div class=\"elementor-accordion\">\n\t\t\t\t\t\t\t<div class=\"elementor-accordion-item\">\n\t\t\t\t\t<div id=\"elementor-tab-title-1411\" class=\"elementor-tab-title\" data-tab=\"1\" role=\"button\" aria-controls=\"elementor-tab-content-1411\" aria-expanded=\"false\">\n\t\t\t\t\t\t\t\t\t\t\t\t\t<span class=\"elementor-accordion-icon elementor-accordion-icon-right\" aria-hidden=\"true\">\n\t\t\t\t\t\t\t\t\t\t\t\t\t\t\t<span class=\"elementor-accordion-icon-closed\"><i class=\"fas fa-plus\"><\/i><\/span>\n\t\t\t\t\t\t\t\t<span class=\"elementor-accordion-icon-opened\"><i class=\"fas fa-minus\"><\/i><\/span>\n\t\t\t\t\t\t\t\t\t\t\t\t\t\t<\/span>\n\t\t\t\t\t\t\t\t\t\t\t\t<a class=\"elementor-accordion-title\" tabindex=\"0\">\u00c9conomie<\/a>\n\t\t\t\t\t<\/div>\n\t\t\t\t\t<div id=\"elementor-tab-content-1411\" class=\"elementor-tab-content elementor-clearfix\" data-tab=\"1\" role=\"region\" aria-labelledby=\"elementor-tab-title-1411\"><ul><li><b>\u00c9conomie de l\u2019\u00c9nergie et de l\u2019Eau<\/b><ul><li>Analyse \u00e9conomique et r\u00e9glementation<\/li><li>Calcul et conception des tarifs<\/li><li>Optimisation des subventions<\/li><li>\u00c9tudes de demande<\/li><li>Plan directeur<\/li><li>Analyses Co\u00fbts-Avantages<\/li><li>Assistance en cas de litige<\/li><\/ul><\/li><\/ul><p>\u00a0<\/p><ul><li><b>Strat\u00e9gie d&#039;entreprise<\/b><ul><li class=\"translation-block\">Mod\u00e9lisation Ordena\u00ae et <b>Plexos<\/b><\/li><li>Pr\u00e9vision des prix du march\u00e9 de l\u2019\u00e9lectricit\u00e9<\/li><li>Optimisation du transport de l'\u00e9lectricit\u00e9<\/li><li>\u00c9valuation des investissements<\/li><\/ul><\/li><\/ul><p>\u00a0<\/p><ul><li><b>Conseil en r\u00e9glementation <\/b><ul><li>Restructuration et d\u00e9groupage<\/li><li>D\u00e9veloppement de la l\u00e9gislation<\/li><li>Ench\u00e8res renouvelables<\/li><li>Promotion des ER et EE<\/li><li>Conception des march\u00e9s nationaux et r\u00e9gionaux de l\u2019\u00e9lectricit\u00e9<\/li><li>Strat\u00e9gie \u00e9nerg\u00e9tique<\/li><\/ul><\/li><\/ul><p>\u00a0<\/p><ul><li><b>Programmes de renforcement des capacit\u00e9s<\/b><ul><li>Voyages d&#039;\u00e9tude<\/li><li>Formation ponctuelle<\/li><li>D\u00e9veloppement institutionnel<\/li><\/ul><\/li><\/ul><p>\u00a0<\/p><p><i>Nous utilisons Energy Exemplar <\/i><i>Plexos<\/i><i>\u00ae pour nos mod\u00e9lisations dans les secteurs de l&#039;Energie et de l&#039;Eau. <\/i><\/p><\/div>\n\t\t\t\t<\/div>\n\t\t\t\t\t\t\t<div class=\"elementor-accordion-item\">\n\t\t\t\t\t<div id=\"elementor-tab-title-1412\" class=\"elementor-tab-title\" data-tab=\"2\" role=\"button\" aria-controls=\"elementor-tab-content-1412\" aria-expanded=\"false\">\n\t\t\t\t\t\t\t\t\t\t\t\t\t<span class=\"elementor-accordion-icon elementor-accordion-icon-right\" aria-hidden=\"true\">\n\t\t\t\t\t\t\t\t\t\t\t\t\t\t\t<span class=\"elementor-accordion-icon-closed\"><i class=\"fas fa-plus\"><\/i><\/span>\n\t\t\t\t\t\t\t\t<span class=\"elementor-accordion-icon-opened\"><i class=\"fas fa-minus\"><\/i><\/span>\n\t\t\t\t\t\t\t\t\t\t\t\t\t\t<\/span>\n\t\t\t\t\t\t\t\t\t\t\t\t<a class=\"elementor-accordion-title\" tabindex=\"0\">Conseil en mati\u00e8re de transactions<\/a>\n\t\t\t\t\t<\/div>\n\t\t\t\t\t<div id=\"elementor-tab-content-1412\" class=\"elementor-tab-content elementor-clearfix\" data-tab=\"2\" role=\"region\" aria-labelledby=\"elementor-tab-title-1412\"><ul><li><b>Due Diligence compl\u00e8te<\/b><ul><li>Financier et \u00e9conomique<\/li><li>March\u00e9<\/li><li>R\u00e9glementaire<\/li><li>Technique<\/li><li>Environnement<\/li><\/ul><\/li><\/ul><p>\u00a0<\/p><ul><li><b>Soutien aux PPP<\/b><ul><li>R\u00e9gimes de concession<\/li><li>Contrats PPP<\/li><\/ul><\/li><\/ul><p>\u00a0<\/p><ul><li><b>Pr\u00e9vision de param\u00e8tres cl\u00e9s<\/b><ul><li>\u00c9valuation de CAPEX et OPEX<\/li><li>Pr\u00e9vision des prix \u00e0 long terme<\/li><li>\u00c9valuation du rendement<\/li><li>Pr\u00e9vision des revenus<\/li><\/ul><\/li><\/ul><p>\u00a0<\/p><ul><li><b>Structuration de fonds propres et de financement de projets<\/b><\/li><\/ul><p>\u00a0<\/p><p>Nos Due Diligences utilisent l\u2019outil propri\u00e9taire sophistiqu\u00e9 <b>Ordena<sup>\u00ae<\/sup><\/b> pour le d\u00e9veloppement du secteur \u00e9lectrique,<\/p><p>Et <b>M\u00c9RUM<sup>\u00ae<\/sup><\/b> dans le cas des utilitaires de r\u00e9seau<\/p><\/div>\n\t\t\t\t<\/div>\n\t\t\t\t\t\t\t<div class=\"elementor-accordion-item\">\n\t\t\t\t\t<div id=\"elementor-tab-title-1413\" class=\"elementor-tab-title\" data-tab=\"3\" role=\"button\" aria-controls=\"elementor-tab-content-1413\" aria-expanded=\"false\">\n\t\t\t\t\t\t\t\t\t\t\t\t\t<span class=\"elementor-accordion-icon elementor-accordion-icon-right\" aria-hidden=\"true\">\n\t\t\t\t\t\t\t\t\t\t\t\t\t\t\t<span class=\"elementor-accordion-icon-closed\"><i class=\"fas fa-plus\"><\/i><\/span>\n\t\t\t\t\t\t\t\t<span class=\"elementor-accordion-icon-opened\"><i class=\"fas fa-minus\"><\/i><\/span>\n\t\t\t\t\t\t\t\t\t\t\t\t\t\t<\/span>\n\t\t\t\t\t\t\t\t\t\t\t\t<a class=\"elementor-accordion-title\" tabindex=\"0\">Op\u00e9rations de services publics<\/a>\n\t\t\t\t\t<\/div>\n\t\t\t\t\t<div id=\"elementor-tab-content-1413\" class=\"elementor-tab-content elementor-clearfix\" data-tab=\"3\" role=\"region\" aria-labelledby=\"elementor-tab-title-1413\"><ul><li><b>Analyse technique<\/b><ul><li>\u00c9valuation de la durabilit\u00e9 des actifs<\/li><li>D\u00e9veloppement et suivi des KPI<\/li><li>Analyse de r\u00e9silience<\/li><li>Plans de r\u00e9duction des sinistres<\/li><li>Plans d&#039;am\u00e9lioration de la qualit\u00e9 de service<\/li><\/ul><\/li><\/ul><p>\u00a0<\/p><ul><li><b>Op\u00e9rations commerciales de services publics<\/b><ul><li>Optimisation des affaires<\/li><li>Fonctionnement de l&#039;entreprise<\/li><li>Gestion des utilitaires<\/li><\/ul><\/li><\/ul><p>\u00a0<\/p><ul><li><b>Programmes de renforcement des capacit\u00e9s<\/b><ul><li>Voyages d&#039;\u00e9tude<\/li><li>Formation ponctuelle<\/li><li>D\u00e9veloppement institutionnel<\/li><\/ul><\/li><\/ul><p>\u00a0<\/p><p><i>MAI peut d\u00e9ployer des managers et des experts cl\u00e9s poss\u00e9dant une exp\u00e9rience pratique pour exploiter efficacement les services publics.<\/i><\/p><\/div>\n\t\t\t\t<\/div>\n\t\t\t\t\t\t\t\t<\/div>\n\t\t\t\t\t\t<\/div>\n\t\t\t\t<\/div>\n\t\t\t\t<\/div>\n\t\t\t\t\t<\/div>\n\t\t\t\t<\/div>\n\t\t<div class=\"elementor-element elementor-element-76670a3 e-flex e-con-boxed e-con e-parent\" data-id=\"76670a3\" data-element_type=\"container\">\n\t\t\t\t\t<div class=\"e-con-inner\">\n\t\t<div class=\"elementor-element elementor-element-d7e3e73 e-con-full e-flex e-con e-child\" data-id=\"d7e3e73\" data-element_type=\"container\">\n\t\t\t\t<div class=\"elementor-element elementor-element-d5d939a elementor-widget elementor-widget-text-editor\" data-id=\"d5d939a\" data-element_type=\"widget\" data-widget_type=\"text-editor.default\">\n\t\t\t\t<div class=\"elementor-widget-container\">\n\t\t\t\t\t\t\t\t\t<p>La transition \u00e9nerg\u00e9tique n\u00e9cessite une forte am\u00e9lioration du cadre r\u00e9glementaire et des d\u00e9cisions strat\u00e9giques pour maximiser les b\u00e9n\u00e9fices des nouveaux paradigmes \u00e9nerg\u00e9tiques. Notre \u00e9quipe permet l\u2019analyse et le d\u00e9veloppement d\u2019un cadre juste et adapt\u00e9 au d\u00e9veloppement des march\u00e9s et des transactions \u00e9nerg\u00e9tiques.<\/p><p>Nos 20 ans d&#039;exp\u00e9rience dans l&#039;industrie nous permettent de mettre \u00e0 profit nos connaissances et nos ressources pour fournir aux gouvernements et aux clients priv\u00e9s des strat\u00e9gies qui peuvent les guider avec succ\u00e8s dans la transition actuelle du secteur \u00e9nerg\u00e9tique.<\/p>\t\t\t\t\t\t\t\t<\/div>\n\t\t\t\t<\/div>\n\t\t\t\t<div class=\"elementor-element elementor-element-a922a15 elementor-widget elementor-widget-image\" data-id=\"a922a15\" data-element_type=\"widget\" data-widget_type=\"image.default\">\n\t\t\t\t<div class=\"elementor-widget-container\">\n\t\t\t\t\t\t\t\t\t\t\t\t\t\t\t<img fetchpriority=\"high\" decoding=\"async\" width=\"263\" height=\"313\" src=\"https:\/\/www.mai.group\/wp-content\/uploads\/2023\/11\/LL-passport.jpg\" class=\"attachment-full size-full wp-image-13696\" alt=\"\" srcset=\"https:\/\/www.mai.group\/wp-content\/uploads\/2023\/11\/LL-passport.jpg 263w, https:\/\/www.mai.group\/wp-content\/uploads\/2023\/11\/LL-passport-252x300.jpg 252w, https:\/\/www.mai.group\/wp-content\/uploads\/2023\/11\/LL-passport-10x12.jpg 10w\" sizes=\"(max-width: 263px) 100vw, 263px\" loading=\"eager\" \/>\t\t\t\t\t\t\t\t\t\t\t\t\t\t\t<\/div>\n\t\t\t\t<\/div>\n\t\t\t\t<div class=\"elementor-element elementor-element-4c24986 elementor-widget elementor-widget-heading\" data-id=\"4c24986\" data-element_type=\"widget\" data-widget_type=\"heading.default\">\n\t\t\t\t<div class=\"elementor-widget-container\">\n\t\t\t\t\t<div class=\"elementor-heading-title elementor-size-default\">Leonardo Lupano<\/div>\t\t\t\t<\/div>\n\t\t\t\t<\/div>\n\t\t\t\t<div class=\"elementor-element elementor-element-5444b16 elementor-align-center elementor-widget elementor-widget-button\" data-id=\"5444b16\" data-element_type=\"widget\" id=\"button-lupano\" data-widget_type=\"button.default\">\n\t\t\t\t<div class=\"elementor-widget-container\">\n\t\t\t\t\t\t\t\t\t<div class=\"elementor-button-wrapper\">\n\t\t\t\t\t<a class=\"elementor-button elementor-button-link elementor-size-sm\" href=\"#\">\n\t\t\t\t\t\t<span class=\"elementor-button-content-wrapper\">\n\t\t\t\t\t\t\t\t\t<span class=\"elementor-button-text\">Contact<\/span>\n\t\t\t\t\t<\/span>\n\t\t\t\t\t<\/a>\n\t\t\t\t<\/div>\n\t\t\t\t\t\t\t\t<\/div>\n\t\t\t\t<\/div>\n\t\t\t\t<div class=\"dce-visibility-element-hidden dce-visibility-original-content dce-visibility-event elementor-element elementor-element-5a337e8 pag-contacto elementor-widget elementor-widget-htcontactform-addons\" data-id=\"5a337e8\" data-element_type=\"widget\" data-settings=\"{&quot;enabled_visibility&quot;:&quot;yes&quot;,&quot;dce_visibility_click&quot;:&quot;#button-lupano&quot;,&quot;dce_visibility_click_show&quot;:&quot;slide&quot;,&quot;dce_visibility_click_toggle&quot;:&quot;yes&quot;,&quot;dce_visibility_selected&quot;:&quot;yes&quot;,&quot;dce_visibility_event&quot;:&quot;click&quot;,&quot;dce_visibility_event_transition_delay&quot;:400}\" data-widget_type=\"htcontactform-addons.default\">\n\t\t\t\t<div class=\"elementor-widget-container\">\n\t\t\t\t\t            <div class=\"htcontact-form-wrapper\" >\n                \n<div class=\"wpcf7 no-js\" id=\"wpcf7-f3194-o1\" lang=\"es-ES\" dir=\"ltr\" data-wpcf7-id=\"3194\">\n<div class=\"screen-reader-response\"><p role=\"status\" aria-live=\"polite\" aria-atomic=\"true\"><\/p> <ul><\/ul><\/div>\n<form action=\"\/fr\/wp-json\/wp\/v2\/pages\/12352#wpcf7-f3194-o1\" method=\"post\" class=\"wpcf7-form init\" aria-label=\"Formulaire de contact\" novalidate=\"novalidate\" data-status=\"init\" data-trp-original-action=\"\/fr\/wp-json\/wp\/v2\/pages\/12352#wpcf7-f3194-o1\">\n<fieldset class=\"hidden-fields-container\"><input type=\"hidden\" name=\"_wpcf7\" value=\"3194\" \/><input type=\"hidden\" name=\"_wpcf7_version\" value=\"6.1.5\" \/><input type=\"hidden\" name=\"_wpcf7_locale\" value=\"es_ES\" \/><input type=\"hidden\" name=\"_wpcf7_unit_tag\" value=\"wpcf7-f3194-o1\" \/><input type=\"hidden\" name=\"_wpcf7_container_post\" value=\"0\" \/><input type=\"hidden\" name=\"_wpcf7_posted_data_hash\" value=\"\" \/><input type=\"hidden\" name=\"_extcf7_conditional_options\" value=\"{&quot;form_id&quot;:3194,&quot;conditions&quot;:[]}\" \/><input type=\"hidden\" name=\"_extcf7_redirect_options\" value=\"{&quot;form_id&quot;:3194,&quot;redirect_options&quot;:{&quot;redirection_enable&quot;:&quot;off&quot;,&quot;custom_url_enable&quot;:&quot;off&quot;,&quot;redirect_page&quot;:&quot;&quot;,&quot;custom_urle&quot;:&quot;&quot;,&quot;redirect_new_tab&quot;:&quot;off&quot;,&quot;js_action&quot;:&quot;off&quot;,&quot;javascript_code&quot;:&quot;&quot;}}\" \/>\n<\/fieldset>\n<div class=\"wpcf7-turnstile cf-turnstile\" data-sitekey=\"0x4AAAAAAAFby3Zrs-l9qShj\" data-response-field-name=\"_wpcf7_turnstile_response\"><\/div>\n\n<p><span class=\"wpcf7-form-control-wrap\" data-name=\"your-name\"><input size=\"40\" maxlength=\"400\" class=\"wpcf7-form-control wpcf7-text wpcf7-validates-as-required uno\" aria-required=\"true\" aria-invalid=\"false\" placeholder=\"Nom*\" value=\"\" type=\"text\" name=\"your-name\" \/><\/span><span class=\"wpcf7-form-control-wrap\" data-name=\"text-616\"><input size=\"40\" maxlength=\"400\" class=\"wpcf7-form-control wpcf7-text dos\" aria-invalid=\"false\" placeholder=\"Entreprise\" value=\"\" type=\"text\" name=\"text-616\" \/><\/span><span class=\"wpcf7-form-control-wrap\" data-name=\"tel-267\"><input size=\"40\" maxlength=\"400\" class=\"wpcf7-form-control wpcf7-tel wpcf7-validates-as-required wpcf7-text wpcf7-validates-as-tel tres\" aria-required=\"true\" aria-invalid=\"false\" placeholder=\"T\u00e9l\u00e9phone*\" value=\"\" type=\"tel\" name=\"tel-267\" \/><\/span><span class=\"wpcf7-form-control-wrap\" data-name=\"your-email\"><input size=\"40\" maxlength=\"400\" class=\"wpcf7-form-control wpcf7-email wpcf7-validates-as-required wpcf7-text wpcf7-validates-as-email cua\" aria-required=\"true\" aria-invalid=\"false\" placeholder=\"E-mail*\" value=\"\" type=\"email\" name=\"your-email\" \/><\/span><span class=\"wpcf7-form-control-wrap\" data-name=\"your-message\"><textarea cols=\"40\" rows=\"10\" maxlength=\"2000\" class=\"wpcf7-form-control wpcf7-textarea cin\" aria-invalid=\"false\" placeholder=\"Message\" name=\"your-message\"><\/textarea><\/span><br \/>\n<span class=\"wpcf7-form-control-wrap\" data-name=\"acceptance-339\"><span class=\"wpcf7-form-control wpcf7-acceptance\"><span class=\"wpcf7-list-item\"><input type=\"checkbox\" name=\"acceptance-339\" value=\"1\" id=\"accept\" aria-invalid=\"false\" \/><\/span><\/span><\/span><label for=\"accept\">J&#039;ai lu et j&#039;accepte le <a href=\"\/fr\/privacy-policy\/\" target=\"_blank\">politique de confidentialit\u00e9<\/a> et <a href=\"\/fr\/legal-notice\/\" target=\"_blank\">Mention l\u00e9gale<\/a><\/label><input class=\"wpcf7-form-control wpcf7-submit has-spinner\" type=\"submit\" value=\"Envoyer\" \/>\n<\/p><div class=\"wpcf7-response-output\" aria-hidden=\"true\"><\/div>\n<input type=\"hidden\" name=\"trp-form-language\" value=\"fr\"\/><\/form>\n<\/div>\n            <\/div>\n\n        \t\t\t\t<\/div>\n\t\t\t\t<\/div>\n\t\t\t\t<\/div>\n\t\t\t\t\t<\/div>\n\t\t\t\t<\/div>\n\t\t<div class=\"elementor-element elementor-element-4e61fb7a e-flex e-con-boxed e-con e-parent\" data-id=\"4e61fb7a\" data-element_type=\"container\" data-settings=\"{&quot;background_background&quot;:&quot;classic&quot;}\">\n\t\t\t\t\t<div class=\"e-con-inner\">\n\t\t<div class=\"elementor-element elementor-element-43dda550 e-con-full e-flex e-con e-child\" data-id=\"43dda550\" data-element_type=\"container\">\n\t\t\t\t<div class=\"elementor-element elementor-element-71a515ed elementor-widget elementor-widget-heading\" data-id=\"71a515ed\" data-element_type=\"widget\" data-widget_type=\"heading.default\">\n\t\t\t\t<div class=\"elementor-widget-container\">\n\t\t\t\t\t<h2 class=\"elementor-heading-title elementor-size-default\">Construire l&#039;avenir<\/h2>\t\t\t\t<\/div>\n\t\t\t\t<\/div>\n\t\t\t\t<div class=\"elementor-element elementor-element-35b1cecc elementor-widget elementor-widget-heading\" data-id=\"35b1cecc\" data-element_type=\"widget\" data-widget_type=\"heading.default\">\n\t\t\t\t<div class=\"elementor-widget-container\">\n\t\t\t\t\t<h3 class=\"elementor-heading-title elementor-size-default\">Plus de 250 professionnels accompagnent nos clients pour concr\u00e9tiser leurs projets.<\/h3>\t\t\t\t<\/div>\n\t\t\t\t<\/div>\n\t\t\t\t<div class=\"elementor-element elementor-element-2c1397ae elementor-widget elementor-widget-button\" data-id=\"2c1397ae\" data-element_type=\"widget\" data-widget_type=\"button.default\">\n\t\t\t\t<div class=\"elementor-widget-container\">\n\t\t\t\t\t\t\t\t\t<div class=\"elementor-button-wrapper\">\n\t\t\t\t\t<a class=\"elementor-button elementor-button-link elementor-size-sm\" href=\"\/fr\/about-us\/\">\n\t\t\t\t\t\t<span class=\"elementor-button-content-wrapper\">\n\t\t\t\t\t\t\t\t\t<span class=\"elementor-button-text\">\u00c0 propos de nous<\/span>\n\t\t\t\t\t<\/span>\n\t\t\t\t\t<\/a>\n\t\t\t\t<\/div>\n\t\t\t\t\t\t\t\t<\/div>\n\t\t\t\t<\/div>\n\t\t\t\t<\/div>\n\t\t\t\t\t<\/div>\n\t\t\t\t<\/div>\n\t\t<!-- dce invisible element 596c4c0 --><div class=\"elementor-element elementor-element-1527ff8 e-flex e-con-boxed e-con e-parent\" data-id=\"1527ff8\" data-element_type=\"container\">\n\t\t\t\t\t<div class=\"e-con-inner\">\n\t\t\t\t\t<\/div>\n\t\t\t\t<\/div>\n\t\t\t\t<\/div>","protected":false},"excerpt":{"rendered":"<p>Management Consulting MAI is a recognised global leader in Energy and Water management consulting. We provide governments, private clients and donors with strategies and solutions that can successfully guide them towards energy transition and resilient development, employing new technologies for a low-carbon future. We offer a comprehensive portfolio of services for all client needs within [&hellip;]<\/p>\n","protected":false},"author":10,"featured_media":0,"parent":0,"menu_order":1,"comment_status":"closed","ping_status":"closed","template":"","meta":{"_acf_changed":false,"_seopress_robots_primary_cat":"","_seopress_titles_title":"","_seopress_titles_desc":"","_seopress_robots_index":"","footnotes":""},"class_list":["post-12352","page","type-page","status-publish","hentry"],"acf":[],"_links":{"self":[{"href":"https:\/\/www.mai.group\/fr\/wp-json\/wp\/v2\/pages\/12352","targetHints":{"allow":["GET"]}}],"collection":[{"href":"https:\/\/www.mai.group\/fr\/wp-json\/wp\/v2\/pages"}],"about":[{"href":"https:\/\/www.mai.group\/fr\/wp-json\/wp\/v2\/types\/page"}],"author":[{"embeddable":true,"href":"https:\/\/www.mai.group\/fr\/wp-json\/wp\/v2\/users\/10"}],"replies":[{"embeddable":true,"href":"https:\/\/www.mai.group\/fr\/wp-json\/wp\/v2\/comments?post=12352"}],"version-history":[{"count":3,"href":"https:\/\/www.mai.group\/fr\/wp-json\/wp\/v2\/pages\/12352\/revisions"}],"predecessor-version":[{"id":14064,"href":"https:\/\/www.mai.group\/fr\/wp-json\/wp\/v2\/pages\/12352\/revisions\/14064"}],"wp:attachment":[{"href":"https:\/\/www.mai.group\/fr\/wp-json\/wp\/v2\/media?parent=12352"}],"curies":[{"name":"wp","href":"https:\/\/api.w.org\/{rel}","templated":true}]}}