{"id":9610,"date":"2022-10-19T13:54:49","date_gmt":"2022-10-19T11:54:49","guid":{"rendered":"https:\/\/www.mercadosaries.com\/?page_id=9610"},"modified":"2022-10-28T10:41:16","modified_gmt":"2022-10-28T08:41:16","slug":"corvus","status":"publish","type":"page","link":"https:\/\/www.mai.group\/es\/corvus\/","title":{"rendered":"corvus"},"content":{"rendered":"<div data-elementor-type=\"wp-page\" data-elementor-id=\"9610\" class=\"elementor elementor-9610\" data-elementor-post-type=\"page\">\n\t\t\t\t\t\t<section class=\"elementor-section elementor-top-section elementor-element elementor-element-f9810b0 elementor-section-boxed elementor-section-height-default elementor-section-height-default\" data-id=\"f9810b0\" data-element_type=\"section\">\n\t\t\t\t\t\t<div class=\"elementor-container elementor-column-gap-default\">\n\t\t\t\t\t<div class=\"elementor-column elementor-col-100 elementor-top-column elementor-element elementor-element-44f13f5\" data-id=\"44f13f5\" data-element_type=\"column\">\n\t\t\t<div class=\"elementor-widget-wrap elementor-element-populated\">\n\t\t\t\t\t\t<div class=\"elementor-element elementor-element-27d6853 elementor-widget elementor-widget-heading\" data-id=\"27d6853\" data-element_type=\"widget\" data-widget_type=\"heading.default\">\n\t\t\t\t<div class=\"elementor-widget-container\">\n\t\t\t\t\t<h2 class=\"elementor-heading-title elementor-size-default\">Corvo.<\/h2>\t\t\t\t<\/div>\n\t\t\t\t<\/div>\n\t\t\t\t<div class=\"elementor-element elementor-element-2f22c56 elementor-widget elementor-widget-text-editor\" data-id=\"2f22c56\" data-element_type=\"widget\" data-widget_type=\"text-editor.default\">\n\t\t\t\t<div class=\"elementor-widget-container\">\n\t\t\t\t\t\t\t\t\t<div class=\"page\" title=\"P\u00e1gina 21\"><div class=\"section\"><div class=\"layoutArea\"><div class=\"column\"><p><strong>corvus<\/strong> es una soluci\u00f3n de inteligencia de datos desarrollada por Mercados-Aries Internacional para la <strong>Optimizaci\u00f3n del mix de energ\u00edas renovables que comprende sistemas de almacenamiento en bater\u00edas.<\/strong>.<\/p><\/div><\/div><div class=\"layoutArea\"><div class=\"column\"><ul><li>La herramienta <b>simula soluciones h\u00edbridas<\/b>, capturando nuevas oportunidades a lo largo de los recursos energ\u00e9ticos y BESS , y luego <b>optimiza el mix energ\u00e9tico<\/b>.<\/li><li>El software optimiza: 1. Energ\u00eda fotovoltaica, 2. Energ\u00eda e\u00f3lica, 3. Capacidad BESS y 4. Energ\u00eda BESS.<\/li><li>La herramienta de optimizaci\u00f3n de instalaciones h\u00edbridas se basa en diferentes <b>KPI<\/b> como <b>LCoE y firmeza<\/b>. Adem\u00e1s, genera mapas de calor que representan la tendencia de las soluciones \u00f3ptimas.<\/li><li>Flexible para adaptarse a las necesidades del cliente incluyendo restricciones adicionales como perfiles de precios de energ\u00eda, requisitos de PPA, requisitos de terreno.<\/li><li>Ofrece una comprensi\u00f3n y perspectivas claras para diferentes soluciones, <b>optimizando el mix energ\u00e9tico<\/b> y por lo tanto <b>maximizando las ganancias<\/b>.<\/li><\/ul><div class=\"page\" title=\"P\u00e1gina 21\"><div class=\"section\"><div class=\"layoutArea\"><div class=\"column\"><p>\u00a0<\/p><p>MAI ha desarrollado un software en Python\/Jupyter para simular soluciones h\u00edbridas y optimizar los Mixes Energ\u00e9ticos. Permite captar nuevas oportunidades de negocio as\u00ed como maximizar beneficios.<\/p><\/div><\/div><\/div><\/div><\/div><\/div><\/div><\/div>\t\t\t\t\t\t\t\t<\/div>\n\t\t\t\t<\/div>\n\t\t\t\t\t<\/div>\n\t\t<\/div>\n\t\t\t\t\t<\/div>\n\t\t<\/section>\n\t\t\t\t<section class=\"elementor-section elementor-top-section elementor-element elementor-element-76d6ee64 elementor-section-boxed elementor-section-height-default elementor-section-height-default\" data-id=\"76d6ee64\" data-element_type=\"section\">\n\t\t\t\t\t\t<div class=\"elementor-container elementor-column-gap-default\">\n\t\t\t\t\t<div class=\"elementor-column elementor-col-100 elementor-top-column elementor-element elementor-element-23b25c00\" data-id=\"23b25c00\" data-element_type=\"column\">\n\t\t\t<div class=\"elementor-widget-wrap elementor-element-populated\">\n\t\t\t\t\t\t<div class=\"elementor-element elementor-element-5cd5ca49 elementor-widget elementor-widget-heading\" data-id=\"5cd5ca49\" data-element_type=\"widget\" data-widget_type=\"heading.default\">\n\t\t\t\t<div class=\"elementor-widget-container\">\n\t\t\t\t\t<h3 class=\"elementor-heading-title elementor-size-default\">Cont\u00e1ctenos.<\/h3>\t\t\t\t<\/div>\n\t\t\t\t<\/div>\n\t\t\t\t<div class=\"elementor-element elementor-element-5033548e elementor-widget elementor-widget-text-editor\" data-id=\"5033548e\" data-element_type=\"widget\" data-widget_type=\"text-editor.default\">\n\t\t\t\t<div class=\"elementor-widget-container\">\n\t\t\t\t\t\t\t\t\t<p>No dude en contactarnos para cualquier solicitud o informaci\u00f3n.<\/p>\t\t\t\t\t\t\t\t<\/div>\n\t\t\t\t<\/div>\n\t\t\t\t<div class=\"elementor-element elementor-element-2a739210 elementor-align-center elementor-tablet-align-center elementor-widget elementor-widget-button\" data-id=\"2a739210\" data-element_type=\"widget\" data-widget_type=\"button.default\">\n\t\t\t\t<div class=\"elementor-widget-container\">\n\t\t\t\t\t\t\t\t\t<div class=\"elementor-button-wrapper\">\n\t\t\t\t\t<a class=\"elementor-button elementor-button-link elementor-size-sm\" href=\"\/es\/contact\/\">\n\t\t\t\t\t\t<span class=\"elementor-button-content-wrapper\">\n\t\t\t\t\t\t\t\t\t<span class=\"elementor-button-text\">Contacto<\/span>\n\t\t\t\t\t<\/span>\n\t\t\t\t\t<\/a>\n\t\t\t\t<\/div>\n\t\t\t\t\t\t\t\t<\/div>\n\t\t\t\t<\/div>\n\t\t\t\t\t<\/div>\n\t\t<\/div>\n\t\t\t\t\t<\/div>\n\t\t<\/section>\n\t\t\t\t<\/div>","protected":false},"excerpt":{"rendered":"<p>Corvus. Corvus is a data intelligence solution developed by Mercados-Aries International for the optimization of renewable energy mix that comprises batteries storage systems. The tool simulates hybrid solutions, capturing new opportunities along energy resources and BESS , and then optimizes the energy mix. The software optimizes: 1. PV Power, 2. Wind Power, 3. BESS Capacity [&hellip;]<\/p>\n","protected":false},"author":10,"featured_media":0,"parent":0,"menu_order":0,"comment_status":"closed","ping_status":"closed","template":"","meta":{"_acf_changed":false,"_seopress_robots_primary_cat":"","_seopress_titles_title":"","_seopress_titles_desc":"","_seopress_robots_index":"","footnotes":""},"class_list":["post-9610","page","type-page","status-publish","hentry"],"acf":[],"_links":{"self":[{"href":"https:\/\/www.mai.group\/es\/wp-json\/wp\/v2\/pages\/9610","targetHints":{"allow":["GET"]}}],"collection":[{"href":"https:\/\/www.mai.group\/es\/wp-json\/wp\/v2\/pages"}],"about":[{"href":"https:\/\/www.mai.group\/es\/wp-json\/wp\/v2\/types\/page"}],"author":[{"embeddable":true,"href":"https:\/\/www.mai.group\/es\/wp-json\/wp\/v2\/users\/10"}],"replies":[{"embeddable":true,"href":"https:\/\/www.mai.group\/es\/wp-json\/wp\/v2\/comments?post=9610"}],"version-history":[{"count":0,"href":"https:\/\/www.mai.group\/es\/wp-json\/wp\/v2\/pages\/9610\/revisions"}],"wp:attachment":[{"href":"https:\/\/www.mai.group\/es\/wp-json\/wp\/v2\/media?parent=9610"}],"curies":[{"name":"wp","href":"https:\/\/api.w.org\/{rel}","templated":true}]}}