{"id":8120,"date":"2022-09-26T19:35:36","date_gmt":"2022-09-26T17:35:36","guid":{"rendered":"https:\/\/www.mercadosaries.com\/?page_id=8120"},"modified":"2024-05-03T11:56:58","modified_gmt":"2024-05-03T09:56:58","slug":"water","status":"publish","type":"page","link":"https:\/\/www.mai.group\/es\/water\/","title":{"rendered":"Agua"},"content":{"rendered":"<div data-elementor-type=\"wp-page\" data-elementor-id=\"8120\" class=\"elementor elementor-8120\" data-elementor-post-type=\"page\">\n\t\t\t\t<div class=\"elementor-element elementor-element-b658828 e-con-full e-flex e-con e-parent\" data-id=\"b658828\" data-element_type=\"container\">\n\t\t<div data-dce-background-image-url=\"https:\/\/www.mai.group\/wp-content\/uploads\/2021\/02\/Water3-scaled.jpg\" class=\"elementor-element elementor-element-9ad261f e-con-full e-flex e-con e-child\" data-id=\"9ad261f\" data-element_type=\"container\" data-settings=\"{&quot;background_background&quot;:&quot;classic&quot;}\">\n\t\t\t\t<div class=\"elementor-element elementor-element-d30afdf elementor-widget elementor-widget-spacer\" data-id=\"d30afdf\" data-element_type=\"widget\" data-widget_type=\"spacer.default\">\n\t\t\t\t<div class=\"elementor-widget-container\">\n\t\t\t\t\t\t\t<div class=\"elementor-spacer\">\n\t\t\t<div class=\"elementor-spacer-inner\"><\/div>\n\t\t<\/div>\n\t\t\t\t\t\t<\/div>\n\t\t\t\t<\/div>\n\t\t\t\t<\/div>\n\t\t<div class=\"elementor-element elementor-element-ac0465c e-con-full e-flex e-con e-child\" data-id=\"ac0465c\" data-element_type=\"container\" data-settings=\"{&quot;background_background&quot;:&quot;classic&quot;}\">\n\t\t\t\t<div class=\"elementor-element elementor-element-0e75d8e elementor-widget elementor-widget-heading\" data-id=\"0e75d8e\" data-element_type=\"widget\" data-widget_type=\"heading.default\">\n\t\t\t\t<div class=\"elementor-widget-container\">\n\t\t\t\t\t<h1 class=\"elementor-heading-title elementor-size-default\">Agua<\/h1>\t\t\t\t<\/div>\n\t\t\t\t<\/div>\n\t\t\t\t<div class=\"elementor-element elementor-element-56d431e elementor-widget elementor-widget-text-editor\" data-id=\"56d431e\" data-element_type=\"widget\" data-widget_type=\"text-editor.default\">\n\t\t\t\t<div class=\"elementor-widget-container\">\n\t\t\t\t\t\t\t\t\t<p>Como sector importante para el desarrollo de un pa\u00eds, el sector del agua constituye un elemento clave para un futuro sostenible ya que es un recurso escaso en muchos lugares mientras la poblaci\u00f3n crece r\u00e1pidamente.\u00a0<\/p><p><strong>MAI<\/strong> Actualmente ofrece servicios de consultor\u00eda e ingenier\u00eda en todo el ciclo del agua incluyendo estudios de viabilidad, asesoramiento t\u00e9cnico, soporte en licitaciones y Gesti\u00f3n de Proyectos (FIDIC o similar). Con la incorporaci\u00f3n de\u00a0<strong>Gesambiente, <\/strong>nuestro objetivo es reforzar nuestras habilidades y capacidades en el sector del agua.\u00a0<\/p><p>En el \u00e1rea de <b>Tratamiento y Suministro<\/b>, brindamos al cliente servicios que cubren todas las fases en proyectos de agua municipal y agua industrial: estudios de factibilidad, estudios de proceso, dise\u00f1o de detalle, direcci\u00f3n de construcci\u00f3n y servicios de puesta en marcha.<\/p><p><b>Desalinizaci\u00f3n<\/b> Los servicios incluyen experiencia en la b\u00fasqueda de procesos de \u00f3smosis inversa energ\u00e9ticamente eficientes, ofreciendo servicios de ingenier\u00eda y asesoramiento desde el dise\u00f1o conceptual hasta la ingenier\u00eda conforme a obra.\u00a0<\/p><p><b>Aguas residuales<\/b> se ha convertido en un \u00e1rea clave ya que hay un inter\u00e9s creciente en <b>reutilizar <\/b>aguas residuales. En este sentido, nuestros expertos no s\u00f3lo aportan al cliente la soluci\u00f3n t\u00e9cnica m\u00e1s adecuada para el tratamiento y disposici\u00f3n final de los residuos generados a lo largo del proceso, sino tambi\u00e9n experiencia en la evaluaci\u00f3n t\u00e9cnica y comercial de su potencial reutilizaci\u00f3n como <b>terciario,<\/b> tratamiento para riego e incluso, si est\u00e1 disponible, para uso industrial.<\/p>\t\t\t\t\t\t\t\t<\/div>\n\t\t\t\t<\/div>\n\t\t\t\t<\/div>\n\t\t\t\t<\/div>\n\t\t<div class=\"elementor-element elementor-element-7ca4f24 e-flex e-con-boxed e-con e-parent\" data-id=\"7ca4f24\" data-element_type=\"container\" data-settings=\"{&quot;background_background&quot;:&quot;classic&quot;}\">\n\t\t\t\t\t<div class=\"e-con-inner\">\n\t\t<div class=\"elementor-element elementor-element-f34343b e-con-full e-flex e-con e-child\" data-id=\"f34343b\" data-element_type=\"container\">\n\t\t\t\t<div class=\"elementor-element elementor-element-1ff1312 elementor-widget elementor-widget-heading\" data-id=\"1ff1312\" data-element_type=\"widget\" data-widget_type=\"heading.default\">\n\t\t\t\t<div class=\"elementor-widget-container\">\n\t\t\t\t\t<h2 class=\"elementor-heading-title elementor-size-default\">Nuestros Servicios en Agua<\/h2>\t\t\t\t<\/div>\n\t\t\t\t<\/div>\n\t\t\t\t<div class=\"elementor-element elementor-element-1efc83e elementor-widget elementor-widget-html\" data-id=\"1efc83e\" data-element_type=\"widget\" data-widget_type=\"html.default\">\n\t\t\t\t<div class=\"elementor-widget-container\">\n\t\t\t\t\t<script>\njQuery(document).ready(function($) {\nvar delay = 100; setTimeout(function() {\n$('.elementor-tab-title').removeClass('elementor-active');\n $('.elementor-tab-content').css('display', 'none'); }, delay);\n});\n<\/script>\t\t\t\t<\/div>\n\t\t\t\t<\/div>\n\t\t\t\t<div class=\"elementor-element elementor-element-b9de337 elementor-widget elementor-widget-accordion\" data-id=\"b9de337\" data-element_type=\"widget\" data-widget_type=\"accordion.default\">\n\t\t\t\t<div class=\"elementor-widget-container\">\n\t\t\t\t\t\t\t<div class=\"elementor-accordion\">\n\t\t\t\t\t\t\t<div class=\"elementor-accordion-item\">\n\t\t\t\t\t<div id=\"elementor-tab-title-1941\" class=\"elementor-tab-title\" data-tab=\"1\" role=\"button\" aria-controls=\"elementor-tab-content-1941\" aria-expanded=\"false\">\n\t\t\t\t\t\t\t\t\t\t\t\t\t<span class=\"elementor-accordion-icon elementor-accordion-icon-right\" aria-hidden=\"true\">\n\t\t\t\t\t\t\t\t\t\t\t\t\t\t\t<span class=\"elementor-accordion-icon-closed\"><i class=\"fas fa-plus\"><\/i><\/span>\n\t\t\t\t\t\t\t\t<span class=\"elementor-accordion-icon-opened\"><i class=\"fas fa-minus\"><\/i><\/span>\n\t\t\t\t\t\t\t\t\t\t\t\t\t\t<\/span>\n\t\t\t\t\t\t\t\t\t\t\t\t<a class=\"elementor-accordion-title\" tabindex=\"0\">Tratamiento y suministro<\/a>\n\t\t\t\t\t<\/div>\n\t\t\t\t\t<div id=\"elementor-tab-content-1941\" class=\"elementor-tab-content elementor-clearfix\" data-tab=\"1\" role=\"region\" aria-labelledby=\"elementor-tab-title-1941\"><ul><li><b>Estudios T\u00e9cnicos<\/b><ul><li>Estudios de viabilidad<\/li><li>An\u00e1lisis t\u00e9cnico<\/li><li>Asesor t\u00e9cnico a prestamistas (LTA)<\/li><li>Dise\u00f1o de detalle<\/li><li>Proyectos de construcci\u00f3n<\/li><li>Contaminaci\u00f3n del aire<\/li><li>Optimizaci\u00f3n y Eficiencia Energ\u00e9tica<\/li><\/ul><\/li><\/ul><ul><li><b>Gesti\u00f3n de proyectos<\/b><ul><li>Asesoramiento para licitaciones y contrataciones<\/li><li>Elaboraci\u00f3n de Documentos de Licitaci\u00f3n (RFP, Contratos)<\/li><li>Revisi\u00f3n completa del dise\u00f1o de ingenier\u00eda<\/li><li>Ingenier\u00eda Independiente<\/li><li>Ingeniero del propietario (OE)<\/li><li>Gesti\u00f3n EPC<\/li><li>Ingeniero FIDIC<\/li><li>Supervisi\u00f3n de Construcci\u00f3n y Puesta en Marcha<\/li><\/ul><\/li><\/ul><ul><li><b>Otros servicios<\/b><ul><li>Formaci\u00f3n T\u00e9cnica<\/li><li>Estudios T\u00e9cnicos de Tarifas<\/li><li>Gesti\u00f3n de activos<\/li><\/ul><\/li><\/ul><\/div>\n\t\t\t\t<\/div>\n\t\t\t\t\t\t\t<div class=\"elementor-accordion-item\">\n\t\t\t\t\t<div id=\"elementor-tab-title-1942\" class=\"elementor-tab-title\" data-tab=\"2\" role=\"button\" aria-controls=\"elementor-tab-content-1942\" aria-expanded=\"false\">\n\t\t\t\t\t\t\t\t\t\t\t\t\t<span class=\"elementor-accordion-icon elementor-accordion-icon-right\" aria-hidden=\"true\">\n\t\t\t\t\t\t\t\t\t\t\t\t\t\t\t<span class=\"elementor-accordion-icon-closed\"><i class=\"fas fa-plus\"><\/i><\/span>\n\t\t\t\t\t\t\t\t<span class=\"elementor-accordion-icon-opened\"><i class=\"fas fa-minus\"><\/i><\/span>\n\t\t\t\t\t\t\t\t\t\t\t\t\t\t<\/span>\n\t\t\t\t\t\t\t\t\t\t\t\t<a class=\"elementor-accordion-title\" tabindex=\"0\">Desalinizaci\u00f3n<\/a>\n\t\t\t\t\t<\/div>\n\t\t\t\t\t<div id=\"elementor-tab-content-1942\" class=\"elementor-tab-content elementor-clearfix\" data-tab=\"2\" role=\"region\" aria-labelledby=\"elementor-tab-title-1942\"><ul><li><b>Estudios T\u00e9cnicos<\/b><ul><li>Estudios de viabilidad<\/li><li>An\u00e1lisis t\u00e9cnico<\/li><li>Asesor t\u00e9cnico a prestamistas (LTA)<\/li><li>Dise\u00f1os detallados<\/li><li>Proyectos de construcci\u00f3n<\/li><li>Optimizaci\u00f3n y Eficiencia Energ\u00e9tica<\/li><\/ul><\/li><\/ul><ul><li><b>Gesti\u00f3n de proyectos<\/b><ul><li>Asesoramiento para licitaciones y contrataciones<\/li><li>Elaboraci\u00f3n de Documentos de Licitaci\u00f3n (RFP, Contratos)<\/li><li>Revisi\u00f3n completa del dise\u00f1o de ingenier\u00eda<\/li><li>Ingenier\u00eda Independiente<\/li><li>Ingeniero del propietario (OE)<\/li><li>Gesti\u00f3n EPC<\/li><li>Ingeniero FIDIC<\/li><li>Supervisi\u00f3n de Construcci\u00f3n y Puesta en Marcha<\/li><\/ul><\/li><\/ul><ul><li><b>Otros servicios<\/b><ul><li>Formaci\u00f3n T\u00e9cnica<\/li><li>Estudios T\u00e9cnicos de Tarifas<\/li><li>Gesti\u00f3n de activos<\/li><\/ul><\/li><\/ul><\/div>\n\t\t\t\t<\/div>\n\t\t\t\t\t\t\t<div class=\"elementor-accordion-item\">\n\t\t\t\t\t<div id=\"elementor-tab-title-1943\" class=\"elementor-tab-title\" data-tab=\"3\" role=\"button\" aria-controls=\"elementor-tab-content-1943\" aria-expanded=\"false\">\n\t\t\t\t\t\t\t\t\t\t\t\t\t<span class=\"elementor-accordion-icon elementor-accordion-icon-right\" aria-hidden=\"true\">\n\t\t\t\t\t\t\t\t\t\t\t\t\t\t\t<span class=\"elementor-accordion-icon-closed\"><i class=\"fas fa-plus\"><\/i><\/span>\n\t\t\t\t\t\t\t\t<span class=\"elementor-accordion-icon-opened\"><i class=\"fas fa-minus\"><\/i><\/span>\n\t\t\t\t\t\t\t\t\t\t\t\t\t\t<\/span>\n\t\t\t\t\t\t\t\t\t\t\t\t<a class=\"elementor-accordion-title\" tabindex=\"0\">Plantas de tratamiento de aguas residuales<\/a>\n\t\t\t\t\t<\/div>\n\t\t\t\t\t<div id=\"elementor-tab-content-1943\" class=\"elementor-tab-content elementor-clearfix\" data-tab=\"3\" role=\"region\" aria-labelledby=\"elementor-tab-title-1943\"><ul><li><b>Estudios T\u00e9cnicos<\/b><ul><li>Estudios de viabilidad<\/li><li>An\u00e1lisis t\u00e9cnico<\/li><li>Asesor t\u00e9cnico a prestamistas (LTA)<\/li><li>Dise\u00f1os detallados<\/li><li>Proyectos de construcci\u00f3n<\/li><li>Uso terciario<\/li><li>Contaminaci\u00f3n del aire<\/li><li>Optimizaci\u00f3n y Eficiencia Energ\u00e9tica<\/li><\/ul><\/li><\/ul><ul><li><b>Gesti\u00f3n de proyectos<\/b><ul><li>Asesoramiento para licitaciones y contrataciones<\/li><li>Elaboraci\u00f3n de Documentos de Licitaci\u00f3n (RFP, Contratos)<\/li><li>Revisi\u00f3n completa del dise\u00f1o de ingenier\u00eda<\/li><li>Ingenier\u00eda Independiente<\/li><li>Ingeniero del propietario (OE)<\/li><li>Gesti\u00f3n EPC<\/li><li>Ingeniero FIDIC<\/li><li>Supervisi\u00f3n de Construcci\u00f3n y Puesta en Marcha<\/li><li>Verificaci\u00f3n del proyecto<\/li><\/ul><\/li><\/ul><ul><li><b>Otros servicios<\/b><ul><li>Formaci\u00f3n T\u00e9cnica<\/li><li>Estudios T\u00e9cnicos de Tarifas<\/li><li>Gesti\u00f3n de activos<\/li><\/ul><\/li><\/ul><\/div>\n\t\t\t\t<\/div>\n\t\t\t\t\t\t\t\t<\/div>\n\t\t\t\t\t\t<\/div>\n\t\t\t\t<\/div>\n\t\t\t\t<\/div>\n\t\t\t\t\t<\/div>\n\t\t\t\t<\/div>\n\t\t<div class=\"elementor-element elementor-element-6f5d34e9 e-flex e-con-boxed e-con e-parent\" data-id=\"6f5d34e9\" data-element_type=\"container\">\n\t\t\t\t\t<div class=\"e-con-inner\">\n\t\t<div class=\"elementor-element elementor-element-275c9abc e-con-full e-flex e-con e-child\" data-id=\"275c9abc\" data-element_type=\"container\">\n\t\t\t\t<div class=\"elementor-element elementor-element-7363dd70 elementor-widget elementor-widget-text-editor\" data-id=\"7363dd70\" data-element_type=\"widget\" data-widget_type=\"text-editor.default\">\n\t\t\t\t<div class=\"elementor-widget-container\">\n\t\t\t\t\t\t\t\t\tApoyamos a los clientes para una mejor gesti\u00f3n del agua brind\u00e1ndoles servicios de consultor\u00eda e ingenier\u00eda en todo el ciclo del agua, incluidos estudios de viabilidad, asesoramiento t\u00e9cnico, apoyo en licitaciones y gesti\u00f3n de proyectos. Nuestro equipo de expertos cualificados puede proporcionar soluciones para proyectos de tratamiento y suministro, desalinizaci\u00f3n y aguas residuales, incluida la reutilizaci\u00f3n de las aguas residuales tratadas. \t\t\t\t\t\t\t\t<\/div>\n\t\t\t\t<\/div>\n\t\t\t\t<div class=\"elementor-element elementor-element-e77d357 elementor-align-center elementor-widget elementor-widget-button\" data-id=\"e77d357\" data-element_type=\"widget\" id=\"button-cases\" data-widget_type=\"button.default\">\n\t\t\t\t<div class=\"elementor-widget-container\">\n\t\t\t\t\t\t\t\t\t<div class=\"elementor-button-wrapper\">\n\t\t\t\t\t<a class=\"elementor-button elementor-button-link elementor-size-sm\" href=\"#\" id=\"bu\">\n\t\t\t\t\t\t<span class=\"elementor-button-content-wrapper\">\n\t\t\t\t\t\t\t\t\t<span class=\"elementor-button-text\">Contacto<\/span>\n\t\t\t\t\t<\/span>\n\t\t\t\t\t<\/a>\n\t\t\t\t<\/div>\n\t\t\t\t\t\t\t\t<\/div>\n\t\t\t\t<\/div>\n\t\t\t\t<div class=\"dce-visibility-element-hidden dce-visibility-original-content dce-visibility-event elementor-element elementor-element-1c70c17 pag-contacto elementor-widget elementor-widget-htcontactform-addons\" data-id=\"1c70c17\" data-element_type=\"widget\" data-settings=\"{&quot;enabled_visibility&quot;:&quot;yes&quot;,&quot;dce_visibility_click&quot;:&quot;#button-cases&quot;,&quot;dce_visibility_click_show&quot;:&quot;slide&quot;,&quot;dce_visibility_click_toggle&quot;:&quot;yes&quot;,&quot;dce_visibility_selected&quot;:&quot;yes&quot;,&quot;dce_visibility_event&quot;:&quot;click&quot;,&quot;dce_visibility_event_transition_delay&quot;:400}\" data-widget_type=\"htcontactform-addons.default\">\n\t\t\t\t<div class=\"elementor-widget-container\">\n\t\t\t\t\t            <div class=\"htcontact-form-wrapper\" >\n                \n<div class=\"wpcf7 no-js\" id=\"wpcf7-f6676-o1\" lang=\"es-ES\" dir=\"ltr\" data-wpcf7-id=\"6676\">\n<div class=\"screen-reader-response\"><p role=\"status\" aria-live=\"polite\" aria-atomic=\"true\"><\/p> <ul><\/ul><\/div>\n<form action=\"\/es\/wp-json\/wp\/v2\/pages\/8120#wpcf7-f6676-o1\" method=\"post\" class=\"wpcf7-form init\" aria-label=\"Formulario de contacto\" novalidate=\"novalidate\" data-status=\"init\" data-trp-original-action=\"\/es\/wp-json\/wp\/v2\/pages\/8120#wpcf7-f6676-o1\">\n<fieldset class=\"hidden-fields-container\"><input type=\"hidden\" name=\"_wpcf7\" value=\"6676\" \/><input type=\"hidden\" name=\"_wpcf7_version\" value=\"6.1.5\" \/><input type=\"hidden\" name=\"_wpcf7_locale\" value=\"es_ES\" \/><input type=\"hidden\" name=\"_wpcf7_unit_tag\" value=\"wpcf7-f6676-o1\" \/><input type=\"hidden\" name=\"_wpcf7_container_post\" value=\"0\" \/><input type=\"hidden\" name=\"_wpcf7_posted_data_hash\" value=\"\" \/><input type=\"hidden\" name=\"_extcf7_conditional_options\" value=\"{&quot;form_id&quot;:6676,&quot;conditions&quot;:[]}\" \/><input type=\"hidden\" name=\"_extcf7_redirect_options\" value=\"{&quot;form_id&quot;:6676,&quot;redirect_options&quot;:{&quot;redirection_enable&quot;:&quot;off&quot;,&quot;custom_url_enable&quot;:&quot;off&quot;,&quot;redirect_page&quot;:&quot;&quot;,&quot;custom_urle&quot;:&quot;&quot;,&quot;redirect_new_tab&quot;:&quot;off&quot;,&quot;js_action&quot;:&quot;off&quot;,&quot;javascript_code&quot;:&quot;&quot;}}\" \/>\n<\/fieldset>\n<div class=\"wpcf7-turnstile cf-turnstile\" data-sitekey=\"0x4AAAAAAAFby3Zrs-l9qShj\" data-response-field-name=\"_wpcf7_turnstile_response\"><\/div>\n\n<p><span class=\"wpcf7-form-control-wrap\" data-name=\"your-name\"><input size=\"40\" maxlength=\"400\" class=\"wpcf7-form-control wpcf7-text wpcf7-validates-as-required uno\" aria-required=\"true\" aria-invalid=\"false\" placeholder=\"Nombre*\" value=\"\" type=\"text\" name=\"your-name\" \/><\/span><span class=\"wpcf7-form-control-wrap\" data-name=\"text-616\"><input size=\"40\" maxlength=\"400\" class=\"wpcf7-form-control wpcf7-text dos\" aria-invalid=\"false\" placeholder=\"Compa\u00f1\u00eda\" value=\"\" type=\"text\" name=\"text-616\" \/><\/span><span class=\"wpcf7-form-control-wrap\" data-name=\"tel-267\"><input size=\"40\" maxlength=\"400\" class=\"wpcf7-form-control wpcf7-tel wpcf7-validates-as-required wpcf7-text wpcf7-validates-as-tel tres\" aria-required=\"true\" aria-invalid=\"false\" placeholder=\"Tel\u00e9fono*\" value=\"\" type=\"tel\" name=\"tel-267\" \/><\/span><span class=\"wpcf7-form-control-wrap\" data-name=\"your-email\"><input size=\"40\" maxlength=\"400\" class=\"wpcf7-form-control wpcf7-email wpcf7-validates-as-required wpcf7-text wpcf7-validates-as-email cua\" aria-required=\"true\" aria-invalid=\"false\" placeholder=\"Correo electr\u00f3nico*\" value=\"\" type=\"email\" name=\"your-email\" \/><\/span><span class=\"wpcf7-form-control-wrap\" data-name=\"your-message\"><textarea cols=\"40\" rows=\"10\" maxlength=\"2000\" class=\"wpcf7-form-control wpcf7-textarea cin\" aria-invalid=\"false\" placeholder=\"Mensaje\" name=\"your-message\"><\/textarea><\/span><br \/>\n<span class=\"wpcf7-form-control-wrap\" data-name=\"acceptance-339\"><span class=\"wpcf7-form-control wpcf7-acceptance\"><span class=\"wpcf7-list-item\"><input type=\"checkbox\" name=\"acceptance-339\" value=\"1\" id=\"accept\" aria-invalid=\"false\" \/><\/span><\/span><\/span><label for=\"accept\">He le\u00eddo y acepto el <a href=\"\/es\/privacy-policy\/\" target=\"_blank\">pol\u00edtica de privacidad<\/a> y <a href=\"\/es\/legal-notice\/\" target=\"_blank\">Aviso Legal<\/a><\/label><input class=\"wpcf7-form-control wpcf7-submit has-spinner\" type=\"submit\" value=\"Enviar\" \/>\n<\/p><div class=\"wpcf7-response-output\" aria-hidden=\"true\"><\/div>\n<input type=\"hidden\" name=\"trp-form-language\" value=\"es\"\/><\/form>\n<\/div>\n            <\/div>\n\n        \t\t\t\t<\/div>\n\t\t\t\t<\/div>\n\t\t\t\t<\/div>\n\t\t\t\t\t<\/div>\n\t\t\t\t<\/div>\n\t\t<div class=\"elementor-element elementor-element-1cb3a337 e-flex e-con-boxed e-con e-parent\" data-id=\"1cb3a337\" data-element_type=\"container\" data-settings=\"{&quot;background_background&quot;:&quot;classic&quot;}\">\n\t\t\t\t\t<div class=\"e-con-inner\">\n\t\t<div class=\"elementor-element elementor-element-470b71bc e-con-full e-flex e-con e-child\" data-id=\"470b71bc\" data-element_type=\"container\">\n\t\t\t\t<div class=\"elementor-element elementor-element-24cd358f elementor-widget elementor-widget-heading\" data-id=\"24cd358f\" data-element_type=\"widget\" data-widget_type=\"heading.default\">\n\t\t\t\t<div class=\"elementor-widget-container\">\n\t\t\t\t\t<h2 class=\"elementor-heading-title elementor-size-default\">Construyendo el futuro<\/h2>\t\t\t\t<\/div>\n\t\t\t\t<\/div>\n\t\t\t\t<div class=\"elementor-element elementor-element-1d25a564 elementor-widget elementor-widget-heading\" data-id=\"1d25a564\" data-element_type=\"widget\" data-widget_type=\"heading.default\">\n\t\t\t\t<div class=\"elementor-widget-container\">\n\t\t\t\t\t<h3 class=\"elementor-heading-title elementor-size-default\">M\u00e1s de 250 profesionales apoyando a nuestros clientes para hacer realidad sus proyectos.<\/h3>\t\t\t\t<\/div>\n\t\t\t\t<\/div>\n\t\t\t\t<div class=\"elementor-element elementor-element-454c7c7a elementor-widget elementor-widget-button\" data-id=\"454c7c7a\" data-element_type=\"widget\" data-widget_type=\"button.default\">\n\t\t\t\t<div class=\"elementor-widget-container\">\n\t\t\t\t\t\t\t\t\t<div class=\"elementor-button-wrapper\">\n\t\t\t\t\t<a class=\"elementor-button elementor-button-link elementor-size-sm\" href=\"\/es\/about-us\/\">\n\t\t\t\t\t\t<span class=\"elementor-button-content-wrapper\">\n\t\t\t\t\t\t\t\t\t<span class=\"elementor-button-text\">Sobre nosotros<\/span>\n\t\t\t\t\t<\/span>\n\t\t\t\t\t<\/a>\n\t\t\t\t<\/div>\n\t\t\t\t\t\t\t\t<\/div>\n\t\t\t\t<\/div>\n\t\t\t\t<\/div>\n\t\t\t\t\t<\/div>\n\t\t\t\t<\/div>\n\t\t\t\t<\/div>","protected":false},"excerpt":{"rendered":"<p>Water As an important sector for a country&#8217;s development, the Water sector constitutes a key element for a sustainable future as the source of water is scarce in many places meanwhile population grows rapidly.\u00a0 MAI currently offers consulting and engineering services in the whole water cycle including feasibility studies, technical advisory, tendering support and Project [&hellip;]<\/p>\n","protected":false},"author":10,"featured_media":0,"parent":0,"menu_order":3,"comment_status":"closed","ping_status":"closed","template":"","meta":{"_acf_changed":false,"_seopress_robots_primary_cat":"","_seopress_titles_title":"","_seopress_titles_desc":"","_seopress_robots_index":"","footnotes":""},"class_list":["post-8120","page","type-page","status-publish","hentry"],"acf":[],"_links":{"self":[{"href":"https:\/\/www.mai.group\/es\/wp-json\/wp\/v2\/pages\/8120","targetHints":{"allow":["GET"]}}],"collection":[{"href":"https:\/\/www.mai.group\/es\/wp-json\/wp\/v2\/pages"}],"about":[{"href":"https:\/\/www.mai.group\/es\/wp-json\/wp\/v2\/types\/page"}],"author":[{"embeddable":true,"href":"https:\/\/www.mai.group\/es\/wp-json\/wp\/v2\/users\/10"}],"replies":[{"embeddable":true,"href":"https:\/\/www.mai.group\/es\/wp-json\/wp\/v2\/comments?post=8120"}],"version-history":[{"count":3,"href":"https:\/\/www.mai.group\/es\/wp-json\/wp\/v2\/pages\/8120\/revisions"}],"predecessor-version":[{"id":14072,"href":"https:\/\/www.mai.group\/es\/wp-json\/wp\/v2\/pages\/8120\/revisions\/14072"}],"wp:attachment":[{"href":"https:\/\/www.mai.group\/es\/wp-json\/wp\/v2\/media?parent=8120"}],"curies":[{"name":"wp","href":"https:\/\/api.w.org\/{rel}","templated":true}]}}