{"id":4468,"date":"2021-04-07T19:19:22","date_gmt":"2021-04-07T17:19:22","guid":{"rendered":"https:\/\/www.mercadosaries.com\/?page_id=4468"},"modified":"2022-11-07T11:45:04","modified_gmt":"2022-11-07T10:45:04","slug":"covid","status":"publish","type":"page","link":"https:\/\/www.mai.group\/es\/covid\/","title":{"rendered":"COVID-19"},"content":{"rendered":"<h1>Medidas COVID-19.<\/h1>\n<p><strong>En MAI<\/strong> es consciente de las dificultades que introducen en el desarrollo de los proyectos <strong>COVID-19<\/strong>. En este sentido, nuestra empresa ha implementado las medidas necesarias para asegurar un exitoso desarrollo del proyecto incluso en el caso de una nueva crisis que limite la movilidad, ya sea nacional o internacional. Nuestros expertos est\u00e1n cubiertos por una p\u00f3liza de seguro que cubre cualquier cuesti\u00f3n relacionada con <strong>COVID-19<\/strong><strong>&#8211;<\/strong><strong>19<\/strong>.&nbsp;<\/p>\n<p>Por ello, nuestra empresa ha desarrollado y est\u00e1 considerando los siguientes escenarios:<\/p>\n<h3>Escenario 1: Sin limitaci\u00f3n<\/h3>\n<ul>\n<li><strong>Proyecto general<\/strong>: en este escenario, el proyecto se implementar\u00e1 seg\u00fan lo indicado en la metodolog\u00eda con las misiones y actividades correspondientes.<\/li>\n<li><strong>Viajes y Misiones<\/strong>: se realizar\u00e1 seg\u00fan el horario y sin medidas de cuidados especiales distintas a las habituales.<\/li>\n<li><strong>Talleres y visitas al sitio.<\/strong>: se realizar\u00e1 seg\u00fan el horario y no se adoptar\u00e1n medidas de cuidados especiales distintas a las habituales.<\/li>\n<\/ul>\n<h3>Escenario 2: Limitaciones de viajes internacionales y medidas de distancia<\/h3>\n<ul>\n<li><strong>Proyecto general<\/strong>: en este escenario, el proyecto se implementar\u00e1 seg\u00fan lo indicado en la metodolog\u00eda con la restricci\u00f3n de algunos vuelos internacionales. Se implementar\u00e1n medidas especiales de distanciamiento y protecci\u00f3n.<\/li>\n<li><strong>Viajes y Misiones<\/strong>: los consultores realizar\u00e1n tantas misiones internacionales como sea posible sujeto a las normas sobre cuarentena y pruebas. En caso de cuarentena, las misiones ser\u00e1n reemplazadas por Misiones Virtuales.<\/li>\n<li><strong>Talleres y visitas al sitio.<\/strong>: sujeto a las normas locales, los talleres f\u00edsicos se realizar\u00e1n respetando las distancias y medidas sanitarias necesarias. Los consultores deber\u00e1n utilizar en todo momento mascarilla (o similar) para proteger la salud de todos. Los consultores utilizar\u00e1n el equipo local para realizar las visitas necesarias al sitio.<\/li>\n<\/ul>\n<h3>Escenario 3: Viajes internacionales prohibidos y medidas de distancia<\/h3>\n<ul>\n<li><strong>Proyecto general<\/strong>: en este escenario, el proyecto se implementar\u00e1 seg\u00fan lo indicado en la metodolog\u00eda con la restricci\u00f3n en todos los vuelos internacionales. Se implementar\u00e1n las medidas de protecci\u00f3n que indiquen las autoridades.<\/li>\n<li><strong>Viajes y Misiones<\/strong>: los consultores reemplazar\u00e1n las misiones con Misiones Virtuales que se organizar\u00e1n a trav\u00e9s de Microsoft Teams.<\/li>\n<li><strong>Talleres y visitas al sitio.<\/strong>: los consultores utilizar\u00e1n el equipo local para realizar las visitas necesarias al sitio (en streaming si corresponde), donde el consultor internacional seguir\u00e1 y guiar\u00e1 a los miembros del equipo para registrar y recopilar todos los detalles e informaci\u00f3n necesarios para el proyecto.<\/li>\n<\/ul>\n<h3>Escenario 4: Bloqueo fuerte\u200b<\/h3>\n<ul>\n<li><strong>Proyecto general<\/strong>: en este escenario, el proyecto requerir\u00e1 la revisi\u00f3n del cronograma de trabajo para realizar todo el trabajo de escritorio durante el encierro, de modo que los trabajos de campo puedan realizarse una vez que la situaci\u00f3n de encierro termine o se alivie para facilitar la movilizaci\u00f3n del equipo local.<\/li>\n<li><strong>Viajes y Misiones<\/strong>: el Consultor sustituir\u00e1 las misiones por Misiones Virtuales que se organizar\u00e1n a trav\u00e9s de Microsoft Teams.<\/li>\n<li><strong>Talleres y visitas al sitio.<\/strong>: los consultores utilizar\u00e1n el equipo local cuando est\u00e9 disponible para realizar las visitas necesarias al sitio (en streaming si corresponde), donde el consultor internacional seguir\u00e1 y guiar\u00e1 a los miembros del equipo para registrar y recopilar todos los detalles e informaci\u00f3n necesarios para el proyecto.<\/li>\n<\/ul>","protected":false},"excerpt":{"rendered":"<p>COVID-19 Measures. Mercados \u2013 Aries International is aware of the difficulties introduced in projects\u2019 development by COVID-19. In this regard, our company has implemented the necessary measures to ensure a successful development of the project even in the case of a new crisis that restrains mobility, either domestic or international. Our experts are covered by [&hellip;]<\/p>\n","protected":false},"author":10,"featured_media":0,"parent":0,"menu_order":0,"comment_status":"closed","ping_status":"closed","template":"","meta":{"_acf_changed":false,"_seopress_robots_primary_cat":"","_seopress_titles_title":"","_seopress_titles_desc":"","_seopress_robots_index":"","footnotes":""},"class_list":["post-4468","page","type-page","status-publish","hentry"],"acf":[],"_links":{"self":[{"href":"https:\/\/www.mai.group\/es\/wp-json\/wp\/v2\/pages\/4468","targetHints":{"allow":["GET"]}}],"collection":[{"href":"https:\/\/www.mai.group\/es\/wp-json\/wp\/v2\/pages"}],"about":[{"href":"https:\/\/www.mai.group\/es\/wp-json\/wp\/v2\/types\/page"}],"author":[{"embeddable":true,"href":"https:\/\/www.mai.group\/es\/wp-json\/wp\/v2\/users\/10"}],"replies":[{"embeddable":true,"href":"https:\/\/www.mai.group\/es\/wp-json\/wp\/v2\/comments?post=4468"}],"version-history":[{"count":2,"href":"https:\/\/www.mai.group\/es\/wp-json\/wp\/v2\/pages\/4468\/revisions"}],"predecessor-version":[{"id":11586,"href":"https:\/\/www.mai.group\/es\/wp-json\/wp\/v2\/pages\/4468\/revisions\/11586"}],"wp:attachment":[{"href":"https:\/\/www.mai.group\/es\/wp-json\/wp\/v2\/media?parent=4468"}],"curies":[{"name":"wp","href":"https:\/\/api.w.org\/{rel}","templated":true}]}}