{"id":3466,"date":"2020-08-18T17:45:47","date_gmt":"2020-08-18T15:45:47","guid":{"rendered":"https:\/\/www.mercadosaries.com\/?page_id=3466"},"modified":"2024-05-03T11:54:15","modified_gmt":"2024-05-03T09:54:15","slug":"downloads","status":"publish","type":"page","link":"https:\/\/www.mai.group\/es\/downloads\/","title":{"rendered":"Descargas"},"content":{"rendered":"<div data-elementor-type=\"wp-page\" data-elementor-id=\"3466\" class=\"elementor elementor-3466\" data-elementor-post-type=\"page\">\n\t\t\t\t<div class=\"elementor-element elementor-element-5211474 e-flex e-con-boxed e-con e-parent\" data-id=\"5211474\" data-element_type=\"container\" data-settings=\"{&quot;background_background&quot;:&quot;classic&quot;}\">\n\t\t\t\t\t<div class=\"e-con-inner\">\n\t\t<div class=\"elementor-element elementor-element-b3ab922 e-con-full e-flex e-con e-child\" data-id=\"b3ab922\" data-element_type=\"container\">\n\t\t\t\t<div class=\"elementor-element elementor-element-2e5f927 elementor-widget elementor-widget-heading\" data-id=\"2e5f927\" data-element_type=\"widget\" data-widget_type=\"heading.default\">\n\t\t\t\t<div class=\"elementor-widget-container\">\n\t\t\t\t\t<h2 class=\"elementor-heading-title elementor-size-default\">Descargas<\/h2>\t\t\t\t<\/div>\n\t\t\t\t<\/div>\n\t\t\t\t<div class=\"elementor-element elementor-element-212ea1e elementor-widget elementor-widget-text-editor\" data-id=\"212ea1e\" data-element_type=\"widget\" data-widget_type=\"text-editor.default\">\n\t\t\t\t<div class=\"elementor-widget-container\">\n\t\t\t\t\t\t\t\t\t<p>Encuentre m\u00e1s informaci\u00f3n sobre<strong> MAI<\/strong>\u00a0negocios a partir de nuestros documentos y presentaciones. No dude en contactarnos para cualquier consulta.<\/p>\t\t\t\t\t\t\t\t<\/div>\n\t\t\t\t<\/div>\n\t\t\t\t<\/div>\n\t\t<div class=\"elementor-element elementor-element-68f4fec elementor-hidden-mobile e-con-full e-flex e-con e-child\" data-id=\"68f4fec\" data-element_type=\"container\">\n\t\t\t\t<div class=\"elementor-element elementor-element-ad3cf9c elementor-widget elementor-widget-spacer\" data-id=\"ad3cf9c\" data-element_type=\"widget\" data-widget_type=\"spacer.default\">\n\t\t\t\t<div class=\"elementor-widget-container\">\n\t\t\t\t\t\t\t<div class=\"elementor-spacer\">\n\t\t\t<div class=\"elementor-spacer-inner\"><\/div>\n\t\t<\/div>\n\t\t\t\t\t\t<\/div>\n\t\t\t\t<\/div>\n\t\t\t\t<\/div>\n\t\t\t\t\t<\/div>\n\t\t\t\t<\/div>\n\t\t<div class=\"elementor-element elementor-element-f42d406 e-flex e-con-boxed e-con e-parent\" data-id=\"f42d406\" data-element_type=\"container\">\n\t\t\t\t\t<div class=\"e-con-inner\">\n\t\t<div class=\"elementor-element elementor-element-f6929d5 e-con-full e-flex e-con e-child\" data-id=\"f6929d5\" data-element_type=\"container\">\n\t\t<div class=\"elementor-element elementor-element-dd8e75b e-con-full e-flex elementor-invisible e-con e-child\" data-id=\"dd8e75b\" data-element_type=\"container\" data-settings=\"{&quot;animation&quot;:&quot;zoomIn&quot;}\">\n\t\t<div class=\"elementor-element elementor-element-03da045 e-con-full e-flex e-con e-child\" data-id=\"03da045\" data-element_type=\"container\">\n\t\t\t\t<div class=\"elementor-element elementor-element-2fa73fe elementor-view-framed elementor-shape-circle elementor-widget elementor-widget-icon\" data-id=\"2fa73fe\" data-element_type=\"widget\" data-widget_type=\"icon.default\">\n\t\t\t\t<div class=\"elementor-widget-container\">\n\t\t\t\t\t\t\t<div class=\"elementor-icon-wrapper\">\n\t\t\t<div class=\"elementor-icon\">\n\t\t\t<i aria-hidden=\"true\" class=\"far fa-play-circle\"><\/i>\t\t\t<\/div>\n\t\t<\/div>\n\t\t\t\t\t\t<\/div>\n\t\t\t\t<\/div>\n\t\t\t\t<\/div>\n\t\t<div class=\"elementor-element elementor-element-59d8b52 e-con-full e-flex e-con e-child\" data-id=\"59d8b52\" data-element_type=\"container\">\n\t\t\t\t<div class=\"elementor-element elementor-element-9233045 elementor-widget elementor-widget-heading\" data-id=\"9233045\" data-element_type=\"widget\" data-widget_type=\"heading.default\">\n\t\t\t\t<div class=\"elementor-widget-container\">\n\t\t\t\t\t<h3 class=\"elementor-heading-title elementor-size-default\">Acerca de MAI<\/h3>\t\t\t\t<\/div>\n\t\t\t\t<\/div>\n\t\t\t\t<div class=\"elementor-element elementor-element-c4701e1 elementor-widget elementor-widget-text-editor\" data-id=\"c4701e1\" data-element_type=\"widget\" data-widget_type=\"text-editor.default\">\n\t\t\t\t<div class=\"elementor-widget-container\">\n\t\t\t\t\t\t\t\t\t<p>Conozca m\u00e1s sobre nuestras actividades en nuestra presentaci\u00f3n corporativa.<\/p><p><a href=\"https:\/\/www.mai.group\/wp-content\/uploads\/2023\/11\/Corporate-Presentation_2023_Full-ESP.pdf\"><span style=\"text-decoration: underline;\"><strong>Descarga la presentaci\u00f3n<\/strong><\/span><\/a><\/p>\t\t\t\t\t\t\t\t<\/div>\n\t\t\t\t<\/div>\n\t\t\t\t<\/div>\n\t\t\t\t<\/div>\n\t\t\t\t<\/div>\n\t\t\t\t\t<\/div>\n\t\t\t\t<\/div>\n\t\t\t\t<\/div>","protected":false},"excerpt":{"rendered":"<p>Descargas Encuentre m\u00e1s informaci\u00f3n sobre el negocio de MAI en nuestros documentos y presentaciones. No dude en contactarnos para cualquier consulta. Acerca de MAI Conozca m\u00e1s sobre nuestras actividades en nuestra presentaci\u00f3n corporativa. Descarga la presentaci\u00f3n<\/p>","protected":false},"author":9,"featured_media":0,"parent":0,"menu_order":0,"comment_status":"closed","ping_status":"closed","template":"","meta":{"_acf_changed":false,"_seopress_robots_primary_cat":"","_seopress_titles_title":"","_seopress_titles_desc":"","_seopress_robots_index":"","footnotes":""},"class_list":["post-3466","page","type-page","status-publish","hentry"],"acf":[],"_links":{"self":[{"href":"https:\/\/www.mai.group\/es\/wp-json\/wp\/v2\/pages\/3466","targetHints":{"allow":["GET"]}}],"collection":[{"href":"https:\/\/www.mai.group\/es\/wp-json\/wp\/v2\/pages"}],"about":[{"href":"https:\/\/www.mai.group\/es\/wp-json\/wp\/v2\/types\/page"}],"author":[{"embeddable":true,"href":"https:\/\/www.mai.group\/es\/wp-json\/wp\/v2\/users\/9"}],"replies":[{"embeddable":true,"href":"https:\/\/www.mai.group\/es\/wp-json\/wp\/v2\/comments?post=3466"}],"version-history":[{"count":3,"href":"https:\/\/www.mai.group\/es\/wp-json\/wp\/v2\/pages\/3466\/revisions"}],"predecessor-version":[{"id":14060,"href":"https:\/\/www.mai.group\/es\/wp-json\/wp\/v2\/pages\/3466\/revisions\/14060"}],"wp:attachment":[{"href":"https:\/\/www.mai.group\/es\/wp-json\/wp\/v2\/media?parent=3466"}],"curies":[{"name":"wp","href":"https:\/\/api.w.org\/{rel}","templated":true}]}}