{"id":1511,"date":"2020-03-25T20:04:05","date_gmt":"2020-03-25T19:04:05","guid":{"rendered":"https:\/\/www.mercadosaries.com\/?page_id=1511"},"modified":"2022-10-28T10:40:30","modified_gmt":"2022-10-28T08:40:30","slug":"merum","status":"publish","type":"page","link":"https:\/\/www.mai.group\/es\/merum\/","title":{"rendered":"MERUM"},"content":{"rendered":"<div data-elementor-type=\"wp-page\" data-elementor-id=\"1511\" class=\"elementor elementor-1511\" data-elementor-post-type=\"page\">\n\t\t\t\t\t\t<section class=\"elementor-section elementor-top-section elementor-element elementor-element-1d1ced0d elementor-section-boxed elementor-section-height-default elementor-section-height-default\" data-id=\"1d1ced0d\" data-element_type=\"section\">\n\t\t\t\t\t\t<div class=\"elementor-container elementor-column-gap-default\">\n\t\t\t\t\t<div class=\"elementor-column elementor-col-100 elementor-top-column elementor-element elementor-element-3744398d\" data-id=\"3744398d\" data-element_type=\"column\">\n\t\t\t<div class=\"elementor-widget-wrap elementor-element-populated\">\n\t\t\t\t\t\t<div class=\"elementor-element elementor-element-7860e40a elementor-widget elementor-widget-heading\" data-id=\"7860e40a\" data-element_type=\"widget\" data-widget_type=\"heading.default\">\n\t\t\t\t<div class=\"elementor-widget-container\">\n\t\t\t\t\t<h2 class=\"elementor-heading-title elementor-size-default\">MERUM.<sup>\u00ae<\/sup><\/h2>\t\t\t\t<\/div>\n\t\t\t\t<\/div>\n\t\t\t\t<section class=\"elementor-section elementor-inner-section elementor-element elementor-element-45b7b111 elementor-section-content-middle elementor-section-boxed elementor-section-height-default elementor-section-height-default\" data-id=\"45b7b111\" data-element_type=\"section\">\n\t\t\t\t\t\t<div class=\"elementor-container elementor-column-gap-default\">\n\t\t\t\t\t<div class=\"elementor-column elementor-col-50 elementor-inner-column elementor-element elementor-element-4feeae4a\" data-id=\"4feeae4a\" data-element_type=\"column\">\n\t\t\t<div class=\"elementor-widget-wrap elementor-element-populated\">\n\t\t\t\t\t\t<div class=\"elementor-element elementor-element-46ddbe83 elementor-widget elementor-widget-text-editor\" data-id=\"46ddbe83\" data-element_type=\"widget\" data-widget_type=\"text-editor.default\">\n\t\t\t\t<div class=\"elementor-widget-container\">\n\t\t\t\t\t\t\t\t\t<h3>Descripci\u00f3n del producto.<\/h3><p>MERUM.<sup>\u00ae<\/sup> es una soluci\u00f3n regulatoria de software desarrollada por Mercados \u2013 Aries International para el\u00a0<strong>optimizaci\u00f3n de inversiones y tarifas en servicios p\u00fablicos<\/strong>.<\/p><p>Se basa en una estructura multiparam\u00e9trica que, considerando par\u00e1metros de utilidad y condiciones de contorno, desarrolla una serie de algoritmos y modelos para alcanzar el OPEX y CAPEX \u00f3ptimos para el mejor dise\u00f1o regulatorio.<\/p><p>La optimizaci\u00f3n se basa en:<\/p><ul><li>Caracter\u00edsticas de los activos (antig\u00fcedad de la red, topolog\u00eda, nivel de automatizaci\u00f3n, longitud de los alimentadores, etc.)<\/li><li>Informaci\u00f3n hist\u00f3rica y an\u00e1lisis de patrones de inversi\u00f3n.<\/li><li>OPEX basado en c\u00e1lculos del personal (benchmark, condiciones de la red, n\u00famero de clientes, lectura de contadores, Call Center, etc.).<\/li><li>Condiciones l\u00edmite: objetivos de nivel de servicio, p\u00e9rdidas, crecimiento de la demanda, etc.<\/li><\/ul><p>\u00a0<\/p><p>Considerando lo anterior, el programa analiza la tarifa \u00f3ptima:<\/p><p><img decoding=\"async\" class=\"wp-image-1563 alignnone size-full\" src=\"https:\/\/www.mai.group\/wp-content\/uploads\/2020\/03\/mercados-aries-solutions-merum2.png\" sizes=\"(max-width: 342px) 100vw, 342px\" srcset=\"https:\/\/www.mai.group\/wp-content\/uploads\/2020\/03\/mercados-aries-solutions-merum2.png 342w, https:\/\/www.mai.group\/wp-content\/uploads\/2020\/03\/mercados-aries-solutions-merum2-300x65.png 300w\" alt=\"\" width=\"342\" height=\"74\" \/>\u200b<\/p><p>\u00a0<\/p><p>Alcanzando los resultados te\u00f3ricos para\u00a0<strong>optimizaci\u00f3n de tarifas<\/strong>.<\/p>\t\t\t\t\t\t\t\t<\/div>\n\t\t\t\t<\/div>\n\t\t\t\t\t<\/div>\n\t\t<\/div>\n\t\t\t\t<div class=\"elementor-column elementor-col-50 elementor-inner-column elementor-element elementor-element-1fc3282f\" data-id=\"1fc3282f\" data-element_type=\"column\">\n\t\t\t<div class=\"elementor-widget-wrap elementor-element-populated\">\n\t\t\t\t\t\t<div class=\"elementor-element elementor-element-41f69cfa elementor-pagination-position-outside elementor--h-position-center elementor--v-position-middle elementor-widget elementor-widget-slides\" data-id=\"41f69cfa\" data-element_type=\"widget\" data-settings=\"{&quot;navigation&quot;:&quot;dots&quot;,&quot;autoplay&quot;:&quot;yes&quot;,&quot;pause_on_hover&quot;:&quot;yes&quot;,&quot;pause_on_interaction&quot;:&quot;yes&quot;,&quot;autoplay_speed&quot;:5000,&quot;infinite&quot;:&quot;yes&quot;,&quot;transition&quot;:&quot;slide&quot;,&quot;transition_speed&quot;:500}\" data-widget_type=\"slides.default\">\n\t\t\t\t<div class=\"elementor-widget-container\">\n\t\t\t\t\t\t\t\t\t<div class=\"elementor-swiper\">\n\t\t\t\t\t<div class=\"elementor-slides-wrapper elementor-main-swiper swiper\" role=\"region\" aria-roledescription=\"carousel\" aria-label=\"Slides\" dir=\"ltr\" data-animation=\"fadeInUp\">\n\t\t\t\t<div class=\"swiper-wrapper elementor-slides\">\n\t\t\t\t\t\t\t\t\t\t<div class=\"elementor-repeater-item-3f2ab00 swiper-slide\" role=\"group\" aria-roledescription=\"slide\"><div class=\"swiper-slide-bg\" role=\"img\" aria-label=\"Solutions Merum 1\"><\/div><div class=\"swiper-slide-inner\" ><div class=\"swiper-slide-contents\"><\/div><\/div><\/div><div class=\"elementor-repeater-item-43d4681 swiper-slide\" role=\"group\" aria-roledescription=\"slide\"><div class=\"swiper-slide-bg\" role=\"img\" aria-label=\"mercados-aries-solutions-merum2\"><\/div><div class=\"swiper-slide-inner\" ><div class=\"swiper-slide-contents\"><\/div><\/div><\/div><div class=\"elementor-repeater-item-726ce0f swiper-slide\" role=\"group\" aria-roledescription=\"slide\"><div class=\"swiper-slide-bg\" role=\"img\" aria-label=\"Solutions Merum\"><\/div><div class=\"swiper-slide-inner\" ><div class=\"swiper-slide-contents\"><\/div><\/div><\/div><div class=\"elementor-repeater-item-127701c swiper-slide\" role=\"group\" aria-roledescription=\"slide\"><div class=\"swiper-slide-bg\" role=\"img\" aria-label=\"mercados-aries-solutions-merum4\"><\/div><div class=\"swiper-slide-inner\" ><div class=\"swiper-slide-contents\"><\/div><\/div><\/div>\t\t\t\t<\/div>\n\t\t\t\t\t\t\t\t\t\t\t\t\t\t\t\t\t\t\t\t<div class=\"swiper-pagination\"><\/div>\n\t\t\t\t\t\t\t\t\t\t\t\t<\/div>\n\t\t\t\t<\/div>\n\t\t\t\t\t\t\t\t<\/div>\n\t\t\t\t<\/div>\n\t\t\t\t\t<\/div>\n\t\t<\/div>\n\t\t\t\t\t<\/div>\n\t\t<\/section>\n\t\t\t\t\t<\/div>\n\t\t<\/div>\n\t\t\t\t\t<\/div>\n\t\t<\/section>\n\t\t\t\t<section class=\"elementor-section elementor-top-section elementor-element elementor-element-4e7cb528 elementor-section-boxed elementor-section-height-default elementor-section-height-default\" data-id=\"4e7cb528\" data-element_type=\"section\">\n\t\t\t\t\t\t<div class=\"elementor-container elementor-column-gap-default\">\n\t\t\t\t\t<div class=\"elementor-column elementor-col-100 elementor-top-column elementor-element elementor-element-41b6ef56\" data-id=\"41b6ef56\" data-element_type=\"column\">\n\t\t\t<div class=\"elementor-widget-wrap elementor-element-populated\">\n\t\t\t\t\t\t<div class=\"elementor-element elementor-element-86ef51d elementor-widget elementor-widget-heading\" data-id=\"86ef51d\" data-element_type=\"widget\" data-widget_type=\"heading.default\">\n\t\t\t\t<div class=\"elementor-widget-container\">\n\t\t\t\t\t<h3 class=\"elementor-heading-title elementor-size-default\">Cont\u00e1ctenos.<\/h3>\t\t\t\t<\/div>\n\t\t\t\t<\/div>\n\t\t\t\t<div class=\"elementor-element elementor-element-68901af7 elementor-widget elementor-widget-text-editor\" data-id=\"68901af7\" data-element_type=\"widget\" data-widget_type=\"text-editor.default\">\n\t\t\t\t<div class=\"elementor-widget-container\">\n\t\t\t\t\t\t\t\t\t<p>No dude en contactarnos para cualquier solicitud o informaci\u00f3n.<\/p>\t\t\t\t\t\t\t\t<\/div>\n\t\t\t\t<\/div>\n\t\t\t\t<div class=\"elementor-element elementor-element-ddb0262 elementor-align-center elementor-tablet-align-center elementor-widget elementor-widget-button\" data-id=\"ddb0262\" data-element_type=\"widget\" data-widget_type=\"button.default\">\n\t\t\t\t<div class=\"elementor-widget-container\">\n\t\t\t\t\t\t\t\t\t<div class=\"elementor-button-wrapper\">\n\t\t\t\t\t<a class=\"elementor-button elementor-button-link elementor-size-sm\" href=\"\/es\/contact\/\">\n\t\t\t\t\t\t<span class=\"elementor-button-content-wrapper\">\n\t\t\t\t\t\t\t\t\t<span class=\"elementor-button-text\">Contacto<\/span>\n\t\t\t\t\t<\/span>\n\t\t\t\t\t<\/a>\n\t\t\t\t<\/div>\n\t\t\t\t\t\t\t\t<\/div>\n\t\t\t\t<\/div>\n\t\t\t\t\t<\/div>\n\t\t<\/div>\n\t\t\t\t\t<\/div>\n\t\t<\/section>\n\t\t\t\t<\/div>","protected":false},"excerpt":{"rendered":"<p>MERUM.\u00ae Product overview. MERUM.\u00ae is a software regulatory solution developed by Mercados \u2013 Aries International for the\u00a0optimization of investments and tariffs in utilities. It is based in a multi-parameter structure, which, considering utility parameters and boundary conditions, develops a series of algorythms and models to reach the optimum OPEX and CAPEX for best regulatory design. [&hellip;]<\/p>\n","protected":false},"author":9,"featured_media":0,"parent":0,"menu_order":0,"comment_status":"closed","ping_status":"closed","template":"","meta":{"_acf_changed":false,"_seopress_robots_primary_cat":"","_seopress_titles_title":"","_seopress_titles_desc":"","_seopress_robots_index":"","footnotes":""},"class_list":["post-1511","page","type-page","status-publish","hentry"],"acf":[],"_links":{"self":[{"href":"https:\/\/www.mai.group\/es\/wp-json\/wp\/v2\/pages\/1511","targetHints":{"allow":["GET"]}}],"collection":[{"href":"https:\/\/www.mai.group\/es\/wp-json\/wp\/v2\/pages"}],"about":[{"href":"https:\/\/www.mai.group\/es\/wp-json\/wp\/v2\/types\/page"}],"author":[{"embeddable":true,"href":"https:\/\/www.mai.group\/es\/wp-json\/wp\/v2\/users\/9"}],"replies":[{"embeddable":true,"href":"https:\/\/www.mai.group\/es\/wp-json\/wp\/v2\/comments?post=1511"}],"version-history":[{"count":0,"href":"https:\/\/www.mai.group\/es\/wp-json\/wp\/v2\/pages\/1511\/revisions"}],"wp:attachment":[{"href":"https:\/\/www.mai.group\/es\/wp-json\/wp\/v2\/media?parent=1511"}],"curies":[{"name":"wp","href":"https:\/\/api.w.org\/{rel}","templated":true}]}}