{"id":1482,"date":"2020-03-25T19:10:50","date_gmt":"2020-03-25T18:10:50","guid":{"rendered":"https:\/\/www.mercadosaries.com\/?page_id=1482"},"modified":"2022-10-28T10:36:59","modified_gmt":"2022-10-28T08:36:59","slug":"ordena","status":"publish","type":"page","link":"https:\/\/www.mai.group\/es\/ordena\/","title":{"rendered":"ORDENA\u00ae"},"content":{"rendered":"<div data-elementor-type=\"wp-page\" data-elementor-id=\"1482\" class=\"elementor elementor-1482\" data-elementor-post-type=\"page\">\n\t\t\t\t\t\t<section class=\"elementor-section elementor-top-section elementor-element elementor-element-03a4fae elementor-section-content-middle elementor-section-boxed elementor-section-height-default elementor-section-height-default\" data-id=\"03a4fae\" data-element_type=\"section\">\n\t\t\t\t\t\t<div class=\"elementor-container elementor-column-gap-default\">\n\t\t\t\t\t<div class=\"elementor-column elementor-col-50 elementor-top-column elementor-element elementor-element-57a3377\" data-id=\"57a3377\" data-element_type=\"column\">\n\t\t\t<div class=\"elementor-widget-wrap elementor-element-populated\">\n\t\t\t\t\t\t<div class=\"elementor-element elementor-element-4a7d1c3b elementor-widget elementor-widget-text-editor\" data-id=\"4a7d1c3b\" data-element_type=\"widget\" data-widget_type=\"text-editor.default\">\n\t\t\t\t<div class=\"elementor-widget-container\">\n\t\t\t\t\t\t\t\t\t<h1>ORDENA.<sup>\u00ae<\/sup><\/h1><p>Simulaci\u00f3n y planificaci\u00f3n \u00f3ptima del sistema el\u00e9ctrico.<\/p><ul><li><span style=\"color: #006f44;\"><strong>\u00d3ptimo a largo plazo<\/strong><\/span> Planificaci\u00f3n conjunta de expansi\u00f3n de generaci\u00f3n y transmisi\u00f3n de energ\u00eda.<\/li><li><span style=\"color: #006f44;\"><strong>Simulaci\u00f3n de precios en el mercado de energ\u00eda.<\/strong><\/span> Compromiso unitario a corto plazo con hidr\u00e1ulica y t\u00e9rmica. Simulaci\u00f3n de \u00faltima generaci\u00f3n de RES intermitentes y almacenamiento.<\/li><li><span style=\"color: #006f44;\"><strong>La versi\u00f3n extendida simula<\/strong><\/span> la expansi\u00f3n de los sistemas energ\u00e9ticos incluyendo electricidad + Combustibles + Gas + Agua.<\/li><li><span style=\"color: #006f44;\"><strong>Base de datos<\/strong><\/span> almacenamiento y an\u00e1lisis avanzado.<\/li><li>probabil\u00edstico <span style=\"color: #006f44;\"><strong>gui\u00f3n<\/strong><\/span> modelado.<\/li><li><span style=\"color: #006f44;\"><strong>Probado<\/strong><\/span> en muchos proyectos en todo el mundo. Tanto a nivel de mercados regionales como a nivel de pa\u00eds. Se han utilizado m\u00e1s de 20 a\u00f1os.<\/li><\/ul><p>\u00a0<\/p><p><span style=\"color: #006f44;\"><strong>ORDENA.<sup>\u00ae<\/sup><\/strong><\/span> es la herramienta desarrollada internamente por MAI para determinar el cronograma \u00f3ptimo de inversiones en infraestructura de generaci\u00f3n, transmisi\u00f3n y combustible necesarias para suministrar la carga prevista en un pa\u00eds individual o un sistema multirregional.<\/p>\t\t\t\t\t\t\t\t<\/div>\n\t\t\t\t<\/div>\n\t\t\t\t\t<\/div>\n\t\t<\/div>\n\t\t\t\t<div class=\"elementor-column elementor-col-50 elementor-top-column elementor-element elementor-element-01327ea\" data-id=\"01327ea\" data-element_type=\"column\">\n\t\t\t<div class=\"elementor-widget-wrap elementor-element-populated\">\n\t\t\t\t\t\t<div class=\"elementor-element elementor-element-3698c40 elementor-pagination-position-outside elementor--h-position-center elementor--v-position-middle elementor-widget elementor-widget-slides\" data-id=\"3698c40\" data-element_type=\"widget\" data-settings=\"{&quot;navigation&quot;:&quot;dots&quot;,&quot;autoplay&quot;:&quot;yes&quot;,&quot;pause_on_hover&quot;:&quot;yes&quot;,&quot;pause_on_interaction&quot;:&quot;yes&quot;,&quot;autoplay_speed&quot;:5000,&quot;infinite&quot;:&quot;yes&quot;,&quot;transition&quot;:&quot;slide&quot;,&quot;transition_speed&quot;:500}\" data-widget_type=\"slides.default\">\n\t\t\t\t<div class=\"elementor-widget-container\">\n\t\t\t\t\t\t\t\t\t<div class=\"elementor-swiper\">\n\t\t\t\t\t<div class=\"elementor-slides-wrapper elementor-main-swiper swiper\" role=\"region\" aria-roledescription=\"carousel\" aria-label=\"Slides\" dir=\"ltr\" data-animation=\"fadeInUp\">\n\t\t\t\t<div class=\"swiper-wrapper elementor-slides\">\n\t\t\t\t\t\t\t\t\t\t<div class=\"elementor-repeater-item-a086030 swiper-slide\" role=\"group\" aria-roledescription=\"slide\"><div class=\"swiper-slide-bg\" role=\"img\" aria-label=\"ORDENA\u00ae H2\"><\/div><div class=\"swiper-slide-inner\" ><div class=\"swiper-slide-contents\"><\/div><\/div><\/div><div class=\"elementor-repeater-item-b40e340 swiper-slide\" role=\"group\" aria-roledescription=\"slide\"><div class=\"swiper-slide-bg\" role=\"img\" aria-label=\"\u0420\u0438\u0441\u0443\u043d\u043e\u043a1\"><\/div><div class=\"swiper-slide-inner\" ><div class=\"swiper-slide-contents\"><\/div><\/div><\/div><div class=\"elementor-repeater-item-583d7c5 swiper-slide\" role=\"group\" aria-roledescription=\"slide\"><div class=\"swiper-slide-bg\" role=\"img\" aria-label=\"mercados-aries-solutions-ordena1\"><\/div><div class=\"swiper-slide-inner\" ><div class=\"swiper-slide-contents\"><\/div><\/div><\/div>\t\t\t\t<\/div>\n\t\t\t\t\t\t\t\t\t\t\t\t\t\t\t\t\t\t\t\t<div class=\"swiper-pagination\"><\/div>\n\t\t\t\t\t\t\t\t\t\t\t\t<\/div>\n\t\t\t\t<\/div>\n\t\t\t\t\t\t\t\t<\/div>\n\t\t\t\t<\/div>\n\t\t\t\t\t<\/div>\n\t\t<\/div>\n\t\t\t\t\t<\/div>\n\t\t<\/section>\n\t\t\t\t<section class=\"elementor-section elementor-top-section elementor-element elementor-element-5fea56a elementor-section-boxed elementor-section-height-default elementor-section-height-default\" data-id=\"5fea56a\" data-element_type=\"section\">\n\t\t\t\t\t\t<div class=\"elementor-container elementor-column-gap-default\">\n\t\t\t\t\t<div class=\"elementor-column elementor-col-100 elementor-top-column elementor-element elementor-element-6c9e0d92\" data-id=\"6c9e0d92\" data-element_type=\"column\">\n\t\t\t<div class=\"elementor-widget-wrap elementor-element-populated\">\n\t\t\t\t\t\t<div class=\"elementor-element elementor-element-38795511 elementor-widget elementor-widget-heading\" data-id=\"38795511\" data-element_type=\"widget\" data-widget_type=\"heading.default\">\n\t\t\t\t<div class=\"elementor-widget-container\">\n\t\t\t\t\t<h3 class=\"elementor-heading-title elementor-size-default\">Cont\u00e1ctenos.<\/h3>\t\t\t\t<\/div>\n\t\t\t\t<\/div>\n\t\t\t\t<div class=\"elementor-element elementor-element-1e46530a elementor-widget elementor-widget-text-editor\" data-id=\"1e46530a\" data-element_type=\"widget\" data-widget_type=\"text-editor.default\">\n\t\t\t\t<div class=\"elementor-widget-container\">\n\t\t\t\t\t\t\t\t\t<p>No dude en contactarnos para cualquier solicitud o informaci\u00f3n.<\/p>\t\t\t\t\t\t\t\t<\/div>\n\t\t\t\t<\/div>\n\t\t\t\t<div class=\"elementor-element elementor-element-33f07a18 elementor-align-center elementor-tablet-align-center elementor-widget elementor-widget-button\" data-id=\"33f07a18\" data-element_type=\"widget\" data-widget_type=\"button.default\">\n\t\t\t\t<div class=\"elementor-widget-container\">\n\t\t\t\t\t\t\t\t\t<div class=\"elementor-button-wrapper\">\n\t\t\t\t\t<a class=\"elementor-button elementor-button-link elementor-size-sm\" href=\"\/es\/contact\/\">\n\t\t\t\t\t\t<span class=\"elementor-button-content-wrapper\">\n\t\t\t\t\t\t\t\t\t<span class=\"elementor-button-text\">Contacto<\/span>\n\t\t\t\t\t<\/span>\n\t\t\t\t\t<\/a>\n\t\t\t\t<\/div>\n\t\t\t\t\t\t\t\t<\/div>\n\t\t\t\t<\/div>\n\t\t\t\t\t<\/div>\n\t\t<\/div>\n\t\t\t\t\t<\/div>\n\t\t<\/section>\n\t\t\t\t<\/div>","protected":false},"excerpt":{"rendered":"<p>ORDENA.\u00ae Optimal power system simulation and planning. Long term Optimal power joint generation and transmission expansion planning Power market price simulation. Short term unit commitment with hydro and thermal. State-of-art simulation of intermittent RES and storage. Extended version simulates the expansion of energy systems including electricity + Fuels + Gas + Water. Database storage and [&hellip;]<\/p>\n","protected":false},"author":9,"featured_media":0,"parent":0,"menu_order":0,"comment_status":"closed","ping_status":"closed","template":"","meta":{"_acf_changed":false,"_seopress_robots_primary_cat":"","_seopress_titles_title":"","_seopress_titles_desc":"","_seopress_robots_index":"","footnotes":""},"class_list":["post-1482","page","type-page","status-publish","hentry"],"acf":[],"_links":{"self":[{"href":"https:\/\/www.mai.group\/es\/wp-json\/wp\/v2\/pages\/1482","targetHints":{"allow":["GET"]}}],"collection":[{"href":"https:\/\/www.mai.group\/es\/wp-json\/wp\/v2\/pages"}],"about":[{"href":"https:\/\/www.mai.group\/es\/wp-json\/wp\/v2\/types\/page"}],"author":[{"embeddable":true,"href":"https:\/\/www.mai.group\/es\/wp-json\/wp\/v2\/users\/9"}],"replies":[{"embeddable":true,"href":"https:\/\/www.mai.group\/es\/wp-json\/wp\/v2\/comments?post=1482"}],"version-history":[{"count":0,"href":"https:\/\/www.mai.group\/es\/wp-json\/wp\/v2\/pages\/1482\/revisions"}],"wp:attachment":[{"href":"https:\/\/www.mai.group\/es\/wp-json\/wp\/v2\/media?parent=1482"}],"curies":[{"name":"wp","href":"https:\/\/api.w.org\/{rel}","templated":true}]}}