{"id":12352,"date":"2023-06-27T18:06:50","date_gmt":"2023-06-27T16:06:50","guid":{"rendered":"https:\/\/www.mercadosaries.com\/?page_id=12352"},"modified":"2024-05-03T11:55:27","modified_gmt":"2024-05-03T09:55:27","slug":"management-consulting","status":"publish","type":"page","link":"https:\/\/www.mai.group\/es\/management-consulting\/","title":{"rendered":"Consultor\u00eda Estrat\u00e9gica"},"content":{"rendered":"<div data-elementor-type=\"wp-page\" data-elementor-id=\"12352\" class=\"elementor elementor-12352\" data-elementor-post-type=\"page\">\n\t\t\t\t<div class=\"elementor-element elementor-element-0a1f5f0 e-con-full e-flex e-con e-parent\" data-id=\"0a1f5f0\" data-element_type=\"container\">\n\t\t<div data-dce-background-image-url=\"https:\/\/www.mai.group\/wp-content\/uploads\/2023\/11\/Management-Consulting-1-scaled.jpg\" class=\"elementor-element elementor-element-4054e41 e-con-full e-flex e-con e-child\" data-id=\"4054e41\" data-element_type=\"container\" data-settings=\"{&quot;background_background&quot;:&quot;classic&quot;}\">\n\t\t\t\t<div class=\"elementor-element elementor-element-3c14bee elementor-widget elementor-widget-spacer\" data-id=\"3c14bee\" data-element_type=\"widget\" data-widget_type=\"spacer.default\">\n\t\t\t\t<div class=\"elementor-widget-container\">\n\t\t\t\t\t\t\t<div class=\"elementor-spacer\">\n\t\t\t<div class=\"elementor-spacer-inner\"><\/div>\n\t\t<\/div>\n\t\t\t\t\t\t<\/div>\n\t\t\t\t<\/div>\n\t\t\t\t<\/div>\n\t\t<div class=\"elementor-element elementor-element-d5d4a15 e-con-full e-flex e-con e-child\" data-id=\"d5d4a15\" data-element_type=\"container\" data-settings=\"{&quot;background_background&quot;:&quot;classic&quot;}\">\n\t\t\t\t<div class=\"elementor-element elementor-element-4bdeee5 elementor-widget elementor-widget-heading\" data-id=\"4bdeee5\" data-element_type=\"widget\" data-widget_type=\"heading.default\">\n\t\t\t\t<div class=\"elementor-widget-container\">\n\t\t\t\t\t<h1 class=\"elementor-heading-title elementor-size-default\">Consultor\u00eda Estrat\u00e9gica<\/h1>\t\t\t\t<\/div>\n\t\t\t\t<\/div>\n\t\t\t\t<div class=\"elementor-element elementor-element-fba2b60 elementor-widget elementor-widget-text-editor\" data-id=\"fba2b60\" data-element_type=\"widget\" data-widget_type=\"text-editor.default\">\n\t\t\t\t<div class=\"elementor-widget-container\">\n\t\t\t\t\t\t\t\t\t<p><strong>MAI<\/strong> es un l\u00edder mundial reconocido en consultor\u00eda estrat\u00e9gica de energ\u00eda y agua. Proporcionamos a gobiernos, clientes privados y donantes estrategias y soluciones que pueden guiarlos exitosamente hacia la transici\u00f3n energ\u00e9tica y el desarrollo resiliente, empleando nuevas tecnolog\u00edas para un futuro bajo en carbono. Ofrecemos un portafolio integral de servicios para todas las necesidades del cliente dentro de una visi\u00f3n sustentable, todos ellos apoyados en nuestras soluciones de Modelado e Inteligencia de Datos.<\/p>\t\t\t\t\t\t\t\t<\/div>\n\t\t\t\t<\/div>\n\t\t\t\t<div class=\"elementor-element elementor-element-ff8a162 elementor-icon-list--layout-traditional elementor-list-item-link-full_width elementor-widget elementor-widget-icon-list\" data-id=\"ff8a162\" data-element_type=\"widget\" data-widget_type=\"icon-list.default\">\n\t\t\t\t<div class=\"elementor-widget-container\">\n\t\t\t\t\t\t\t<ul class=\"elementor-icon-list-items\">\n\t\t\t\t\t\t\t<li class=\"elementor-icon-list-item\">\n\t\t\t\t\t\t\t\t\t\t\t<span class=\"elementor-icon-list-icon\">\n\t\t\t\t\t\t\t<i aria-hidden=\"true\" class=\"fas fa-check\"><\/i>\t\t\t\t\t\t<\/span>\n\t\t\t\t\t\t\t\t\t\t<span class=\"elementor-icon-list-text\"><b>Consultor\u00eda Econ\u00f3mica<\/b>, que abarca pol\u00edtica, regulaci\u00f3n y an\u00e1lisis de mercado.<\/span>\n\t\t\t\t\t\t\t\t\t<\/li>\n\t\t\t\t\t\t\t\t<li class=\"elementor-icon-list-item\">\n\t\t\t\t\t\t\t\t\t\t\t<span class=\"elementor-icon-list-icon\">\n\t\t\t\t\t\t\t<i aria-hidden=\"true\" class=\"fas fa-check\"><\/i>\t\t\t\t\t\t<\/span>\n\t\t\t\t\t\t\t\t\t\t<span class=\"elementor-icon-list-text\"><b>Asesoramiento en Transacciones<\/b>, que comprende cualquier tipo de apoyo t\u00e9cnico y financiero para operaciones de energ\u00eda y agua, incluyendo, entre otros, Due Diligence, previsi\u00f3n de \u00edndices, evaluaci\u00f3n de rendimiento, estructuraci\u00f3n de financiaci\u00f3n de proyectos, etc.<\/span>\n\t\t\t\t\t\t\t\t\t<\/li>\n\t\t\t\t\t\t\t\t<li class=\"elementor-icon-list-item\">\n\t\t\t\t\t\t\t\t\t\t\t<span class=\"elementor-icon-list-icon\">\n\t\t\t\t\t\t\t<i aria-hidden=\"true\" class=\"fas fa-check\"><\/i>\t\t\t\t\t\t<\/span>\n\t\t\t\t\t\t\t\t\t\t<span class=\"elementor-icon-list-text\"><b>Mejora de Operaciones de Utilities<\/b>, abordando el an\u00e1lisis y operaci\u00f3n de empresas reguladas enfoc\u00e1ndose en la gesti\u00f3n, gobernanza y mejora de KPI cr\u00edticos como p\u00e9rdidas, cobranza, desempe\u00f1o.<\/span>\n\t\t\t\t\t\t\t\t\t<\/li>\n\t\t\t\t\t\t<\/ul>\n\t\t\t\t\t\t<\/div>\n\t\t\t\t<\/div>\n\t\t\t\t<\/div>\n\t\t\t\t<\/div>\n\t\t<div class=\"elementor-element elementor-element-0e83533 e-flex e-con-boxed e-con e-parent\" data-id=\"0e83533\" data-element_type=\"container\" data-settings=\"{&quot;background_background&quot;:&quot;classic&quot;}\">\n\t\t\t\t\t<div class=\"e-con-inner\">\n\t\t<div class=\"elementor-element elementor-element-0646980 e-con-full e-flex e-con e-child\" data-id=\"0646980\" data-element_type=\"container\">\n\t\t\t\t<div class=\"elementor-element elementor-element-195a802 elementor-widget elementor-widget-heading\" data-id=\"195a802\" data-element_type=\"widget\" data-widget_type=\"heading.default\">\n\t\t\t\t<div class=\"elementor-widget-container\">\n\t\t\t\t\t<h2 class=\"elementor-heading-title elementor-size-default\">Nuestros servicios en Consultor\u00eda Estrat\u00e9gica<\/h2>\t\t\t\t<\/div>\n\t\t\t\t<\/div>\n\t\t\t\t<div class=\"elementor-element elementor-element-531b0c9 elementor-widget elementor-widget-html\" data-id=\"531b0c9\" data-element_type=\"widget\" data-widget_type=\"html.default\">\n\t\t\t\t<div class=\"elementor-widget-container\">\n\t\t\t\t\t<script>\njQuery(document).ready(function($) {\nvar delay = 100; setTimeout(function() {\n$('.elementor-tab-title').removeClass('elementor-active');\n $('.elementor-tab-content').css('display', 'none'); }, delay);\n});\n<\/script>\t\t\t\t<\/div>\n\t\t\t\t<\/div>\n\t\t\t\t<div class=\"elementor-element elementor-element-8730ff9 elementor-widget elementor-widget-accordion\" data-id=\"8730ff9\" data-element_type=\"widget\" data-widget_type=\"accordion.default\">\n\t\t\t\t<div class=\"elementor-widget-container\">\n\t\t\t\t\t\t\t<div class=\"elementor-accordion\">\n\t\t\t\t\t\t\t<div class=\"elementor-accordion-item\">\n\t\t\t\t\t<div id=\"elementor-tab-title-1411\" class=\"elementor-tab-title\" data-tab=\"1\" role=\"button\" aria-controls=\"elementor-tab-content-1411\" aria-expanded=\"false\">\n\t\t\t\t\t\t\t\t\t\t\t\t\t<span class=\"elementor-accordion-icon elementor-accordion-icon-right\" aria-hidden=\"true\">\n\t\t\t\t\t\t\t\t\t\t\t\t\t\t\t<span class=\"elementor-accordion-icon-closed\"><i class=\"fas fa-plus\"><\/i><\/span>\n\t\t\t\t\t\t\t\t<span class=\"elementor-accordion-icon-opened\"><i class=\"fas fa-minus\"><\/i><\/span>\n\t\t\t\t\t\t\t\t\t\t\t\t\t\t<\/span>\n\t\t\t\t\t\t\t\t\t\t\t\t<a class=\"elementor-accordion-title\" tabindex=\"0\">Consultor\u00eda Econ\u00f3mica y Financiera<\/a>\n\t\t\t\t\t<\/div>\n\t\t\t\t\t<div id=\"elementor-tab-content-1411\" class=\"elementor-tab-content elementor-clearfix\" data-tab=\"1\" role=\"region\" aria-labelledby=\"elementor-tab-title-1411\"><ul><li><b>Econom\u00eda de la energ\u00eda y el agua<\/b><ul><li>An\u00e1lisis Econ\u00f3mico y Regulaci\u00f3n<\/li><li>C\u00e1lculo y Dise\u00f1o de Tarifas<\/li><li>Optimizaci\u00f3n de subsidios<\/li><li>Estudios de demanda<\/li><li>Planificacion maestra<\/li><li>convenios colectivos<\/li><li>Apoyo en litigios<\/li><\/ul><\/li><\/ul><p>\u00a0<\/p><ul><li><b>Estrategia de negocios<\/b><ul><li class=\"translation-block\">Modelado Ordena\u00ae y <b>Plexos<\/b><\/li><li>Previsi\u00f3n de precios del mercado energ\u00e9tico<\/li><li>Optimizaci\u00f3n de env\u00edo<\/li><li>Evaluaci\u00f3n de inversiones<\/li><\/ul><\/li><\/ul><p>\u00a0<\/p><ul><li><b>Consultor\u00eda regulatoria <\/b><ul><li>Reestructuraci\u00f3n y desagregaci\u00f3n<\/li><li>Desarrollo de legislaci\u00f3n<\/li><li>Subastas de renovables<\/li><li>Promoci\u00f3n de ER y EE<\/li><li>Dise\u00f1o de mercados energ\u00e9ticos nacionales y regionales.<\/li><li>Estrategia Energ\u00e9tica<\/li><\/ul><\/li><\/ul><p>\u00a0<\/p><ul><li><b>Programas de desarrollo de capacidades<\/b><ul><li>Viajes de estudio<\/li><li>Capacitaci\u00f3n ad hoc<\/li><li>Desarrollo institucional<\/li><\/ul><\/li><\/ul><p>\u00a0<\/p><p><i>Usamos Energy Exemplar <\/i><i>plexos<\/i><i>\u00ae para nuestro modelado tanto en el sector de Energ\u00eda como en el de Agua. <\/i><\/p><\/div>\n\t\t\t\t<\/div>\n\t\t\t\t\t\t\t<div class=\"elementor-accordion-item\">\n\t\t\t\t\t<div id=\"elementor-tab-title-1412\" class=\"elementor-tab-title\" data-tab=\"2\" role=\"button\" aria-controls=\"elementor-tab-content-1412\" aria-expanded=\"false\">\n\t\t\t\t\t\t\t\t\t\t\t\t\t<span class=\"elementor-accordion-icon elementor-accordion-icon-right\" aria-hidden=\"true\">\n\t\t\t\t\t\t\t\t\t\t\t\t\t\t\t<span class=\"elementor-accordion-icon-closed\"><i class=\"fas fa-plus\"><\/i><\/span>\n\t\t\t\t\t\t\t\t<span class=\"elementor-accordion-icon-opened\"><i class=\"fas fa-minus\"><\/i><\/span>\n\t\t\t\t\t\t\t\t\t\t\t\t\t\t<\/span>\n\t\t\t\t\t\t\t\t\t\t\t\t<a class=\"elementor-accordion-title\" tabindex=\"0\">Asesoramiento en Transacciones<\/a>\n\t\t\t\t\t<\/div>\n\t\t\t\t\t<div id=\"elementor-tab-content-1412\" class=\"elementor-tab-content elementor-clearfix\" data-tab=\"2\" role=\"region\" aria-labelledby=\"elementor-tab-title-1412\"><ul><li><b>Estudios Previos<\/b><ul><li>Financiero y Econ\u00f3mico<\/li><li>Mercado<\/li><li>Regulador<\/li><li>T\u00e9cnico<\/li><li>Medioambiente<\/li><\/ul><\/li><\/ul><p>\u00a0<\/p><ul><li><b>Soporte de APP<\/b><ul><li>Esquemas de concesiones<\/li><li>Contratos APP<\/li><\/ul><\/li><\/ul><p>\u00a0<\/p><ul><li><b>Previsi\u00f3n de par\u00e1metros clave<\/b><ul><li>Evaluaci\u00f3n de CAPEX y OPEX<\/li><li>Previsi\u00f3n de precios a largo plazo<\/li><li>Evaluaci\u00f3n de rendimiento<\/li><li>Previsi\u00f3n de ingresos<\/li><\/ul><\/li><\/ul><p>\u00a0<\/p><ul><li><b>Estructuraci\u00f3n de capital y financiaci\u00f3n de proyectos<\/b><\/li><\/ul><p>\u00a0<\/p><p>Nuestras Due Diligences utilizan la sofisticada herramienta propia <b>Ordena<sup>\u00ae<\/sup><\/b> para el Desarrollo del Sector Energ\u00e9tico,<\/p><p>Plexus, y <b>MERUM<sup>\u00ae<\/sup><\/b> en el caso de Empresas de Redes<\/p><\/div>\n\t\t\t\t<\/div>\n\t\t\t\t\t\t\t<div class=\"elementor-accordion-item\">\n\t\t\t\t\t<div id=\"elementor-tab-title-1413\" class=\"elementor-tab-title\" data-tab=\"3\" role=\"button\" aria-controls=\"elementor-tab-content-1413\" aria-expanded=\"false\">\n\t\t\t\t\t\t\t\t\t\t\t\t\t<span class=\"elementor-accordion-icon elementor-accordion-icon-right\" aria-hidden=\"true\">\n\t\t\t\t\t\t\t\t\t\t\t\t\t\t\t<span class=\"elementor-accordion-icon-closed\"><i class=\"fas fa-plus\"><\/i><\/span>\n\t\t\t\t\t\t\t\t<span class=\"elementor-accordion-icon-opened\"><i class=\"fas fa-minus\"><\/i><\/span>\n\t\t\t\t\t\t\t\t\t\t\t\t\t\t<\/span>\n\t\t\t\t\t\t\t\t\t\t\t\t<a class=\"elementor-accordion-title\" tabindex=\"0\">Mejora de Operaciones de Utilities<\/a>\n\t\t\t\t\t<\/div>\n\t\t\t\t\t<div id=\"elementor-tab-content-1413\" class=\"elementor-tab-content elementor-clearfix\" data-tab=\"3\" role=\"region\" aria-labelledby=\"elementor-tab-title-1413\"><ul><li><b>An\u00e1lisis t\u00e9cnico<\/b><ul><li>Evaluaci\u00f3n de Sostenibilidad de Activos<\/li><li>Desarrollo y seguimiento de KPI.<\/li><li>An\u00e1lisis de resiliencia<\/li><li>Planes de reducci\u00f3n de p\u00e9rdidas<\/li><li>Planes de mejora de la calidad del servicio<\/li><\/ul><\/li><\/ul><p>\u00a0<\/p><ul><li><b>Operaciones comerciales de servicios p\u00fablicos<\/b><ul><li>Optimizaci\u00f3n empresarial<\/li><li>Operacion de negocio<\/li><li>Gesti\u00f3n de Utilities<\/li><\/ul><\/li><\/ul><p>\u00a0<\/p><ul><li><b>Programas de desarrollo de capacidades<\/b><ul><li>Viajes de estudio<\/li><li>Capacitaci\u00f3n ad hoc<\/li><li>Desarrollo institucional<\/li><\/ul><\/li><\/ul><p>\u00a0<\/p><p><i>MAI puede desplegar gerentes y expertos clave con experiencia pr\u00e1ctica para operar servicios p\u00fablicos de manera efectiva.<\/i><\/p><\/div>\n\t\t\t\t<\/div>\n\t\t\t\t\t\t\t\t<\/div>\n\t\t\t\t\t\t<\/div>\n\t\t\t\t<\/div>\n\t\t\t\t<\/div>\n\t\t\t\t\t<\/div>\n\t\t\t\t<\/div>\n\t\t<div class=\"elementor-element elementor-element-76670a3 e-flex e-con-boxed e-con e-parent\" data-id=\"76670a3\" data-element_type=\"container\">\n\t\t\t\t\t<div class=\"e-con-inner\">\n\t\t<div class=\"elementor-element elementor-element-d7e3e73 e-con-full e-flex e-con e-child\" data-id=\"d7e3e73\" data-element_type=\"container\">\n\t\t\t\t<div class=\"elementor-element elementor-element-d5d939a elementor-widget elementor-widget-text-editor\" data-id=\"d5d939a\" data-element_type=\"widget\" data-widget_type=\"text-editor.default\">\n\t\t\t\t<div class=\"elementor-widget-container\">\n\t\t\t\t\t\t\t\t\t<p>La transici\u00f3n energ\u00e9tica requiere una fuerte mejora del marco regulatorio y decisiones estrat\u00e9gicas para maximizar los beneficios de los nuevos paradigmas energ\u00e9ticos. Nuestro equipo permite el an\u00e1lisis y desarrollo de un marco justo y adecuado para el desarrollo de los mercados y transacciones de energ\u00eda.<\/p><p>Nuestros 20 a\u00f1os de experiencia en la industria nos permiten aprovechar nuestro conocimiento y recursos para brindar a gobiernos y clientes privados estrategias que puedan guiarlos con \u00e9xito a trav\u00e9s de la transici\u00f3n actual del sector energ\u00e9tico.<\/p>\t\t\t\t\t\t\t\t<\/div>\n\t\t\t\t<\/div>\n\t\t\t\t<div class=\"elementor-element elementor-element-a922a15 elementor-widget elementor-widget-image\" data-id=\"a922a15\" data-element_type=\"widget\" data-widget_type=\"image.default\">\n\t\t\t\t<div class=\"elementor-widget-container\">\n\t\t\t\t\t\t\t\t\t\t\t\t\t\t\t<img fetchpriority=\"high\" decoding=\"async\" width=\"263\" height=\"313\" src=\"https:\/\/www.mai.group\/wp-content\/uploads\/2023\/11\/LL-passport.jpg\" class=\"attachment-full size-full wp-image-13696\" alt=\"\" srcset=\"https:\/\/www.mai.group\/wp-content\/uploads\/2023\/11\/LL-passport.jpg 263w, https:\/\/www.mai.group\/wp-content\/uploads\/2023\/11\/LL-passport-252x300.jpg 252w, https:\/\/www.mai.group\/wp-content\/uploads\/2023\/11\/LL-passport-10x12.jpg 10w\" sizes=\"(max-width: 263px) 100vw, 263px\" loading=\"eager\" \/>\t\t\t\t\t\t\t\t\t\t\t\t\t\t\t<\/div>\n\t\t\t\t<\/div>\n\t\t\t\t<div class=\"elementor-element elementor-element-4c24986 elementor-widget elementor-widget-heading\" data-id=\"4c24986\" data-element_type=\"widget\" data-widget_type=\"heading.default\">\n\t\t\t\t<div class=\"elementor-widget-container\">\n\t\t\t\t\t<div class=\"elementor-heading-title elementor-size-default\">Leonardo Lupano<\/div>\t\t\t\t<\/div>\n\t\t\t\t<\/div>\n\t\t\t\t<div class=\"elementor-element elementor-element-5444b16 elementor-align-center elementor-widget elementor-widget-button\" data-id=\"5444b16\" data-element_type=\"widget\" id=\"button-lupano\" data-widget_type=\"button.default\">\n\t\t\t\t<div class=\"elementor-widget-container\">\n\t\t\t\t\t\t\t\t\t<div class=\"elementor-button-wrapper\">\n\t\t\t\t\t<a class=\"elementor-button elementor-button-link elementor-size-sm\" href=\"#\">\n\t\t\t\t\t\t<span class=\"elementor-button-content-wrapper\">\n\t\t\t\t\t\t\t\t\t<span class=\"elementor-button-text\">Contacto<\/span>\n\t\t\t\t\t<\/span>\n\t\t\t\t\t<\/a>\n\t\t\t\t<\/div>\n\t\t\t\t\t\t\t\t<\/div>\n\t\t\t\t<\/div>\n\t\t\t\t<div class=\"dce-visibility-element-hidden dce-visibility-original-content dce-visibility-event elementor-element elementor-element-5a337e8 pag-contacto elementor-widget elementor-widget-htcontactform-addons\" data-id=\"5a337e8\" data-element_type=\"widget\" data-settings=\"{&quot;enabled_visibility&quot;:&quot;yes&quot;,&quot;dce_visibility_click&quot;:&quot;#button-lupano&quot;,&quot;dce_visibility_click_show&quot;:&quot;slide&quot;,&quot;dce_visibility_click_toggle&quot;:&quot;yes&quot;,&quot;dce_visibility_selected&quot;:&quot;yes&quot;,&quot;dce_visibility_event&quot;:&quot;click&quot;,&quot;dce_visibility_event_transition_delay&quot;:400}\" data-widget_type=\"htcontactform-addons.default\">\n\t\t\t\t<div class=\"elementor-widget-container\">\n\t\t\t\t\t            <div class=\"htcontact-form-wrapper\" >\n                \n<div class=\"wpcf7 no-js\" id=\"wpcf7-f3194-o1\" lang=\"es-ES\" dir=\"ltr\" data-wpcf7-id=\"3194\">\n<div class=\"screen-reader-response\"><p role=\"status\" aria-live=\"polite\" aria-atomic=\"true\"><\/p> <ul><\/ul><\/div>\n<form action=\"\/es\/wp-json\/wp\/v2\/pages\/12352#wpcf7-f3194-o1\" method=\"post\" class=\"wpcf7-form init\" aria-label=\"Formulario de contacto\" novalidate=\"novalidate\" data-status=\"init\" data-trp-original-action=\"\/es\/wp-json\/wp\/v2\/pages\/12352#wpcf7-f3194-o1\">\n<fieldset class=\"hidden-fields-container\"><input type=\"hidden\" name=\"_wpcf7\" value=\"3194\" \/><input type=\"hidden\" name=\"_wpcf7_version\" value=\"6.1.5\" \/><input type=\"hidden\" name=\"_wpcf7_locale\" value=\"es_ES\" \/><input type=\"hidden\" name=\"_wpcf7_unit_tag\" value=\"wpcf7-f3194-o1\" \/><input type=\"hidden\" name=\"_wpcf7_container_post\" value=\"0\" \/><input type=\"hidden\" name=\"_wpcf7_posted_data_hash\" value=\"\" \/><input type=\"hidden\" name=\"_extcf7_conditional_options\" value=\"{&quot;form_id&quot;:3194,&quot;conditions&quot;:[]}\" \/><input type=\"hidden\" name=\"_extcf7_redirect_options\" value=\"{&quot;form_id&quot;:3194,&quot;redirect_options&quot;:{&quot;redirection_enable&quot;:&quot;off&quot;,&quot;custom_url_enable&quot;:&quot;off&quot;,&quot;redirect_page&quot;:&quot;&quot;,&quot;custom_urle&quot;:&quot;&quot;,&quot;redirect_new_tab&quot;:&quot;off&quot;,&quot;js_action&quot;:&quot;off&quot;,&quot;javascript_code&quot;:&quot;&quot;}}\" \/>\n<\/fieldset>\n<div class=\"wpcf7-turnstile cf-turnstile\" data-sitekey=\"0x4AAAAAAAFby3Zrs-l9qShj\" data-response-field-name=\"_wpcf7_turnstile_response\"><\/div>\n\n<p><span class=\"wpcf7-form-control-wrap\" data-name=\"your-name\"><input size=\"40\" maxlength=\"400\" class=\"wpcf7-form-control wpcf7-text wpcf7-validates-as-required uno\" aria-required=\"true\" aria-invalid=\"false\" placeholder=\"Nombre*\" value=\"\" type=\"text\" name=\"your-name\" \/><\/span><span class=\"wpcf7-form-control-wrap\" data-name=\"text-616\"><input size=\"40\" maxlength=\"400\" class=\"wpcf7-form-control wpcf7-text dos\" aria-invalid=\"false\" placeholder=\"Compa\u00f1\u00eda\" value=\"\" type=\"text\" name=\"text-616\" \/><\/span><span class=\"wpcf7-form-control-wrap\" data-name=\"tel-267\"><input size=\"40\" maxlength=\"400\" class=\"wpcf7-form-control wpcf7-tel wpcf7-validates-as-required wpcf7-text wpcf7-validates-as-tel tres\" aria-required=\"true\" aria-invalid=\"false\" placeholder=\"Tel\u00e9fono*\" value=\"\" type=\"tel\" name=\"tel-267\" \/><\/span><span class=\"wpcf7-form-control-wrap\" data-name=\"your-email\"><input size=\"40\" maxlength=\"400\" class=\"wpcf7-form-control wpcf7-email wpcf7-validates-as-required wpcf7-text wpcf7-validates-as-email cua\" aria-required=\"true\" aria-invalid=\"false\" placeholder=\"Correo electr\u00f3nico*\" value=\"\" type=\"email\" name=\"your-email\" \/><\/span><span class=\"wpcf7-form-control-wrap\" data-name=\"your-message\"><textarea cols=\"40\" rows=\"10\" maxlength=\"2000\" class=\"wpcf7-form-control wpcf7-textarea cin\" aria-invalid=\"false\" placeholder=\"Mensaje\" name=\"your-message\"><\/textarea><\/span><br \/>\n<span class=\"wpcf7-form-control-wrap\" data-name=\"acceptance-339\"><span class=\"wpcf7-form-control wpcf7-acceptance\"><span class=\"wpcf7-list-item\"><input type=\"checkbox\" name=\"acceptance-339\" value=\"1\" id=\"accept\" aria-invalid=\"false\" \/><\/span><\/span><\/span><label for=\"accept\">He le\u00eddo y acepto el <a href=\"\/es\/privacy-policy\/\" target=\"_blank\">pol\u00edtica de privacidad<\/a> y <a href=\"\/es\/legal-notice\/\" target=\"_blank\">Aviso Legal<\/a><\/label><input class=\"wpcf7-form-control wpcf7-submit has-spinner\" type=\"submit\" value=\"Enviar\" \/>\n<\/p><div class=\"wpcf7-response-output\" aria-hidden=\"true\"><\/div>\n<input type=\"hidden\" name=\"trp-form-language\" value=\"es\"\/><\/form>\n<\/div>\n            <\/div>\n\n        \t\t\t\t<\/div>\n\t\t\t\t<\/div>\n\t\t\t\t<\/div>\n\t\t\t\t\t<\/div>\n\t\t\t\t<\/div>\n\t\t<div class=\"elementor-element elementor-element-4e61fb7a e-flex e-con-boxed e-con e-parent\" data-id=\"4e61fb7a\" data-element_type=\"container\" data-settings=\"{&quot;background_background&quot;:&quot;classic&quot;}\">\n\t\t\t\t\t<div class=\"e-con-inner\">\n\t\t<div class=\"elementor-element elementor-element-43dda550 e-con-full e-flex e-con e-child\" data-id=\"43dda550\" data-element_type=\"container\">\n\t\t\t\t<div class=\"elementor-element elementor-element-71a515ed elementor-widget elementor-widget-heading\" data-id=\"71a515ed\" data-element_type=\"widget\" data-widget_type=\"heading.default\">\n\t\t\t\t<div class=\"elementor-widget-container\">\n\t\t\t\t\t<h2 class=\"elementor-heading-title elementor-size-default\">Construyendo el futuro<\/h2>\t\t\t\t<\/div>\n\t\t\t\t<\/div>\n\t\t\t\t<div class=\"elementor-element elementor-element-35b1cecc elementor-widget elementor-widget-heading\" data-id=\"35b1cecc\" data-element_type=\"widget\" data-widget_type=\"heading.default\">\n\t\t\t\t<div class=\"elementor-widget-container\">\n\t\t\t\t\t<h3 class=\"elementor-heading-title elementor-size-default\">M\u00e1s de 250 profesionales apoyando a nuestros clientes para hacer realidad sus proyectos.<\/h3>\t\t\t\t<\/div>\n\t\t\t\t<\/div>\n\t\t\t\t<div class=\"elementor-element elementor-element-2c1397ae elementor-widget elementor-widget-button\" data-id=\"2c1397ae\" data-element_type=\"widget\" data-widget_type=\"button.default\">\n\t\t\t\t<div class=\"elementor-widget-container\">\n\t\t\t\t\t\t\t\t\t<div class=\"elementor-button-wrapper\">\n\t\t\t\t\t<a class=\"elementor-button elementor-button-link elementor-size-sm\" href=\"\/es\/about-us\/\">\n\t\t\t\t\t\t<span class=\"elementor-button-content-wrapper\">\n\t\t\t\t\t\t\t\t\t<span class=\"elementor-button-text\">Sobre nosotros<\/span>\n\t\t\t\t\t<\/span>\n\t\t\t\t\t<\/a>\n\t\t\t\t<\/div>\n\t\t\t\t\t\t\t\t<\/div>\n\t\t\t\t<\/div>\n\t\t\t\t<\/div>\n\t\t\t\t\t<\/div>\n\t\t\t\t<\/div>\n\t\t<!-- dce invisible element 596c4c0 --><div class=\"elementor-element elementor-element-1527ff8 e-flex e-con-boxed e-con e-parent\" data-id=\"1527ff8\" data-element_type=\"container\">\n\t\t\t\t\t<div class=\"e-con-inner\">\n\t\t\t\t\t<\/div>\n\t\t\t\t<\/div>\n\t\t\t\t<\/div>","protected":false},"excerpt":{"rendered":"<p>Management Consulting MAI is a recognised global leader in Energy and Water management consulting. We provide governments, private clients and donors with strategies and solutions that can successfully guide them towards energy transition and resilient development, employing new technologies for a low-carbon future. We offer a comprehensive portfolio of services for all client needs within [&hellip;]<\/p>\n","protected":false},"author":10,"featured_media":0,"parent":0,"menu_order":1,"comment_status":"closed","ping_status":"closed","template":"","meta":{"_acf_changed":false,"_seopress_robots_primary_cat":"","_seopress_titles_title":"","_seopress_titles_desc":"","_seopress_robots_index":"","footnotes":""},"class_list":["post-12352","page","type-page","status-publish","hentry"],"acf":[],"_links":{"self":[{"href":"https:\/\/www.mai.group\/es\/wp-json\/wp\/v2\/pages\/12352","targetHints":{"allow":["GET"]}}],"collection":[{"href":"https:\/\/www.mai.group\/es\/wp-json\/wp\/v2\/pages"}],"about":[{"href":"https:\/\/www.mai.group\/es\/wp-json\/wp\/v2\/types\/page"}],"author":[{"embeddable":true,"href":"https:\/\/www.mai.group\/es\/wp-json\/wp\/v2\/users\/10"}],"replies":[{"embeddable":true,"href":"https:\/\/www.mai.group\/es\/wp-json\/wp\/v2\/comments?post=12352"}],"version-history":[{"count":3,"href":"https:\/\/www.mai.group\/es\/wp-json\/wp\/v2\/pages\/12352\/revisions"}],"predecessor-version":[{"id":14064,"href":"https:\/\/www.mai.group\/es\/wp-json\/wp\/v2\/pages\/12352\/revisions\/14064"}],"wp:attachment":[{"href":"https:\/\/www.mai.group\/es\/wp-json\/wp\/v2\/media?parent=12352"}],"curies":[{"name":"wp","href":"https:\/\/api.w.org\/{rel}","templated":true}]}}